{"id":8325,"date":"2026-03-19T13:56:36","date_gmt":"2026-03-19T13:56:36","guid":{"rendered":"https:\/\/www.armagallery.com\/links-arma-gallery"},"modified":"2026-04-22T15:28:27","modified_gmt":"2026-04-22T15:28:27","slug":"links-arma-gallery","status":"publish","type":"page","link":"https:\/\/www.armagallery.com\/es\/links-arma-gallery","title":{"rendered":"Links Arma Gallery"},"content":{"rendered":"\t\t<div data-elementor-type=\"wp-page\" data-elementor-id=\"8325\" class=\"elementor elementor-8325 elementor-6735\" data-elementor-post-type=\"page\">\n\t\t\t\t<div class=\"elementor-element elementor-element-a3779cb e-con-full elementor-hidden-desktop elementor-hidden-tablet e-flex e-con e-parent\" data-id=\"a3779cb\" data-element_type=\"container\" data-e-type=\"container\" data-settings=\"{&quot;background_background&quot;:&quot;video&quot;,&quot;background_video_link&quot;:&quot;https:\\\/\\\/www.youtube.com\\\/shorts\\\/lPoh8jUbIyw&quot;,&quot;background_play_on_mobile&quot;:&quot;yes&quot;,&quot;background_privacy_mode&quot;:&quot;yes&quot;}\">\n\t\t<div class=\"elementor-background-video-container\">\n\t\t\t\t\t\t\t<div class=\"elementor-background-video-embed\" role=\"presentation\"><\/div>\n\t\t\t\t\t\t<\/div>\t\t<div class=\"elementor-element elementor-element-fcc1d24 elementor-widget elementor-widget-image\" data-id=\"fcc1d24\" data-element_type=\"widget\" data-e-type=\"widget\" data-widget_type=\"image.default\">\n\t\t\t\t<div class=\"elementor-widget-container\">\n\t\t\t\t\t\t\t\t\t\t\t\t\t\t\t<img loading=\"lazy\" decoding=\"async\" width=\"1299\" height=\"1299\" src=\"https:\/\/www.armagallery.com\/wp-content\/uploads\/2025\/09\/arma-gallery-contemporary-art-site-icon.jpg\" class=\"attachment-full size-full wp-image-8326\" alt=\"\" srcset=\"https:\/\/www.armagallery.com\/wp-content\/uploads\/2025\/09\/arma-gallery-contemporary-art-site-icon.jpg 1299w, https:\/\/www.armagallery.com\/wp-content\/uploads\/2025\/09\/arma-gallery-contemporary-art-site-icon-100x100.jpg 100w, https:\/\/www.armagallery.com\/wp-content\/uploads\/2025\/09\/arma-gallery-contemporary-art-site-icon-300x300.jpg 300w, https:\/\/www.armagallery.com\/wp-content\/uploads\/2025\/09\/arma-gallery-contemporary-art-site-icon-1024x1024.jpg 1024w, https:\/\/www.armagallery.com\/wp-content\/uploads\/2025\/09\/arma-gallery-contemporary-art-site-icon-150x150.jpg 150w, https:\/\/www.armagallery.com\/wp-content\/uploads\/2025\/09\/arma-gallery-contemporary-art-site-icon-768x768.jpg 768w\" sizes=\"auto, (max-width: 1299px) 100vw, 1299px\" \/>\t\t\t\t\t\t\t\t\t\t\t\t\t\t\t<\/div>\n\t\t\t\t<\/div>\n\t\t\t\t<div class=\"elementor-element elementor-element-6c33454 elementor-widget elementor-widget-image\" data-id=\"6c33454\" data-element_type=\"widget\" data-e-type=\"widget\" data-widget_type=\"image.default\">\n\t\t\t\t<div class=\"elementor-widget-container\">\n\t\t\t\t\t\t\t\t\t\t\t\t\t\t\t\t<a href=\"https:\/\/www.artsy.net\/partner\/arma-gallery\" target=\"_blank\" rel=\"nofollow noopener\">\n\t\t\t\t\t\t\t<img loading=\"lazy\" decoding=\"async\" width=\"1000\" height=\"345\" src=\"https:\/\/www.armagallery.com\/wp-content\/uploads\/2022\/07\/arena-martinez-projects-contemporary-art-artsy-logo.png\" class=\"attachment-full size-full wp-image-692\" alt=\"Arena Martinez Projects - Contemporary Art - Artsy Logo\" srcset=\"https:\/\/www.armagallery.com\/wp-content\/uploads\/2022\/07\/arena-martinez-projects-contemporary-art-artsy-logo.png 1000w, https:\/\/www.armagallery.com\/wp-content\/uploads\/2022\/07\/arena-martinez-projects-contemporary-art-artsy-logo-600x207.png 600w, https:\/\/www.armagallery.com\/wp-content\/uploads\/2022\/07\/arena-martinez-projects-contemporary-art-artsy-logo-300x104.png 300w, https:\/\/www.armagallery.com\/wp-content\/uploads\/2022\/07\/arena-martinez-projects-contemporary-art-artsy-logo-768x265.png 768w\" sizes=\"auto, (max-width: 1000px) 100vw, 1000px\" \/>\t\t\t\t\t\t\t\t<\/a>\n\t\t\t\t\t\t\t\t\t\t\t\t\t\t\t<\/div>\n\t\t\t\t<\/div>\n\t\t\t\t<div class=\"elementor-element elementor-element-497d61e elementor-mobile-align-justify elementor-widget-mobile__width-inherit elementor-align-justify elementor-widget elementor-widget-button\" data-id=\"497d61e\" data-element_type=\"widget\" data-e-type=\"widget\" data-widget_type=\"button.default\">\n\t\t\t\t<div class=\"elementor-widget-container\">\n\t\t\t\t\t\t\t\t\t<div class=\"elementor-button-wrapper\">\n\t\t\t\t\t<a class=\"elementor-button elementor-button-link elementor-size-sm\" href=\"https:\/\/www.armagallery.com\/es\/new-subscribers\">\n\t\t\t\t\t\t<span class=\"elementor-button-content-wrapper\">\n\t\t\t\t\t\t\t\t\t<span class=\"elementor-button-text\">SUSCRIBIRSE <\/span>\n\t\t\t\t\t<\/span>\n\t\t\t\t\t<\/a>\n\t\t\t\t<\/div>\n\t\t\t\t\t\t\t\t<\/div>\n\t\t\t\t<\/div>\n\t\t\t\t<div class=\"elementor-element elementor-element-7a1c5a9 elementor-mobile-align-justify elementor-widget-mobile__width-inherit elementor-align-justify elementor-widget elementor-widget-button\" data-id=\"7a1c5a9\" data-element_type=\"widget\" data-e-type=\"widget\" data-widget_type=\"button.default\">\n\t\t\t\t<div class=\"elementor-widget-container\">\n\t\t\t\t\t\t\t\t\t<div class=\"elementor-button-wrapper\">\n\t\t\t\t\t<a class=\"elementor-button elementor-button-link elementor-size-sm\" href=\"https:\/\/www.armagallery.com\/es\">\n\t\t\t\t\t\t<span class=\"elementor-button-content-wrapper\">\n\t\t\t\t\t\t\t\t\t<span class=\"elementor-button-text\">P\u00c1GINA WEB<\/span>\n\t\t\t\t\t<\/span>\n\t\t\t\t\t<\/a>\n\t\t\t\t<\/div>\n\t\t\t\t\t\t\t\t<\/div>\n\t\t\t\t<\/div>\n\t\t\t\t<div class=\"elementor-element elementor-element-4a70339 elementor-mobile-align-justify elementor-widget-mobile__width-inherit elementor-align-justify elementor-widget__width-inherit elementor-widget elementor-widget-button\" data-id=\"4a70339\" data-element_type=\"widget\" data-e-type=\"widget\" data-widget_type=\"button.default\">\n\t\t\t\t<div class=\"elementor-widget-container\">\n\t\t\t\t\t\t\t\t\t<div class=\"elementor-button-wrapper\">\n\t\t\t\t\t<a class=\"elementor-button elementor-button-link elementor-size-sm\" href=\"https:\/\/www.artsy.net\/partner\/arma-gallery\" rel=\"nofollow noopener\" target=\"_blank\">\n\t\t\t\t\t\t<span class=\"elementor-button-content-wrapper\">\n\t\t\t\t\t\t\t\t\t<span class=\"elementor-button-text\">ARTSY<\/span>\n\t\t\t\t\t<\/span>\n\t\t\t\t\t<\/a>\n\t\t\t\t<\/div>\n\t\t\t\t\t\t\t\t<\/div>\n\t\t\t\t<\/div>\n\t\t\t\t<div class=\"elementor-element elementor-element-4a53089 elementor-mobile-align-justify elementor-widget-mobile__width-inherit elementor-align-justify elementor-widget__width-inherit elementor-widget elementor-widget-button\" data-id=\"4a53089\" data-element_type=\"widget\" data-e-type=\"widget\" data-widget_type=\"button.default\">\n\t\t\t\t<div class=\"elementor-widget-container\">\n\t\t\t\t\t\t\t\t\t<div class=\"elementor-button-wrapper\">\n\t\t\t\t\t<a class=\"elementor-button elementor-button-link elementor-size-sm\" href=\"https:\/\/www.armagallery.com\/es\/texto-curatorial\">\n\t\t\t\t\t\t<span class=\"elementor-button-content-wrapper\">\n\t\t\t\t\t\t\t\t\t<span class=\"elementor-button-text\">ROMER\u00cdA POR AGUS D\u00cdAZ V\u00c1ZQUEZ<\/span>\n\t\t\t\t\t<\/span>\n\t\t\t\t\t<\/a>\n\t\t\t\t<\/div>\n\t\t\t\t\t\t\t\t<\/div>\n\t\t\t\t<\/div>\n\t\t\t\t<div class=\"elementor-element elementor-element-8ecc0ce elementor-widget-mobile__width-inherit elementor-widget elementor-widget-n-accordion\" data-id=\"8ecc0ce\" data-element_type=\"widget\" data-e-type=\"widget\" data-settings=\"{&quot;default_state&quot;:&quot;all_collapsed&quot;,&quot;max_items_expended&quot;:&quot;one&quot;,&quot;n_accordion_animation_duration&quot;:{&quot;unit&quot;:&quot;ms&quot;,&quot;size&quot;:400,&quot;sizes&quot;:[]}}\" data-widget_type=\"nested-accordion.default\">\n\t\t\t\t<div class=\"elementor-widget-container\">\n\t\t\t\t\t\t\t<div class=\"e-n-accordion\" aria-label=\"Accordion. Open links with Enter or Space, close with Escape, and navigate with Arrow Keys\">\n\t\t\t\t\t\t<details id=\"e-n-accordion-item-1490\" class=\"e-n-accordion-item\" >\n\t\t\t\t<summary class=\"e-n-accordion-item-title\" data-accordion-index=\"1\" tabindex=\"0\" aria-expanded=\"false\" aria-controls=\"e-n-accordion-item-1490\" >\n\t\t\t\t\t<span class='e-n-accordion-item-title-header'><div class=\"e-n-accordion-item-title-text\"> ARTISTAS <\/div><\/span>\n\t\t\t\t\t\t\t\t\t<\/summary>\n\t\t\t\t<div role=\"region\" aria-labelledby=\"e-n-accordion-item-1490\" class=\"elementor-element elementor-element-a1c686b e-con-full e-flex e-con e-child\" data-id=\"a1c686b\" data-element_type=\"container\" data-e-type=\"container\">\n\t\t<div role=\"region\" aria-labelledby=\"e-n-accordion-item-1490\" class=\"elementor-element elementor-element-f81930f e-con-full e-flex e-con e-child\" data-id=\"f81930f\" data-element_type=\"container\" data-e-type=\"container\" data-settings=\"{&quot;background_background&quot;:&quot;classic&quot;}\">\n\t\t\t\t<div class=\"elementor-element elementor-element-7c18db1 elementor-widget elementor-widget-text-editor\" data-id=\"7c18db1\" data-element_type=\"widget\" data-e-type=\"widget\" data-widget_type=\"text-editor.default\">\n\t\t\t\t<div class=\"elementor-widget-container\">\n\t\t\t\t\t\t\t\t\t<p><a href=\"https:\/\/www.armagallery.com\/es\/elena-gual\">Elena Gual<\/a><br \/><a href=\"https:\/\/www.armagallery.com\/es\/jiri-hauschka\">Jiri Hauschka<\/a><br \/><a href=\"https:\/\/www.armagallery.com\/es\/wycliffe-mundopa\">Wycliffe Mundopa<\/a><br \/><a href=\"https:\/\/www.armagallery.com\/es\/jorge-nava\">Jorge Nava<\/a><br \/><a href=\"https:\/\/www.armagallery.com\/es\/luis-olaso\">Luis Olaso<\/a><br \/><a href=\"https:\/\/www.armagallery.com\/es\/juana-gonzalez\">Juana Gonz\u00e1lez<\/a><br \/><a href=\"https:\/\/www.armagallery.com\/es\/agus-diaz-vazquez\">Agus D\u00edaz V\u00e1zquez<\/a><\/p>\n\t\t\t\t\t\t\t\t<\/div>\n\t\t\t\t<\/div>\n\t\t\t\t<\/div>\n\t\t<div role=\"region\" aria-labelledby=\"e-n-accordion-item-1490\" class=\"elementor-element elementor-element-fa49a22 e-con-full e-flex e-con e-child\" data-id=\"fa49a22\" data-element_type=\"container\" data-e-type=\"container\" data-settings=\"{&quot;background_background&quot;:&quot;classic&quot;}\">\n\t\t\t\t<div class=\"elementor-element elementor-element-6754608 elementor-widget elementor-widget-text-editor\" data-id=\"6754608\" data-element_type=\"widget\" data-e-type=\"widget\" data-widget_type=\"text-editor.default\">\n\t\t\t\t<div class=\"elementor-widget-container\">\n\t\t\t\t\t\t\t\t\t<p><a href=\"https:\/\/www.armagallery.com\/es\/papartus\">Papartus<\/a><br \/><a href=\"https:\/\/www.armagallery.com\/es\/natalia-romanciuc\">Natalia Romanciuc<\/a><br \/><a href=\"https:\/\/www.armagallery.com\/es\/juan-sotomayor\">Juan Sotomayor<\/a><br \/><a href=\"https:\/\/www.armagallery.com\/es\/kyte-tatt\">Kyte Tatt<\/a><br \/><a href=\"https:\/\/www.armagallery.com\/es\/rob-woodcox\">Rob Woodcox<\/a><br \/><a href=\"https:\/\/www.armagallery.com\/es\/samuil-velev\">Samuil Velev<\/a><\/p>\n\t\t\t\t\t\t\t\t<\/div>\n\t\t\t\t<\/div>\n\t\t\t\t<\/div>\n\t\t\t\t<\/div>\n\t\t\t\t\t<\/details>\n\t\t\t\t\t<\/div>\n\t\t\t\t\t\t<\/div>\n\t\t\t\t<\/div>\n\t\t\t\t<\/div>\n\t\t<div class=\"elementor-element elementor-element-16650d4 e-con-full elementor-hidden-mobile e-flex e-con e-parent\" data-id=\"16650d4\" data-element_type=\"container\" data-e-type=\"container\" data-settings=\"{&quot;background_background&quot;:&quot;video&quot;,&quot;background_video_link&quot;:&quot;https:\\\/\\\/www.youtube.com\\\/watch?v=GBpJcyiyQX4&quot;,&quot;background_play_on_mobile&quot;:&quot;yes&quot;,&quot;background_privacy_mode&quot;:&quot;yes&quot;}\">\n\t\t<div class=\"elementor-background-video-container\">\n\t\t\t\t\t\t\t<div class=\"elementor-background-video-embed\" role=\"presentation\"><\/div>\n\t\t\t\t\t\t<\/div>\t\t<div class=\"elementor-element elementor-element-5ae6f0d elementor-widget elementor-widget-image\" data-id=\"5ae6f0d\" data-element_type=\"widget\" data-e-type=\"widget\" data-widget_type=\"image.default\">\n\t\t\t\t<div class=\"elementor-widget-container\">\n\t\t\t\t\t\t\t\t\t\t\t\t\t\t\t<img loading=\"lazy\" decoding=\"async\" width=\"1299\" height=\"1299\" src=\"https:\/\/www.armagallery.com\/wp-content\/uploads\/2025\/09\/arma-gallery-contemporary-art-site-icon.jpg\" class=\"attachment-full size-full wp-image-8326\" alt=\"\" srcset=\"https:\/\/www.armagallery.com\/wp-content\/uploads\/2025\/09\/arma-gallery-contemporary-art-site-icon.jpg 1299w, https:\/\/www.armagallery.com\/wp-content\/uploads\/2025\/09\/arma-gallery-contemporary-art-site-icon-100x100.jpg 100w, https:\/\/www.armagallery.com\/wp-content\/uploads\/2025\/09\/arma-gallery-contemporary-art-site-icon-300x300.jpg 300w, https:\/\/www.armagallery.com\/wp-content\/uploads\/2025\/09\/arma-gallery-contemporary-art-site-icon-1024x1024.jpg 1024w, https:\/\/www.armagallery.com\/wp-content\/uploads\/2025\/09\/arma-gallery-contemporary-art-site-icon-150x150.jpg 150w, https:\/\/www.armagallery.com\/wp-content\/uploads\/2025\/09\/arma-gallery-contemporary-art-site-icon-768x768.jpg 768w\" sizes=\"auto, (max-width: 1299px) 100vw, 1299px\" \/>\t\t\t\t\t\t\t\t\t\t\t\t\t\t\t<\/div>\n\t\t\t\t<\/div>\n\t\t\t\t<div class=\"elementor-element elementor-element-caef737 elementor-widget elementor-widget-image\" data-id=\"caef737\" data-element_type=\"widget\" data-e-type=\"widget\" data-widget_type=\"image.default\">\n\t\t\t\t<div class=\"elementor-widget-container\">\n\t\t\t\t\t\t\t\t\t\t\t\t\t\t\t\t<a href=\"https:\/\/www.artsy.net\/partner\/arma-gallery\" target=\"_blank\" rel=\"nofollow noopener\">\n\t\t\t\t\t\t\t<img loading=\"lazy\" decoding=\"async\" width=\"1000\" height=\"345\" src=\"https:\/\/www.armagallery.com\/wp-content\/uploads\/2022\/07\/arena-martinez-projects-contemporary-art-artsy-logo.png\" class=\"attachment-full size-full wp-image-692\" alt=\"Arena Martinez Projects - Contemporary Art - Artsy Logo\" srcset=\"https:\/\/www.armagallery.com\/wp-content\/uploads\/2022\/07\/arena-martinez-projects-contemporary-art-artsy-logo.png 1000w, https:\/\/www.armagallery.com\/wp-content\/uploads\/2022\/07\/arena-martinez-projects-contemporary-art-artsy-logo-600x207.png 600w, https:\/\/www.armagallery.com\/wp-content\/uploads\/2022\/07\/arena-martinez-projects-contemporary-art-artsy-logo-300x104.png 300w, https:\/\/www.armagallery.com\/wp-content\/uploads\/2022\/07\/arena-martinez-projects-contemporary-art-artsy-logo-768x265.png 768w\" sizes=\"auto, (max-width: 1000px) 100vw, 1000px\" \/>\t\t\t\t\t\t\t\t<\/a>\n\t\t\t\t\t\t\t\t\t\t\t\t\t\t\t<\/div>\n\t\t\t\t<\/div>\n\t\t\t\t<div class=\"elementor-element elementor-element-6c29d95 elementor-mobile-align-justify elementor-widget-mobile__width-inherit elementor-align-justify elementor-widget elementor-widget-button\" data-id=\"6c29d95\" data-element_type=\"widget\" data-e-type=\"widget\" data-widget_type=\"button.default\">\n\t\t\t\t<div class=\"elementor-widget-container\">\n\t\t\t\t\t\t\t\t\t<div class=\"elementor-button-wrapper\">\n\t\t\t\t\t<a class=\"elementor-button elementor-button-link elementor-size-sm\" href=\"https:\/\/www.armagallery.com\/es\/new-subscribers\">\n\t\t\t\t\t\t<span class=\"elementor-button-content-wrapper\">\n\t\t\t\t\t\t\t\t\t<span class=\"elementor-button-text\">SUSCRIBIRSE <\/span>\n\t\t\t\t\t<\/span>\n\t\t\t\t\t<\/a>\n\t\t\t\t<\/div>\n\t\t\t\t\t\t\t\t<\/div>\n\t\t\t\t<\/div>\n\t\t\t\t<div class=\"elementor-element elementor-element-a93e1c7 elementor-mobile-align-justify elementor-widget-mobile__width-inherit elementor-align-justify elementor-widget elementor-widget-button\" data-id=\"a93e1c7\" data-element_type=\"widget\" data-e-type=\"widget\" data-widget_type=\"button.default\">\n\t\t\t\t<div class=\"elementor-widget-container\">\n\t\t\t\t\t\t\t\t\t<div class=\"elementor-button-wrapper\">\n\t\t\t\t\t<a class=\"elementor-button elementor-button-link elementor-size-sm\" href=\"https:\/\/www.armagallery.com\/es\">\n\t\t\t\t\t\t<span class=\"elementor-button-content-wrapper\">\n\t\t\t\t\t\t\t\t\t<span class=\"elementor-button-text\">P\u00c1GINA WEB<\/span>\n\t\t\t\t\t<\/span>\n\t\t\t\t\t<\/a>\n\t\t\t\t<\/div>\n\t\t\t\t\t\t\t\t<\/div>\n\t\t\t\t<\/div>\n\t\t\t\t<div class=\"elementor-element elementor-element-d15f535 elementor-mobile-align-justify elementor-widget-mobile__width-inherit elementor-align-justify elementor-widget__width-inherit elementor-widget elementor-widget-button\" data-id=\"d15f535\" data-element_type=\"widget\" data-e-type=\"widget\" data-widget_type=\"button.default\">\n\t\t\t\t<div class=\"elementor-widget-container\">\n\t\t\t\t\t\t\t\t\t<div class=\"elementor-button-wrapper\">\n\t\t\t\t\t<a class=\"elementor-button elementor-button-link elementor-size-sm\" href=\"https:\/\/www.artsy.net\/partner\/arma-gallery\" rel=\"nofollow noopener\" target=\"_blank\">\n\t\t\t\t\t\t<span class=\"elementor-button-content-wrapper\">\n\t\t\t\t\t\t\t\t\t<span class=\"elementor-button-text\">ARTSY<\/span>\n\t\t\t\t\t<\/span>\n\t\t\t\t\t<\/a>\n\t\t\t\t<\/div>\n\t\t\t\t\t\t\t\t<\/div>\n\t\t\t\t<\/div>\n\t\t\t\t<div class=\"elementor-element elementor-element-4df524e elementor-mobile-align-justify elementor-widget-mobile__width-inherit elementor-align-justify elementor-widget__width-inherit elementor-widget elementor-widget-button\" data-id=\"4df524e\" data-element_type=\"widget\" data-e-type=\"widget\" data-widget_type=\"button.default\">\n\t\t\t\t<div class=\"elementor-widget-container\">\n\t\t\t\t\t\t\t\t\t<div class=\"elementor-button-wrapper\">\n\t\t\t\t\t<a class=\"elementor-button elementor-button-link elementor-size-sm\" href=\"https:\/\/www.armagallery.com\/es\/texto-curatorial\">\n\t\t\t\t\t\t<span class=\"elementor-button-content-wrapper\">\n\t\t\t\t\t\t\t\t\t<span class=\"elementor-button-text\">ROMER\u00cdA POR AGUS D\u00cdAZ V\u00c1ZQUEZ<\/span>\n\t\t\t\t\t<\/span>\n\t\t\t\t\t<\/a>\n\t\t\t\t<\/div>\n\t\t\t\t\t\t\t\t<\/div>\n\t\t\t\t<\/div>\n\t\t\t\t<div class=\"elementor-element elementor-element-6b602d7 elementor-widget-mobile__width-inherit elementor-widget elementor-widget-n-accordion\" data-id=\"6b602d7\" data-element_type=\"widget\" data-e-type=\"widget\" data-settings=\"{&quot;default_state&quot;:&quot;all_collapsed&quot;,&quot;max_items_expended&quot;:&quot;one&quot;,&quot;n_accordion_animation_duration&quot;:{&quot;unit&quot;:&quot;ms&quot;,&quot;size&quot;:400,&quot;sizes&quot;:[]}}\" data-widget_type=\"nested-accordion.default\">\n\t\t\t\t<div class=\"elementor-widget-container\">\n\t\t\t\t\t\t\t<div class=\"e-n-accordion\" aria-label=\"Accordion. Open links with Enter or Space, close with Escape, and navigate with Arrow Keys\">\n\t\t\t\t\t\t<details id=\"e-n-accordion-item-1120\" class=\"e-n-accordion-item\" >\n\t\t\t\t<summary class=\"e-n-accordion-item-title\" data-accordion-index=\"1\" tabindex=\"0\" aria-expanded=\"false\" aria-controls=\"e-n-accordion-item-1120\" >\n\t\t\t\t\t<span class='e-n-accordion-item-title-header'><div class=\"e-n-accordion-item-title-text\"> ARTISTAS <\/div><\/span>\n\t\t\t\t\t\t\t\t\t<\/summary>\n\t\t\t\t<div role=\"region\" aria-labelledby=\"e-n-accordion-item-1120\" class=\"elementor-element elementor-element-581cb07 e-con-full e-flex e-con e-child\" data-id=\"581cb07\" data-element_type=\"container\" data-e-type=\"container\">\n\t\t<div role=\"region\" aria-labelledby=\"e-n-accordion-item-1120\" class=\"elementor-element elementor-element-1baccaa e-con-full e-flex e-con e-child\" data-id=\"1baccaa\" data-element_type=\"container\" data-e-type=\"container\" data-settings=\"{&quot;background_background&quot;:&quot;classic&quot;}\">\n\t\t\t\t<div class=\"elementor-element elementor-element-f47321a elementor-widget elementor-widget-text-editor\" data-id=\"f47321a\" data-element_type=\"widget\" data-e-type=\"widget\" data-widget_type=\"text-editor.default\">\n\t\t\t\t<div class=\"elementor-widget-container\">\n\t\t\t\t\t\t\t\t\t<p><a href=\"https:\/\/www.armagallery.com\/es\/elena-gual\">Elena Gual<\/a><br \/><a href=\"https:\/\/www.armagallery.com\/es\/jiri-hauschka\">Jiri Hauschka<\/a><br \/><a href=\"https:\/\/www.armagallery.com\/es\/wycliffe-mundopa\">Wycliffe Mundopa<\/a><br \/><a href=\"https:\/\/www.armagallery.com\/es\/jorge-nava\">Jorge Nava<\/a><br \/><a href=\"https:\/\/www.armagallery.com\/es\/luis-olaso\">Luis Olaso<\/a><br \/><a href=\"https:\/\/www.armagallery.com\/es\/juana-gonzalez\">Juana Gonz\u00e1lez<\/a><br \/><a href=\"https:\/\/www.armagallery.com\/es\/agus-diaz-vazquez\">Agus D\u00edaz V\u00e1zquez<\/a><\/p>\n\t\t\t\t\t\t\t\t<\/div>\n\t\t\t\t<\/div>\n\t\t\t\t<\/div>\n\t\t<div role=\"region\" aria-labelledby=\"e-n-accordion-item-1120\" class=\"elementor-element elementor-element-2bc145a e-con-full e-flex e-con e-child\" data-id=\"2bc145a\" data-element_type=\"container\" data-e-type=\"container\" data-settings=\"{&quot;background_background&quot;:&quot;classic&quot;}\">\n\t\t\t\t<div class=\"elementor-element elementor-element-857672e elementor-widget elementor-widget-text-editor\" data-id=\"857672e\" data-element_type=\"widget\" data-e-type=\"widget\" data-widget_type=\"text-editor.default\">\n\t\t\t\t<div class=\"elementor-widget-container\">\n\t\t\t\t\t\t\t\t\t<p><a href=\"https:\/\/www.armagallery.com\/es\/papartus\">Papartus<\/a><br \/><a href=\"https:\/\/www.armagallery.com\/es\/natalia-romanciuc\">Natalia Romanciuc<\/a><br \/><a href=\"https:\/\/www.armagallery.com\/es\/juan-sotomayor\">Juan Sotomayor<\/a><br \/><a href=\"https:\/\/www.armagallery.com\/es\/kyte-tatt\">Kyte Tatt<\/a><br \/><a href=\"https:\/\/www.armagallery.com\/es\/rob-woodcox\">Rob Woodcox<\/a><br \/><a href=\"https:\/\/www.armagallery.com\/es\/samuil-velev\">Samuil Velev<\/a><\/p>\n\t\t\t\t\t\t\t\t<\/div>\n\t\t\t\t<\/div>\n\t\t\t\t<\/div>\n\t\t\t\t<\/div>\n\t\t\t\t\t<\/details>\n\t\t\t\t\t<\/div>\n\t\t\t\t\t\t<\/div>\n\t\t\t\t<\/div>\n\t\t\t\t<\/div>\n\t\t\t\t<\/div>\n\t\t","protected":false},"excerpt":{"rendered":"<p>SUSCRIBIRSE P\u00c1GINA WEB ARTSY ROMER\u00cdA POR AGUS D\u00cdAZ V\u00c1ZQUEZ ARTISTAS Elena GualJiri HauschkaWycliffe MundopaJorge NavaLuis OlasoJuana Gonz\u00e1lezAgus D\u00edaz V\u00e1zquez PapartusNatalia RomanciucJuan SotomayorKyte TattRob WoodcoxSamuil Velev Elena GualJiri HauschkaWycliffe MundopaJorge NavaLuis OlasoJuana Gonz\u00e1lezAgus D\u00edaz V\u00e1zquez PapartusNatalia RomanciucJuan SotomayorKyte TattRob WoodcoxSamuil Velev SUSCRIBIRSE P\u00c1GINA WEB ARTSY ROMER\u00cdA POR AGUS D\u00cdAZ V\u00c1ZQUEZ ARTISTAS Elena GualJiri HauschkaWycliffe MundopaJorge NavaLuis [&hellip;]<\/p>\n","protected":false},"author":4,"featured_media":0,"parent":0,"menu_order":0,"comment_status":"closed","ping_status":"closed","template":"elementor_canvas","meta":{"footnotes":""},"class_list":["post-8325","page","type-page","status-publish","hentry"],"_links":{"self":[{"href":"https:\/\/www.armagallery.com\/es\/wp-json\/wp\/v2\/pages\/8325","targetHints":{"allow":["GET"]}}],"collection":[{"href":"https:\/\/www.armagallery.com\/es\/wp-json\/wp\/v2\/pages"}],"about":[{"href":"https:\/\/www.armagallery.com\/es\/wp-json\/wp\/v2\/types\/page"}],"author":[{"embeddable":true,"href":"https:\/\/www.armagallery.com\/es\/wp-json\/wp\/v2\/users\/4"}],"replies":[{"embeddable":true,"href":"https:\/\/www.armagallery.com\/es\/wp-json\/wp\/v2\/comments?post=8325"}],"version-history":[{"count":2,"href":"https:\/\/www.armagallery.com\/es\/wp-json\/wp\/v2\/pages\/8325\/revisions"}],"predecessor-version":[{"id":8728,"href":"https:\/\/www.armagallery.com\/es\/wp-json\/wp\/v2\/pages\/8325\/revisions\/8728"}],"wp:attachment":[{"href":"https:\/\/www.armagallery.com\/es\/wp-json\/wp\/v2\/media?parent=8325"}],"curies":[{"name":"wp","href":"https:\/\/api.w.org\/{rel}","templated":true}]}}