{"id":7130,"date":"2025-10-23T14:47:31","date_gmt":"2025-10-23T14:47:31","guid":{"rendered":"https:\/\/www.armagallery.com\/texto-curatorial"},"modified":"2026-04-22T14:00:10","modified_gmt":"2026-04-22T14:00:10","slug":"texto-curatorial","status":"publish","type":"page","link":"https:\/\/www.armagallery.com\/es\/texto-curatorial","title":{"rendered":"Texto Curatorial"},"content":{"rendered":"\t\t<div data-elementor-type=\"wp-page\" data-elementor-id=\"7130\" class=\"elementor elementor-7130 elementor-7112\" data-elementor-post-type=\"page\">\n\t\t\t\t<div class=\"elementor-element elementor-element-dae2e71 e-flex e-con-boxed e-con e-parent\" data-id=\"dae2e71\" data-element_type=\"container\" data-e-type=\"container\">\n\t\t\t\t\t<div class=\"e-con-inner\">\n\t\t\t\t<div class=\"elementor-element elementor-element-38bbe5f elementor-widget elementor-widget-wpml-language-switcher\" data-id=\"38bbe5f\" data-element_type=\"widget\" data-e-type=\"widget\" data-widget_type=\"wpml-language-switcher.default\">\n\t\t\t\t<div class=\"elementor-widget-container\">\n\t\t\t\t\t<div class=\"wpml-elementor-ls\">\n<div role=\"navigation\" aria-label=\"Selector de idioma\" class=\"wpml-ls-statics-shortcode_actions wpml-ls wpml-ls-legacy-list-horizontal\">\n\t<ul><li class=\"wpml-ls-slot-shortcode_actions wpml-ls-item wpml-ls-item-en wpml-ls-first-item wpml-ls-item-legacy-list-horizontal\">\n\t\t\t\t<a href=\"https:\/\/www.armagallery.com\/\" hreflang=\"en\" lang=\"en\" class=\"wpml-ls-link\" aria-label=\"Cambiar a Ingl\u00e9s (English)\" title=\"Cambiar a Ingl\u00e9s (English)\">\n\t\t\t\t\t                                    <img decoding=\"async\"\n            class=\"wpml-ls-flag\"\n            src=\"https:\/\/www.armagallery.com\/wp-content\/plugins\/sitepress-multilingual-cms\/res\/flags\/en.svg\"\n            alt=\"\"\n            loading=\"lazy\"\n            width=18\n            height=12\n    \/><span class=\"wpml-ls-native\">English<\/span><span class=\"wpml-ls-display\"><span class=\"wpml-ls-bracket\"> (<\/span>Ingl\u00e9s<span class=\"wpml-ls-bracket\">)<\/span><\/span><\/a>\n\t\t\t<\/li><li class=\"wpml-ls-slot-shortcode_actions wpml-ls-item wpml-ls-item-es wpml-ls-current-language wpml-ls-last-item wpml-ls-item-legacy-list-horizontal\">\n\t\t\t\t<a href=\"https:\/\/www.armagallery.com\/es\" hreflang=\"es\" lang=\"es\" class=\"wpml-ls-link\" aria-current=\"page\" aria-label=\"Cambiar a Espa\u00f1ol (Espa\u00f1ol)\" title=\"Cambiar a Espa\u00f1ol (Espa\u00f1ol)\">\n\t\t\t\t\t                                    <img decoding=\"async\"\n            class=\"wpml-ls-flag\"\n            src=\"https:\/\/www.armagallery.com\/wp-content\/plugins\/sitepress-multilingual-cms\/res\/flags\/es.svg\"\n            alt=\"\"\n            loading=\"lazy\"\n            width=18\n            height=12\n    \/><span class=\"wpml-ls-native\">Espa\u00f1ol<\/span><\/a>\n\t\t\t<\/li><\/ul>\n<\/div>\n<\/div>\t\t\t\t<\/div>\n\t\t\t\t<\/div>\n\t\t\t\t<div class=\"elementor-element elementor-element-2f00680 elementor-widget elementor-widget-image\" data-id=\"2f00680\" data-element_type=\"widget\" data-e-type=\"widget\" data-widget_type=\"image.default\">\n\t\t\t\t<div class=\"elementor-widget-container\">\n\t\t\t\t\t\t\t\t\t\t\t\t\t\t\t<img loading=\"lazy\" decoding=\"async\" width=\"2048\" height=\"1366\" src=\"https:\/\/www.armagallery.com\/wp-content\/uploads\/2026\/04\/arma-gallery-contemporary-art-solo-show-agus-diaz-vazquez-romeria.jpeg\" class=\"attachment-full size-full wp-image-8575\" alt=\"ARMA GALLERY - Contemporary Art - Solo Show Agus D\u00edaz V\u00e1zquez - Romer\u00eda\" srcset=\"https:\/\/www.armagallery.com\/wp-content\/uploads\/2026\/04\/arma-gallery-contemporary-art-solo-show-agus-diaz-vazquez-romeria.jpeg 2048w, https:\/\/www.armagallery.com\/wp-content\/uploads\/2026\/04\/arma-gallery-contemporary-art-solo-show-agus-diaz-vazquez-romeria-300x200.jpeg 300w, https:\/\/www.armagallery.com\/wp-content\/uploads\/2026\/04\/arma-gallery-contemporary-art-solo-show-agus-diaz-vazquez-romeria-1024x683.jpeg 1024w, https:\/\/www.armagallery.com\/wp-content\/uploads\/2026\/04\/arma-gallery-contemporary-art-solo-show-agus-diaz-vazquez-romeria-768x512.jpeg 768w, https:\/\/www.armagallery.com\/wp-content\/uploads\/2026\/04\/arma-gallery-contemporary-art-solo-show-agus-diaz-vazquez-romeria-1536x1025.jpeg 1536w, https:\/\/www.armagallery.com\/wp-content\/uploads\/2026\/04\/arma-gallery-contemporary-art-solo-show-agus-diaz-vazquez-romeria-2000x1334.jpeg 2000w\" sizes=\"auto, (max-width: 2048px) 100vw, 2048px\" \/>\t\t\t\t\t\t\t\t\t\t\t\t\t\t\t<\/div>\n\t\t\t\t<\/div>\n\t\t\t\t<div class=\"elementor-element elementor-element-e343326 elementor-widget elementor-widget-heading\" data-id=\"e343326\" data-element_type=\"widget\" data-e-type=\"widget\" data-widget_type=\"heading.default\">\n\t\t\t\t<div class=\"elementor-widget-container\">\n\t\t\t\t\t<h2 class=\"elementor-heading-title elementor-size-default\">ROMER\u00cdA<\/h2>\t\t\t\t<\/div>\n\t\t\t\t<\/div>\n\t\t\t\t<div class=\"elementor-element elementor-element-53d4fd2 elementor-widget elementor-widget-heading\" data-id=\"53d4fd2\" data-element_type=\"widget\" data-e-type=\"widget\" data-widget_type=\"heading.default\">\n\t\t\t\t<div class=\"elementor-widget-container\">\n\t\t\t\t\t<h2 class=\"elementor-heading-title elementor-size-default\">AGUS D\u00cdAZ V\u00c1ZQUEZ - Huelva, 1987<\/h2>\t\t\t\t<\/div>\n\t\t\t\t<\/div>\n\t\t\t\t<div class=\"elementor-element elementor-element-16210c7 elementor-widget elementor-widget-text-editor\" data-id=\"16210c7\" data-element_type=\"widget\" data-e-type=\"widget\" data-widget_type=\"text-editor.default\">\n\t\t\t\t<div class=\"elementor-widget-container\">\n\t\t\t\t\t\t\t\t\t<p>Hay algo en la obra de Agus D\u00edaz V\u00e1zquez que no est\u00e1 hecho para entenderse del todo.<\/p>\n<p>M\u00e1s bien pasa al rev\u00e9s: primero se siente, y luego (si acaso) se intenta entender. Desde ah\u00ed, Romer\u00eda propone acercarse a su trabajo no como algo que hay que descifrar, sino como algo que se va recorriendo.<\/p>\n<p>Esta forma de trabajar tiene mucho, o todo que ver con las referencias que est\u00e1n en el universo de Agus, donde lo importante no es lo que se muestra del todo, sino lo que se intuye.<\/p>\n<p>En Seda, por ejemplo, lo esencial nunca se dice completamente, pero est\u00e1 presente todo el tiempo. En El manantial de Federico Garc\u00eda Lorca aparece esa sensaci\u00f3n de reconocer algo sin poder explicarlo \u201cmi coraz\u00f3n no entiende nada\u201d que se siente muy cercana a la experiencia de esta obra.<\/p>\n<p>Tambi\u00e9n est\u00e1n estas figuras de lo popular, como la marimanta, que no terminan de tener forma clara, pero est\u00e1n ah\u00ed, generando una presencia dif\u00edcil de definir.<\/p>\n<p>Y luego est\u00e1n dos cosas que para m\u00ed terminaron de amarrar todo: la romer\u00eda y la estrella.<\/p>\n<p>La romer\u00eda entendida como ese camino que se recorre sin tener claro el destino, pero con la certeza de que existe. Y la estrella, en la canci\u00f3n de Enrique Morente, no como algo que te explica el camino, sino como algo que te gu\u00eda sin necesidad de entenderlo.<\/p>\n<p>Desde ah\u00ed, el t\u00edtulo no es decorativo. Es la forma en la que se logr\u00f3 sostener todo el proyecto: avanzar sin ver del todo, pero seguir igual.<\/p>\n<p>Esto permite alejar la obra de lecturas obvias o descriptivas y llevarla a un lugar m\u00e1s dif\u00edcil de explicar, pero mucho m\u00e1s cercano a la experiencia.<\/p>\n<p>M\u00e1s que explicar las piezas, lo que busco es abrir una forma de estar frente a ellas.<\/p>\n<p>Comisariado: <strong>Letma Elvira<\/strong><\/p>\n\t\t\t\t\t\t\t\t<\/div>\n\t\t\t\t<\/div>\n\t\t\t\t<div class=\"elementor-element elementor-element-35ae33f elementor-widget elementor-widget-button\" data-id=\"35ae33f\" data-element_type=\"widget\" data-e-type=\"widget\" data-widget_type=\"button.default\">\n\t\t\t\t<div class=\"elementor-widget-container\">\n\t\t\t\t\t\t\t\t\t<div class=\"elementor-button-wrapper\">\n\t\t\t\t\t<a class=\"elementor-button elementor-button-link elementor-size-sm\" href=\"mailto:info@armagallery.com?subject=Request%20for%20%22Romer%C3%ADa%22%20Exhibition%20Dossier%20%7C%20Agus%20D%C3%ADaz%20V%C3%A1zquez&#038;body=I%20am%20interested%20in%20receiving%20the%20digital%20dossier%20for%20the%20exhibition%20%22Romer%C3%ADa%22%20by%20Agus%20D%C3%ADaz%20V%C3%A1zquez.\">\n\t\t\t\t\t\t<span class=\"elementor-button-content-wrapper\">\n\t\t\t\t\t\t\t\t\t<span class=\"elementor-button-text\">Solicitar dossier<\/span>\n\t\t\t\t\t<\/span>\n\t\t\t\t\t<\/a>\n\t\t\t\t<\/div>\n\t\t\t\t\t\t\t\t<\/div>\n\t\t\t\t<\/div>\n\t\t\t\t\t<\/div>\n\t\t\t\t<\/div>\n\t\t\t\t<\/div>\n\t\t","protected":false},"excerpt":{"rendered":"<p>English Espa\u00f1ol (Spanish) ROMER\u00cdA AGUS D\u00cdAZ V\u00c1ZQUEZ &#8211; Huelva, 1987 Hay algo en la obra de Agus D\u00edaz V\u00e1zquez que no est\u00e1 hecho para entenderse del todo. M\u00e1s bien pasa al rev\u00e9s: primero se siente, y luego (si acaso) se intenta entender. Desde ah\u00ed, Romer\u00eda propone acercarse a su trabajo no como algo que hay [&hellip;]<\/p>\n","protected":false},"author":4,"featured_media":0,"parent":0,"menu_order":0,"comment_status":"closed","ping_status":"closed","template":"","meta":{"footnotes":""},"class_list":["post-7130","page","type-page","status-publish","hentry"],"_links":{"self":[{"href":"https:\/\/www.armagallery.com\/es\/wp-json\/wp\/v2\/pages\/7130","targetHints":{"allow":["GET"]}}],"collection":[{"href":"https:\/\/www.armagallery.com\/es\/wp-json\/wp\/v2\/pages"}],"about":[{"href":"https:\/\/www.armagallery.com\/es\/wp-json\/wp\/v2\/types\/page"}],"author":[{"embeddable":true,"href":"https:\/\/www.armagallery.com\/es\/wp-json\/wp\/v2\/users\/4"}],"replies":[{"embeddable":true,"href":"https:\/\/www.armagallery.com\/es\/wp-json\/wp\/v2\/comments?post=7130"}],"version-history":[{"count":3,"href":"https:\/\/www.armagallery.com\/es\/wp-json\/wp\/v2\/pages\/7130\/revisions"}],"predecessor-version":[{"id":8577,"href":"https:\/\/www.armagallery.com\/es\/wp-json\/wp\/v2\/pages\/7130\/revisions\/8577"}],"wp:attachment":[{"href":"https:\/\/www.armagallery.com\/es\/wp-json\/wp\/v2\/media?parent=7130"}],"curies":[{"name":"wp","href":"https:\/\/api.w.org\/{rel}","templated":true}]}}