{"id":4991,"date":"2024-10-29T12:05:37","date_gmt":"2024-10-29T12:05:37","guid":{"rendered":"https:\/\/www.armagallery.com\/emanuele-tozzoli"},"modified":"2026-03-18T16:26:47","modified_gmt":"2026-03-18T16:26:47","slug":"emanuele-tozzoli","status":"publish","type":"page","link":"https:\/\/www.armagallery.com\/es\/emanuele-tozzoli","title":{"rendered":"Emanuele Tozzoli"},"content":{"rendered":"\t\t<div data-elementor-type=\"wp-page\" data-elementor-id=\"4991\" class=\"elementor elementor-4991 elementor-4970\" data-elementor-post-type=\"page\">\n\t\t\t\t<div class=\"elementor-element elementor-element-24a32d1 e-flex e-con-boxed e-con e-parent\" data-id=\"24a32d1\" data-element_type=\"container\" data-e-type=\"container\">\n\t\t\t\t\t<div class=\"e-con-inner\">\n\t\t<div class=\"elementor-element elementor-element-5f7b6ca e-con-full e-flex e-con e-child\" data-id=\"5f7b6ca\" data-element_type=\"container\" data-e-type=\"container\">\n\t\t<div class=\"elementor-element elementor-element-6cd46e3 e-con-full e-flex e-con e-child\" data-id=\"6cd46e3\" data-element_type=\"container\" data-e-type=\"container\">\n\t\t\t\t<div class=\"elementor-element elementor-element-9a0aff5 elementor-widget elementor-widget-heading\" data-id=\"9a0aff5\" data-element_type=\"widget\" data-e-type=\"widget\" id=\"emanuele-tozzoli-bio-top\" data-widget_type=\"heading.default\">\n\t\t\t\t<div class=\"elementor-widget-container\">\n\t\t\t\t\t<h2 class=\"elementor-heading-title elementor-size-default\">EMANUELE TOZZOLI<\/h2>\t\t\t\t<\/div>\n\t\t\t\t<\/div>\n\t\t\t\t<div class=\"elementor-element elementor-element-53a5694 elementor-widget elementor-widget-heading\" data-id=\"53a5694\" data-element_type=\"widget\" data-e-type=\"widget\" data-widget_type=\"heading.default\">\n\t\t\t\t<div class=\"elementor-widget-container\">\n\t\t\t\t\t<h2 class=\"elementor-heading-title elementor-size-default\"><a href=\"#bio-emanuele-tozzoli\">BIOGRAF\u00cdA<\/a><\/h2>\t\t\t\t<\/div>\n\t\t\t\t<\/div>\n\t\t\t\t<div class=\"elementor-element elementor-element-d3cf8e3 elementor-widget elementor-widget-heading\" data-id=\"d3cf8e3\" data-element_type=\"widget\" data-e-type=\"widget\" data-widget_type=\"heading.default\">\n\t\t\t\t<div class=\"elementor-widget-container\">\n\t\t\t\t\t<h2 class=\"elementor-heading-title elementor-size-default\"><a href=\"#emanuele-tozzoli-artworks\">OBRAS<\/a><\/h2>\t\t\t\t<\/div>\n\t\t\t\t<\/div>\n\t\t\t\t<div class=\"elementor-element elementor-element-e8a7b6d elementor-widget elementor-widget-heading\" data-id=\"e8a7b6d\" data-element_type=\"widget\" data-e-type=\"widget\" data-widget_type=\"heading.default\">\n\t\t\t\t<div class=\"elementor-widget-container\">\n\t\t\t\t\t<h2 class=\"elementor-heading-title elementor-size-default\"><a href=\"#emanuele-tozzoli-exhibitions\">EXPOSICIONES<\/a><\/h2>\t\t\t\t<\/div>\n\t\t\t\t<\/div>\n\t\t\t\t<div class=\"elementor-element elementor-element-2fc1e42 elementor-widget elementor-widget-heading\" data-id=\"2fc1e42\" data-element_type=\"widget\" data-e-type=\"widget\" data-widget_type=\"heading.default\">\n\t\t\t\t<div class=\"elementor-widget-container\">\n\t\t\t\t\t<h2 class=\"elementor-heading-title elementor-size-default\"><a href=\"#emanuele-tozzoli-contact\">CONTACTO<\/a><\/h2>\t\t\t\t<\/div>\n\t\t\t\t<\/div>\n\t\t\t\t<div class=\"elementor-element elementor-element-57d34d2 elementor-widget elementor-widget-heading\" data-id=\"57d34d2\" data-element_type=\"widget\" data-e-type=\"widget\" data-widget_type=\"heading.default\">\n\t\t\t\t<div class=\"elementor-widget-container\">\n\t\t\t\t\t<h2 class=\"elementor-heading-title elementor-size-default\"><a href=\"#emanuele-tozzoli-cv\">CV<\/a><\/h2>\t\t\t\t<\/div>\n\t\t\t\t<\/div>\n\t\t\t\t<\/div>\n\t\t<div class=\"elementor-element elementor-element-211f04b e-con-full e-flex e-con e-child\" data-id=\"211f04b\" data-element_type=\"container\" data-e-type=\"container\">\n\t\t\t\t<div class=\"elementor-element elementor-element-016d00e elementor-widget elementor-widget-image\" data-id=\"016d00e\" data-element_type=\"widget\" data-e-type=\"widget\" data-widget_type=\"image.default\">\n\t\t\t\t<div class=\"elementor-widget-container\">\n\t\t\t\t\t\t\t\t\t\t\t\t\t\t\t<img loading=\"lazy\" decoding=\"async\" width=\"1500\" height=\"1500\" src=\"https:\/\/www.armagallery.com\/wp-content\/uploads\/2024\/10\/arma-gallery-contemporary-art-artist-emanuele-tozzoli-2.jpg\" class=\"attachment-full size-full wp-image-4968\" alt=\"Arma Gallery - Contemporary art - Artist - Emanuele Tozzoli -2\" \/>\t\t\t\t\t\t\t\t\t\t\t\t\t\t\t<\/div>\n\t\t\t\t<\/div>\n\t\t\t\t<\/div>\n\t\t\t\t<\/div>\n\t\t<div class=\"elementor-element elementor-element-6cba1a5 e-con-full e-flex e-con e-child\" data-id=\"6cba1a5\" data-element_type=\"container\" data-e-type=\"container\">\n\t\t<div class=\"elementor-element elementor-element-b002273 e-con-full e-flex e-con e-child\" data-id=\"b002273\" data-element_type=\"container\" data-e-type=\"container\">\n\t\t\t\t<div class=\"elementor-element elementor-element-e409827 elementor-widget elementor-widget-image\" data-id=\"e409827\" data-element_type=\"widget\" data-e-type=\"widget\" data-widget_type=\"image.default\">\n\t\t\t\t<div class=\"elementor-widget-container\">\n\t\t\t\t\t\t\t\t\t\t\t\t\t\t\t<img loading=\"lazy\" decoding=\"async\" width=\"1707\" height=\"2560\" src=\"https:\/\/www.armagallery.com\/wp-content\/uploads\/2024\/10\/arma-gallery-contemporary-art-artist-emanuele-tozzoli-9-scaled.jpg\" class=\"attachment-full size-full wp-image-4952\" alt=\"Arma Gallery - Contemporary art - Artist - Emanuele Tozzoli - 9 - scaled\" srcset=\"https:\/\/www.armagallery.com\/wp-content\/uploads\/2024\/10\/arma-gallery-contemporary-art-artist-emanuele-tozzoli-9-scaled.jpg 1707w, https:\/\/www.armagallery.com\/wp-content\/uploads\/2024\/10\/arma-gallery-contemporary-art-artist-emanuele-tozzoli-9-scaled-1500x2250.jpg 1500w, https:\/\/www.armagallery.com\/wp-content\/uploads\/2024\/10\/arma-gallery-contemporary-art-artist-emanuele-tozzoli-9-200x300.jpg 200w, https:\/\/www.armagallery.com\/wp-content\/uploads\/2024\/10\/arma-gallery-contemporary-art-artist-emanuele-tozzoli-9-683x1024.jpg 683w, https:\/\/www.armagallery.com\/wp-content\/uploads\/2024\/10\/arma-gallery-contemporary-art-artist-emanuele-tozzoli-9-768x1152.jpg 768w, https:\/\/www.armagallery.com\/wp-content\/uploads\/2024\/10\/arma-gallery-contemporary-art-artist-emanuele-tozzoli-9-1024x1536.jpg 1024w, https:\/\/www.armagallery.com\/wp-content\/uploads\/2024\/10\/arma-gallery-contemporary-art-artist-emanuele-tozzoli-9-1365x2048.jpg 1365w\" sizes=\"auto, (max-width: 1707px) 100vw, 1707px\" \/>\t\t\t\t\t\t\t\t\t\t\t\t\t\t\t<\/div>\n\t\t\t\t<\/div>\n\t\t\t\t<\/div>\n\t\t<div class=\"elementor-element elementor-element-1070968 e-con-full e-flex e-con e-child\" data-id=\"1070968\" data-element_type=\"container\" data-e-type=\"container\">\n\t\t\t\t<div class=\"elementor-element elementor-element-939584c elementor-widget elementor-widget-text-editor\" data-id=\"939584c\" data-element_type=\"widget\" data-e-type=\"widget\" id=\"bio-emanuele-tozzoli\" data-widget_type=\"text-editor.default\">\n\t\t\t\t<div class=\"elementor-widget-container\">\n\t\t\t\t\t\t\t\t\t<p><span style=\"font-weight: 400;\">Emanuele Tozzoli es un artista italiano de medios mixtos cuya obra combina la abstracci\u00f3n, el cubismo y el impresionismo, creando piezas de fuerte impacto emocional y visual. Creci\u00f3 bajo la influencia de su padre, Dario Tozzoli, reconocido pintor y escultor, y desde joven se sumergi\u00f3 en la pintura y la escultura, desarrollando un enfoque t\u00e1ctil e instintivo que define su pr\u00e1ctica art\u00edstica hasta hoy. <\/span><\/p>\n\t\t\t\t\t\t\t\t<\/div>\n\t\t\t\t<\/div>\n\t\t\t\t<\/div>\n\t\t\t\t<\/div>\n\t\t<div class=\"elementor-element elementor-element-5a55f43 e-con-full e-flex e-con e-child\" data-id=\"5a55f43\" data-element_type=\"container\" data-e-type=\"container\">\n\t\t\t\t<div class=\"elementor-element elementor-element-a705f85 elementor-widget elementor-widget-text-editor\" data-id=\"a705f85\" data-element_type=\"widget\" data-e-type=\"widget\" data-widget_type=\"text-editor.default\">\n\t\t\t\t<div class=\"elementor-widget-container\">\n\t\t\t\t\t\t\t\t\t<p><span style=\"font-weight: 400;\">Su proceso creativo es profundamente visceral. A trav\u00e9s del uso de acr\u00edlicos, spray, pasteles al \u00f3leo y collage, Tozzoli construye composiciones que evocan mundos on\u00edricos y simb\u00f3licos. Los motivos recurrentes en su obra reflejan su exploraci\u00f3n de temas inconscientes y arquetipos, describiendo su trabajo como \u201cun camino profundo de apertura y conocimiento,\u201d que materializa un paisaje interior introspectivo y exuberante. <\/span><\/p>\n<p><span style=\"font-weight: 400;\">Ha expuesto internacionalmente en espacios como Galerie Benjamin Eck en M\u00fanich, The Curators en Nueva York, Mika Gallery en Tel Aviv y Le Dame Art Gallery en Londres. Sus obras forman parte de colecciones p\u00fablicas y privadas en todo el mundo, incluyendo el Museo Ilana Goor, el Museo de Arte Moderno de Guinea Ecuatorial y la Fundaci\u00f3n Llu\u00eds Coromina. <\/span><\/p>\n\t\t\t\t\t\t\t\t<\/div>\n\t\t\t\t<\/div>\n\t\t\t\t<\/div>\n\t\t<div class=\"elementor-element elementor-element-40fbadb e-con-full e-flex e-con e-child\" data-id=\"40fbadb\" data-element_type=\"container\" data-e-type=\"container\">\n\t\t\t\t<div class=\"elementor-element elementor-element-4840450 elementor-widget elementor-widget-image\" data-id=\"4840450\" data-element_type=\"widget\" data-e-type=\"widget\" data-widget_type=\"image.default\">\n\t\t\t\t<div class=\"elementor-widget-container\">\n\t\t\t\t\t\t\t\t\t\t\t\t\t\t\t<img loading=\"lazy\" decoding=\"async\" width=\"800\" height=\"533\" src=\"https:\/\/www.armagallery.com\/wp-content\/uploads\/2024\/10\/arma-gallery-contemporary-art-artist-emanuele-tozzoli-8.jpg\" class=\"attachment-large size-large wp-image-4956\" alt=\"Arma Gallery - Contemporary art - Artist - Emanuele Tozzoli -8\" srcset=\"https:\/\/www.armagallery.com\/wp-content\/uploads\/2024\/10\/arma-gallery-contemporary-art-artist-emanuele-tozzoli-8.jpg 900w, https:\/\/www.armagallery.com\/wp-content\/uploads\/2024\/10\/arma-gallery-contemporary-art-artist-emanuele-tozzoli-8-300x200.jpg 300w, https:\/\/www.armagallery.com\/wp-content\/uploads\/2024\/10\/arma-gallery-contemporary-art-artist-emanuele-tozzoli-8-768x512.jpg 768w, https:\/\/www.armagallery.com\/wp-content\/uploads\/2024\/10\/arma-gallery-contemporary-art-artist-emanuele-tozzoli-8-600x400.jpg 600w\" sizes=\"auto, (max-width: 800px) 100vw, 800px\" \/>\t\t\t\t\t\t\t\t\t\t\t\t\t\t\t<\/div>\n\t\t\t\t<\/div>\n\t\t\t\t<\/div>\n\t\t<div class=\"elementor-element elementor-element-d5ea817 e-con-full e-flex e-con e-child\" data-id=\"d5ea817\" data-element_type=\"container\" data-e-type=\"container\">\n\t\t\t\t<div class=\"elementor-element elementor-element-9ea9e7b elementor-widget elementor-widget-heading\" data-id=\"9ea9e7b\" data-element_type=\"widget\" data-e-type=\"widget\" id=\"emanuele-tozzoli-artworks\" data-widget_type=\"heading.default\">\n\t\t\t\t<div class=\"elementor-widget-container\">\n\t\t\t\t\t<h2 class=\"elementor-heading-title elementor-size-default\">obras destacadas<\/h2>\t\t\t\t<\/div>\n\t\t\t\t<\/div>\n\t\t\t\t<\/div>\n\t\t<div class=\"elementor-element elementor-element-cd5e5a4 e-con-full e-flex e-con e-child\" data-id=\"cd5e5a4\" data-element_type=\"container\" data-e-type=\"container\">\n\t\t<div class=\"elementor-element elementor-element-dbd4e7e e-con-full e-flex e-con e-child\" data-id=\"dbd4e7e\" data-element_type=\"container\" data-e-type=\"container\">\n\t\t\t\t<div class=\"elementor-element elementor-element-5520888 elementor-widget elementor-widget-image\" data-id=\"5520888\" data-element_type=\"widget\" data-e-type=\"widget\" data-widget_type=\"image.default\">\n\t\t\t\t<div class=\"elementor-widget-container\">\n\t\t\t\t\t\t\t\t\t\t\t\t\t\t\t<img loading=\"lazy\" decoding=\"async\" width=\"1500\" height=\"1500\" src=\"https:\/\/www.armagallery.com\/wp-content\/uploads\/2024\/10\/arma-gallery-contemporary-art-artist-emanuele-tozzoli-3.jpg\" class=\"attachment-full size-full wp-image-4966\" alt=\"Arma Gallery - Contemporary art - Artist - Emanuele Tozzoli -3\" \/>\t\t\t\t\t\t\t\t\t\t\t\t\t\t\t<\/div>\n\t\t\t\t<\/div>\n\t\t\t\t<div class=\"elementor-element elementor-element-be1a146 elementor-widget elementor-widget-heading\" data-id=\"be1a146\" data-element_type=\"widget\" data-e-type=\"widget\" data-widget_type=\"heading.default\">\n\t\t\t\t<div class=\"elementor-widget-container\">\n\t\t\t\t\t<h2 class=\"elementor-heading-title elementor-size-default\">EMANUELE TOZZOLI<\/h2>\t\t\t\t<\/div>\n\t\t\t\t<\/div>\n\t\t\t\t<div class=\"elementor-element elementor-element-94667cf elementor-widget elementor-widget-text-editor\" data-id=\"94667cf\" data-element_type=\"widget\" data-e-type=\"widget\" data-widget_type=\"text-editor.default\">\n\t\t\t\t<div class=\"elementor-widget-container\">\n\t\t\t\t\t\t\t\t\t<p>Cavaliere Bainco, 2023<\/p>\n<p>122 x 158 cm<\/p>\n\t\t\t\t\t\t\t\t<\/div>\n\t\t\t\t<\/div>\n\t\t\t\t<div class=\"elementor-element elementor-element-4a0cbac elementor-widget elementor-widget-image\" data-id=\"4a0cbac\" data-element_type=\"widget\" data-e-type=\"widget\" data-widget_type=\"image.default\">\n\t\t\t\t<div class=\"elementor-widget-container\">\n\t\t\t\t\t\t\t\t\t\t\t\t\t\t\t<img loading=\"lazy\" decoding=\"async\" width=\"1920\" height=\"2560\" src=\"https:\/\/www.armagallery.com\/wp-content\/uploads\/2024\/10\/arma-gallery-contemporary-art-artist-emanuele-tozzoli-6-scaled.jpg\" class=\"attachment-full size-full wp-image-4960\" alt=\"Arma Gallery - Contemporary art - Artist - Emanuele Tozzoli -6 - scaled\" srcset=\"https:\/\/www.armagallery.com\/wp-content\/uploads\/2024\/10\/arma-gallery-contemporary-art-artist-emanuele-tozzoli-6-scaled.jpg 1920w, https:\/\/www.armagallery.com\/wp-content\/uploads\/2024\/10\/arma-gallery-contemporary-art-artist-emanuele-tozzoli-6-scaled-1500x2000.jpg 1500w, https:\/\/www.armagallery.com\/wp-content\/uploads\/2024\/10\/arma-gallery-contemporary-art-artist-emanuele-tozzoli-6-225x300.jpg 225w, https:\/\/www.armagallery.com\/wp-content\/uploads\/2024\/10\/arma-gallery-contemporary-art-artist-emanuele-tozzoli-6-768x1024.jpg 768w, https:\/\/www.armagallery.com\/wp-content\/uploads\/2024\/10\/arma-gallery-contemporary-art-artist-emanuele-tozzoli-6-1152x1536.jpg 1152w, https:\/\/www.armagallery.com\/wp-content\/uploads\/2024\/10\/arma-gallery-contemporary-art-artist-emanuele-tozzoli-6-1536x2048.jpg 1536w\" sizes=\"auto, (max-width: 1920px) 100vw, 1920px\" \/>\t\t\t\t\t\t\t\t\t\t\t\t\t\t\t<\/div>\n\t\t\t\t<\/div>\n\t\t\t\t<div class=\"elementor-element elementor-element-b873aac elementor-widget elementor-widget-heading\" data-id=\"b873aac\" data-element_type=\"widget\" data-e-type=\"widget\" data-widget_type=\"heading.default\">\n\t\t\t\t<div class=\"elementor-widget-container\">\n\t\t\t\t\t<h2 class=\"elementor-heading-title elementor-size-default\">EMANUELE TOZZOLI<\/h2>\t\t\t\t<\/div>\n\t\t\t\t<\/div>\n\t\t\t\t<div class=\"elementor-element elementor-element-37f35f8 elementor-widget elementor-widget-text-editor\" data-id=\"37f35f8\" data-element_type=\"widget\" data-e-type=\"widget\" data-widget_type=\"text-editor.default\">\n\t\t\t\t<div class=\"elementor-widget-container\">\n\t\t\t\t\t\t\t\t\t<p>Crucifix, 2024<\/p>\n<p>75 x 35 x 39 cm<\/p>\n\t\t\t\t\t\t\t\t<\/div>\n\t\t\t\t<\/div>\n\t\t\t\t<\/div>\n\t\t<div class=\"elementor-element elementor-element-c2668e9 e-con-full e-flex e-con e-child\" data-id=\"c2668e9\" data-element_type=\"container\" data-e-type=\"container\">\n\t\t\t\t<div class=\"elementor-element elementor-element-f9fd0a1 elementor-widget elementor-widget-image\" data-id=\"f9fd0a1\" data-element_type=\"widget\" data-e-type=\"widget\" data-widget_type=\"image.default\">\n\t\t\t\t<div class=\"elementor-widget-container\">\n\t\t\t\t\t\t\t\t\t\t\t\t\t\t\t<img loading=\"lazy\" decoding=\"async\" width=\"1500\" height=\"1500\" src=\"https:\/\/www.armagallery.com\/wp-content\/uploads\/2024\/10\/arma-gallery-contemporary-art-artist-emanuele-tozzoli-4.jpg\" class=\"attachment-full size-full wp-image-4964\" alt=\"Arma Gallery - Contemporary art - Artist - Emanuele Tozzoli -4\" \/>\t\t\t\t\t\t\t\t\t\t\t\t\t\t\t<\/div>\n\t\t\t\t<\/div>\n\t\t\t\t<div class=\"elementor-element elementor-element-c61cb9f elementor-widget elementor-widget-heading\" data-id=\"c61cb9f\" data-element_type=\"widget\" data-e-type=\"widget\" data-widget_type=\"heading.default\">\n\t\t\t\t<div class=\"elementor-widget-container\">\n\t\t\t\t\t<h2 class=\"elementor-heading-title elementor-size-default\">EMANUELE TOZZOLI<\/h2>\t\t\t\t<\/div>\n\t\t\t\t<\/div>\n\t\t\t\t<div class=\"elementor-element elementor-element-a952143 elementor-widget elementor-widget-text-editor\" data-id=\"a952143\" data-element_type=\"widget\" data-e-type=\"widget\" data-widget_type=\"text-editor.default\">\n\t\t\t\t<div class=\"elementor-widget-container\">\n\t\t\t\t\t\t\t\t\t<p>Centaur, 2024<\/p>\n<p>122 x 158 cm<\/p>\n\t\t\t\t\t\t\t\t<\/div>\n\t\t\t\t<\/div>\n\t\t\t\t<div class=\"elementor-element elementor-element-73b2c82 elementor-widget elementor-widget-image\" data-id=\"73b2c82\" data-element_type=\"widget\" data-e-type=\"widget\" data-widget_type=\"image.default\">\n\t\t\t\t<div class=\"elementor-widget-container\">\n\t\t\t\t\t\t\t\t\t\t\t\t\t\t\t<img loading=\"lazy\" decoding=\"async\" width=\"1920\" height=\"2560\" src=\"https:\/\/www.armagallery.com\/wp-content\/uploads\/2024\/10\/arma-gallery-contemporary-art-artist-emanuele-tozzoli-5-scaled.jpg\" class=\"attachment-full size-full wp-image-4958\" alt=\"Arma Gallery - Contemporary art - Artist - Emanuele Tozzoli -5 - scaled\" srcset=\"https:\/\/www.armagallery.com\/wp-content\/uploads\/2024\/10\/arma-gallery-contemporary-art-artist-emanuele-tozzoli-5-scaled.jpg 1920w, https:\/\/www.armagallery.com\/wp-content\/uploads\/2024\/10\/arma-gallery-contemporary-art-artist-emanuele-tozzoli-5-scaled-1500x2000.jpg 1500w, https:\/\/www.armagallery.com\/wp-content\/uploads\/2024\/10\/arma-gallery-contemporary-art-artist-emanuele-tozzoli-5-225x300.jpg 225w, https:\/\/www.armagallery.com\/wp-content\/uploads\/2024\/10\/arma-gallery-contemporary-art-artist-emanuele-tozzoli-5-768x1024.jpg 768w, https:\/\/www.armagallery.com\/wp-content\/uploads\/2024\/10\/arma-gallery-contemporary-art-artist-emanuele-tozzoli-5-1152x1536.jpg 1152w, https:\/\/www.armagallery.com\/wp-content\/uploads\/2024\/10\/arma-gallery-contemporary-art-artist-emanuele-tozzoli-5-1536x2048.jpg 1536w\" sizes=\"auto, (max-width: 1920px) 100vw, 1920px\" \/>\t\t\t\t\t\t\t\t\t\t\t\t\t\t\t<\/div>\n\t\t\t\t<\/div>\n\t\t\t\t<div class=\"elementor-element elementor-element-244851f elementor-widget elementor-widget-heading\" data-id=\"244851f\" data-element_type=\"widget\" data-e-type=\"widget\" data-widget_type=\"heading.default\">\n\t\t\t\t<div class=\"elementor-widget-container\">\n\t\t\t\t\t<h2 class=\"elementor-heading-title elementor-size-default\">EMANUELE TOZZOLI<\/h2>\t\t\t\t<\/div>\n\t\t\t\t<\/div>\n\t\t\t\t<div class=\"elementor-element elementor-element-09cfa6b elementor-widget elementor-widget-text-editor\" data-id=\"09cfa6b\" data-element_type=\"widget\" data-e-type=\"widget\" data-widget_type=\"text-editor.default\">\n\t\t\t\t<div class=\"elementor-widget-container\">\n\t\t\t\t\t\t\t\t\t<p>Man of fire, 2024<\/p>\n<p>68 x 32 x 24 cm<\/p>\n\t\t\t\t\t\t\t\t<\/div>\n\t\t\t\t<\/div>\n\t\t\t\t<\/div>\n\t\t\t\t<\/div>\n\t\t<div class=\"elementor-element elementor-element-489635b e-con-full e-flex e-con e-child\" data-id=\"489635b\" data-element_type=\"container\" data-e-type=\"container\">\n\t\t\t\t<div class=\"elementor-element elementor-element-62ecdb6 elementor-align-center elementor-widget elementor-widget-button\" data-id=\"62ecdb6\" data-element_type=\"widget\" data-e-type=\"widget\" data-widget_type=\"button.default\">\n\t\t\t\t<div class=\"elementor-widget-container\">\n\t\t\t\t\t\t\t\t\t<div class=\"elementor-button-wrapper\">\n\t\t\t\t\t<a class=\"elementor-button elementor-button-link elementor-size-sm\" href=\"https:\/\/www.artsy.net\/artist\/emanuele-tozzoli?partner_ids%5B0%5D=arma-gallery\" target=\"_blank\" rel=\"nofollow noopener\">\n\t\t\t\t\t\t<span class=\"elementor-button-content-wrapper\">\n\t\t\t\t\t\t\t\t\t<span class=\"elementor-button-text\">ver m\u00e1s en ARTSY<\/span>\n\t\t\t\t\t<\/span>\n\t\t\t\t\t<\/a>\n\t\t\t\t<\/div>\n\t\t\t\t\t\t\t\t<\/div>\n\t\t\t\t<\/div>\n\t\t<div class=\"elementor-element elementor-element-b313013 e-con-full e-flex e-con e-child\" data-id=\"b313013\" data-element_type=\"container\" data-e-type=\"container\">\n\t\t\t\t<div class=\"elementor-element elementor-element-b5a84ec elementor-widget elementor-widget-heading\" data-id=\"b5a84ec\" data-element_type=\"widget\" data-e-type=\"widget\" id=\"emanuele-tozzoli-exhibitions\" data-widget_type=\"heading.default\">\n\t\t\t\t<div class=\"elementor-widget-container\">\n\t\t\t\t\t<h2 class=\"elementor-heading-title elementor-size-default\">EXPOSICIONES<\/h2>\t\t\t\t<\/div>\n\t\t\t\t<\/div>\n\t\t<div class=\"elementor-element elementor-element-b9d8e17 e-con-full e-flex e-con e-child\" data-id=\"b9d8e17\" data-element_type=\"container\" data-e-type=\"container\">\n\t\t<div class=\"elementor-element elementor-element-dfcaf36 e-con-full e-flex e-con e-child\" data-id=\"dfcaf36\" data-element_type=\"container\" data-e-type=\"container\">\n\t\t\t\t<div class=\"elementor-element elementor-element-5a1018d elementor-widget elementor-widget-image\" data-id=\"5a1018d\" data-element_type=\"widget\" data-e-type=\"widget\" data-widget_type=\"image.default\">\n\t\t\t\t<div class=\"elementor-widget-container\">\n\t\t\t\t\t\t\t\t\t\t\t\t\t\t\t<img loading=\"lazy\" decoding=\"async\" width=\"2000\" height=\"1333\" src=\"https:\/\/www.armagallery.com\/wp-content\/uploads\/2024\/10\/arma-gallery-contemporary-art-artist-emanuele-tozzoli-10.jpg\" class=\"attachment-full size-full wp-image-4954\" alt=\"Arma Gallery - Contemporary art - Artist - Emanuele Tozzoli -10\" \/>\t\t\t\t\t\t\t\t\t\t\t\t\t\t\t<\/div>\n\t\t\t\t<\/div>\n\t\t\t\t<div class=\"elementor-element elementor-element-d44434a elementor-widget elementor-widget-heading\" data-id=\"d44434a\" data-element_type=\"widget\" data-e-type=\"widget\" data-widget_type=\"heading.default\">\n\t\t\t\t<div class=\"elementor-widget-container\">\n\t\t\t\t\t<h2 class=\"elementor-heading-title elementor-size-default\">LUCIS DREAMS<\/h2>\t\t\t\t<\/div>\n\t\t\t\t<\/div>\n\t\t\t\t<div class=\"elementor-element elementor-element-aaa4624 elementor-widget elementor-widget-text-editor\" data-id=\"aaa4624\" data-element_type=\"widget\" data-e-type=\"widget\" data-widget_type=\"text-editor.default\">\n\t\t\t\t<div class=\"elementor-widget-container\">\n\t\t\t\t\t\t\t\t\t<p>Exposici\u00f3n colectiva, Septiembre 2024 &#8211; Arma Gallery<\/p>\n\t\t\t\t\t\t\t\t<\/div>\n\t\t\t\t<\/div>\n\t\t\t\t<\/div>\n\t\t\t\t<\/div>\n\t\t\t\t<\/div>\n\t\t<div class=\"elementor-element elementor-element-ea275d2 e-con-full e-flex e-con e-child\" data-id=\"ea275d2\" data-element_type=\"container\" data-e-type=\"container\">\n\t\t\t\t<div class=\"elementor-element elementor-element-abe7cfd elementor-widget elementor-widget-heading\" data-id=\"abe7cfd\" data-element_type=\"widget\" data-e-type=\"widget\" id=\"emanuele-tozzoli-contact\" data-widget_type=\"heading.default\">\n\t\t\t\t<div class=\"elementor-widget-container\">\n\t\t\t\t\t<h2 class=\"elementor-heading-title elementor-size-default\">CONTACTO<\/h2>\t\t\t\t<\/div>\n\t\t\t\t<\/div>\n\t\t\t\t<\/div>\n\t\t\t\t<div class=\"elementor-element elementor-element-308c22e elementor-widget elementor-widget-text-editor\" data-id=\"308c22e\" data-element_type=\"widget\" data-e-type=\"widget\" data-widget_type=\"text-editor.default\">\n\t\t\t\t<div class=\"elementor-widget-container\">\n\t\t\t\t\t\t\t\t\t<h3 class=\"elementor-heading-title elementor-size-default elementor-inline-editing pen\" style=\"font-family: Raleway, sans-serif; line-height: 2.4em; color: #333333; font-size: 14px;\" data-elementor-setting-key=\"title\" data-pen-placeholder=\"Type Here...\">Para consultas, puedes escribirnos a info@armagallery.com<\/h3>\n\t\t\t\t\t\t\t\t<\/div>\n\t\t\t\t<\/div>\n\t\t<div class=\"elementor-element elementor-element-4a85c7a e-con-full e-flex e-con e-child\" data-id=\"4a85c7a\" data-element_type=\"container\" data-e-type=\"container\">\n\t\t\t\t<div class=\"elementor-element elementor-element-3626429 elementor-widget elementor-widget-heading\" data-id=\"3626429\" data-element_type=\"widget\" data-e-type=\"widget\" id=\"emanuele-tozzoli-cv\" data-widget_type=\"heading.default\">\n\t\t\t\t<div class=\"elementor-widget-container\">\n\t\t\t\t\t<h2 class=\"elementor-heading-title elementor-size-default\">CV<\/h2>\t\t\t\t<\/div>\n\t\t\t\t<\/div>\n\t\t\t\t<\/div>\n\t\t\t\t<\/div>\n\t\t\t\t\t<\/div>\n\t\t\t\t<\/div>\n\t\t<div class=\"elementor-element elementor-element-9d3503a e-flex e-con-boxed e-con e-parent\" data-id=\"9d3503a\" data-element_type=\"container\" data-e-type=\"container\">\n\t\t\t\t\t<div class=\"e-con-inner\">\n\t\t\t\t<div class=\"elementor-element elementor-element-0e80823 elementor-widget elementor-widget-html\" data-id=\"0e80823\" data-element_type=\"widget\" data-e-type=\"widget\" data-widget_type=\"html.default\">\n\t\t\t\t<div class=\"elementor-widget-container\">\n\t\t\t\t\t<iframe src=\"https:\/\/docs.google.com\/spreadsheets\/d\/e\/2PACX-1vTk0Az7Vedel39Rp15AxfWPCS34CnB2cD5BGNPD3Y51QYJCKTiYN0edidfaW6V1Hzure5c-9oBgLjN5\/pubhtml\" width=\"100%\" height=\"100%\"><\/iframe>\r\n\t\t\t\t<\/div>\n\t\t\t\t<\/div>\n\t\t\t\t\t<\/div>\n\t\t\t\t<\/div>\n\t\t\t\t<\/div>\n\t\t","protected":false},"excerpt":{"rendered":"<p>EMANUELE TOZZOLI BIOGRAF\u00cdA OBRAS EXPOSICIONES CONTACTO CV Emanuele Tozzoli es un artista italiano de medios mixtos cuya obra combina la abstracci\u00f3n, el cubismo y el impresionismo, creando piezas de fuerte impacto emocional y visual. Creci\u00f3 bajo la influencia de su padre, Dario Tozzoli, reconocido pintor y escultor, y desde joven se sumergi\u00f3 en la pintura [&hellip;]<\/p>\n","protected":false},"author":4,"featured_media":0,"parent":0,"menu_order":0,"comment_status":"closed","ping_status":"closed","template":"","meta":{"footnotes":""},"class_list":["post-4991","page","type-page","status-publish","hentry"],"_links":{"self":[{"href":"https:\/\/www.armagallery.com\/es\/wp-json\/wp\/v2\/pages\/4991","targetHints":{"allow":["GET"]}}],"collection":[{"href":"https:\/\/www.armagallery.com\/es\/wp-json\/wp\/v2\/pages"}],"about":[{"href":"https:\/\/www.armagallery.com\/es\/wp-json\/wp\/v2\/types\/page"}],"author":[{"embeddable":true,"href":"https:\/\/www.armagallery.com\/es\/wp-json\/wp\/v2\/users\/4"}],"replies":[{"embeddable":true,"href":"https:\/\/www.armagallery.com\/es\/wp-json\/wp\/v2\/comments?post=4991"}],"version-history":[{"count":2,"href":"https:\/\/www.armagallery.com\/es\/wp-json\/wp\/v2\/pages\/4991\/revisions"}],"predecessor-version":[{"id":8264,"href":"https:\/\/www.armagallery.com\/es\/wp-json\/wp\/v2\/pages\/4991\/revisions\/8264"}],"wp:attachment":[{"href":"https:\/\/www.armagallery.com\/es\/wp-json\/wp\/v2\/media?parent=4991"}],"curies":[{"name":"wp","href":"https:\/\/api.w.org\/{rel}","templated":true}]}}