{"id":4935,"date":"2024-10-28T14:06:44","date_gmt":"2024-10-28T14:06:44","guid":{"rendered":"https:\/\/www.armagallery.com\/luis-olaso"},"modified":"2026-03-18T16:31:17","modified_gmt":"2026-03-18T16:31:17","slug":"luis-olaso","status":"publish","type":"page","link":"https:\/\/www.armagallery.com\/es\/luis-olaso","title":{"rendered":"Luis Olaso"},"content":{"rendered":"\t\t<div data-elementor-type=\"wp-page\" data-elementor-id=\"4935\" class=\"elementor elementor-4935 elementor-4826\" data-elementor-post-type=\"page\">\n\t\t\t\t<div class=\"elementor-element elementor-element-cec9730 e-flex e-con-boxed e-con e-parent\" data-id=\"cec9730\" data-element_type=\"container\" data-e-type=\"container\">\n\t\t\t\t\t<div class=\"e-con-inner\">\n\t\t<div class=\"elementor-element elementor-element-2abf5f8 e-con-full e-flex e-con e-child\" data-id=\"2abf5f8\" data-element_type=\"container\" data-e-type=\"container\">\n\t\t\t\t<div class=\"elementor-element elementor-element-711ad48 elementor-widget elementor-widget-heading\" data-id=\"711ad48\" data-element_type=\"widget\" data-e-type=\"widget\" id=\"luis-olaso-bio-top\" data-widget_type=\"heading.default\">\n\t\t\t\t<div class=\"elementor-widget-container\">\n\t\t\t\t\t<h2 class=\"elementor-heading-title elementor-size-default\">LUIS OLASO<\/h2>\t\t\t\t<\/div>\n\t\t\t\t<\/div>\n\t\t\t\t<div class=\"elementor-element elementor-element-734d493 elementor-widget elementor-widget-heading\" data-id=\"734d493\" data-element_type=\"widget\" data-e-type=\"widget\" data-widget_type=\"heading.default\">\n\t\t\t\t<div class=\"elementor-widget-container\">\n\t\t\t\t\t<h2 class=\"elementor-heading-title elementor-size-default\"><a href=\"#bio-luis-olaso\">BIOGRAF\u00cdA<\/a><\/h2>\t\t\t\t<\/div>\n\t\t\t\t<\/div>\n\t\t\t\t<div class=\"elementor-element elementor-element-26d0539 elementor-widget elementor-widget-heading\" data-id=\"26d0539\" data-element_type=\"widget\" data-e-type=\"widget\" data-widget_type=\"heading.default\">\n\t\t\t\t<div class=\"elementor-widget-container\">\n\t\t\t\t\t<h2 class=\"elementor-heading-title elementor-size-default\"><a href=\"#luis-olaso-artworks\">OBRAS<\/a><\/h2>\t\t\t\t<\/div>\n\t\t\t\t<\/div>\n\t\t\t\t<div class=\"elementor-element elementor-element-6022b2d elementor-widget elementor-widget-heading\" data-id=\"6022b2d\" data-element_type=\"widget\" data-e-type=\"widget\" data-widget_type=\"heading.default\">\n\t\t\t\t<div class=\"elementor-widget-container\">\n\t\t\t\t\t<h2 class=\"elementor-heading-title elementor-size-default\"><a href=\"#luis-olaso-exhibitions\">EXPOSICIONES<\/a><\/h2>\t\t\t\t<\/div>\n\t\t\t\t<\/div>\n\t\t\t\t<div class=\"elementor-element elementor-element-ad0a091 elementor-widget elementor-widget-heading\" data-id=\"ad0a091\" data-element_type=\"widget\" data-e-type=\"widget\" data-widget_type=\"heading.default\">\n\t\t\t\t<div class=\"elementor-widget-container\">\n\t\t\t\t\t<h2 class=\"elementor-heading-title elementor-size-default\"><a href=\"#luis-olaso-contact\">CONTACTO<\/a><\/h2>\t\t\t\t<\/div>\n\t\t\t\t<\/div>\n\t\t\t\t<div class=\"elementor-element elementor-element-73df531 elementor-widget elementor-widget-heading\" data-id=\"73df531\" data-element_type=\"widget\" data-e-type=\"widget\" data-widget_type=\"heading.default\">\n\t\t\t\t<div class=\"elementor-widget-container\">\n\t\t\t\t\t<h2 class=\"elementor-heading-title elementor-size-default\"><a href=\"#luis-olaso-cv\">CV<\/a><\/h2>\t\t\t\t<\/div>\n\t\t\t\t<\/div>\n\t\t\t\t<\/div>\n\t\t<div class=\"elementor-element elementor-element-0bc0dfd e-con-full e-flex e-con e-child\" data-id=\"0bc0dfd\" data-element_type=\"container\" data-e-type=\"container\">\n\t\t\t\t<div class=\"elementor-element elementor-element-65a9a59 elementor-widget elementor-widget-image\" data-id=\"65a9a59\" data-element_type=\"widget\" data-e-type=\"widget\" data-widget_type=\"image.default\">\n\t\t\t\t<div class=\"elementor-widget-container\">\n\t\t\t\t\t\t\t\t\t\t\t\t\t\t\t<img loading=\"lazy\" decoding=\"async\" width=\"1500\" height=\"1500\" src=\"https:\/\/www.armagallery.com\/wp-content\/uploads\/2024\/10\/arma-gallery-contemporary-art-artist-luis-olaso-3.jpg\" class=\"attachment-full size-full wp-image-4828\" alt=\"Arma Gallery - Contemporary art - Artist - Luis Olaso - 3\" \/>\t\t\t\t\t\t\t\t\t\t\t\t\t\t\t<\/div>\n\t\t\t\t<\/div>\n\t\t\t\t<\/div>\n\t\t\t\t\t<\/div>\n\t\t\t\t<\/div>\n\t\t<div class=\"elementor-element elementor-element-c5324ca e-flex e-con-boxed e-con e-parent\" data-id=\"c5324ca\" data-element_type=\"container\" data-e-type=\"container\">\n\t\t\t\t\t<div class=\"e-con-inner\">\n\t\t<div class=\"elementor-element elementor-element-ab067b0 e-con-full e-flex e-con e-child\" data-id=\"ab067b0\" data-element_type=\"container\" data-e-type=\"container\">\n\t\t\t\t<div class=\"elementor-element elementor-element-a4ff422 elementor-widget elementor-widget-image\" data-id=\"a4ff422\" data-element_type=\"widget\" data-e-type=\"widget\" data-widget_type=\"image.default\">\n\t\t\t\t<div class=\"elementor-widget-container\">\n\t\t\t\t\t\t\t\t\t\t\t\t\t\t\t<img loading=\"lazy\" decoding=\"async\" width=\"1920\" height=\"2560\" src=\"https:\/\/www.armagallery.com\/wp-content\/uploads\/2024\/10\/arma-gallery-contemporary-art-artist-luis-olaso-4-scaled.jpg\" class=\"attachment-full size-full wp-image-4834\" alt=\"Arma Gallery - Contemporary art - Artist - Luis Olaso - 4 - Scaled\" srcset=\"https:\/\/www.armagallery.com\/wp-content\/uploads\/2024\/10\/arma-gallery-contemporary-art-artist-luis-olaso-4-scaled.jpg 1920w, https:\/\/www.armagallery.com\/wp-content\/uploads\/2024\/10\/arma-gallery-contemporary-art-artist-luis-olaso-4-scaled-1500x2000.jpg 1500w, https:\/\/www.armagallery.com\/wp-content\/uploads\/2024\/10\/arma-gallery-contemporary-art-artist-luis-olaso-4-225x300.jpg 225w, https:\/\/www.armagallery.com\/wp-content\/uploads\/2024\/10\/arma-gallery-contemporary-art-artist-luis-olaso-4-768x1024.jpg 768w, https:\/\/www.armagallery.com\/wp-content\/uploads\/2024\/10\/arma-gallery-contemporary-art-artist-luis-olaso-4-1152x1536.jpg 1152w, https:\/\/www.armagallery.com\/wp-content\/uploads\/2024\/10\/arma-gallery-contemporary-art-artist-luis-olaso-4-1536x2048.jpg 1536w\" sizes=\"auto, (max-width: 1920px) 100vw, 1920px\" \/>\t\t\t\t\t\t\t\t\t\t\t\t\t\t\t<\/div>\n\t\t\t\t<\/div>\n\t\t\t\t<\/div>\n\t\t<div class=\"elementor-element elementor-element-5108a27 e-con-full e-flex e-con e-child\" data-id=\"5108a27\" data-element_type=\"container\" data-e-type=\"container\">\n\t\t\t\t<div class=\"elementor-element elementor-element-3d0857f elementor-widget elementor-widget-text-editor\" data-id=\"3d0857f\" data-element_type=\"widget\" data-e-type=\"widget\" id=\"bio-luis-olaso\" data-widget_type=\"text-editor.default\">\n\t\t\t\t<div class=\"elementor-widget-container\">\n\t\t\t\t\t\t\t\t\t<p><span style=\"font-weight: 400;\">Luis Olaso (Bilbao, 1986) es un artista visual espa\u00f1ol cuya trayectoria comenz\u00f3 como creador autodidacta y se consolid\u00f3 posteriormente con sus estudios en la Facultad de Bellas Artes de la Universidad del Pa\u00eds Vasco (UPV\/EHU). Su obra establece un puente entre la figuraci\u00f3n expresiva y la abstracci\u00f3n, produciendo un estilo din\u00e1mico y \u00fanico. <\/span><\/p>\n<p>La obra de Luis Olaso ha sido exhibida tanto de forma individual como colectiva en galer\u00edas destacadas, incluyendo JD Malat Gallery en Londres (Reino Unido), Makasiini Contemporary en Turku (Finlandia), Galer\u00eda Juan Manuel Lumbreras en Bilbao, Mirat Projects en Madrid y KUR Gallery en San Sebasti\u00e1n, entre otras.<\/p>\n\t\t\t\t\t\t\t\t<\/div>\n\t\t\t\t<\/div>\n\t\t\t\t<\/div>\n\t\t\t\t\t<\/div>\n\t\t\t\t<\/div>\n\t\t<div class=\"elementor-element elementor-element-a8915e6 e-flex e-con-boxed e-con e-parent\" data-id=\"a8915e6\" data-element_type=\"container\" data-e-type=\"container\">\n\t\t\t\t\t<div class=\"e-con-inner\">\n\t\t\t\t<div class=\"elementor-element elementor-element-a9bde07 elementor-widget elementor-widget-text-editor\" data-id=\"a9bde07\" data-element_type=\"widget\" data-e-type=\"widget\" data-widget_type=\"text-editor.default\">\n\t\t\t\t<div class=\"elementor-widget-container\">\n\t\t\t\t\t\t\t\t\t<p><span style=\"font-weight: 400;\">Asimismo, ha participado en numerosas ferias internacionales de arte, como Zona Maco en M\u00e9xico (2022 y 2024), Estampa en Madrid (2021, 2022, 2023), Contemporary Istanbul (2022), Untitled Miami (2019 y 2022), Art Montecarlo (2022), Art Madrid (2021, 2022, 2023 y 2024) y la Bienal Internacional de Arte de Cerveira, entre otras. <\/span><\/p>\n<p>Las obras de Luis Olaso forman parte de importantes colecciones p\u00fablicas y privadas, como la Fundaci\u00f3n de Arte Contempor\u00e1neo en Tokio de Yusaku Maezawa, la Fundaci\u00f3n SIMCO de Stefan Simchowitz, la Diputaci\u00f3n Foral de Bizkaia, la Colecci\u00f3n VELATIA, la Colecci\u00f3n Luis de Morales en Badajoz y la Fundaci\u00f3n Santander Creativa.<\/p>\n<p>Su arte ha sido galardonado y reconocido como finalista en prestigiosos cert\u00e1menes, como el Premio de Pintura y Escultura Reina Sof\u00eda (2017-2018), el Premio de Pintura Ciudad de Badajoz, el Premio de Pintura Joven Ibercaja y el Premio Internacional de Pintura Focus, entre otros.<\/p>\n\t\t\t\t\t\t\t\t<\/div>\n\t\t\t\t<\/div>\n\t\t\t\t\t<\/div>\n\t\t\t\t<\/div>\n\t\t<div class=\"elementor-element elementor-element-6d2577f e-flex e-con-boxed e-con e-parent\" data-id=\"6d2577f\" data-element_type=\"container\" data-e-type=\"container\">\n\t\t\t\t\t<div class=\"e-con-inner\">\n\t\t\t\t<div class=\"elementor-element elementor-element-cf96b5d elementor-widget elementor-widget-heading\" data-id=\"cf96b5d\" data-element_type=\"widget\" data-e-type=\"widget\" id=\"luis-olaso-artworks\" data-widget_type=\"heading.default\">\n\t\t\t\t<div class=\"elementor-widget-container\">\n\t\t\t\t\t<h2 class=\"elementor-heading-title elementor-size-default\">obras destacadas<\/h2>\t\t\t\t<\/div>\n\t\t\t\t<\/div>\n\t\t\t\t\t<\/div>\n\t\t\t\t<\/div>\n\t\t<div class=\"elementor-element elementor-element-aa043a0 e-flex e-con-boxed e-con e-parent\" data-id=\"aa043a0\" data-element_type=\"container\" data-e-type=\"container\">\n\t\t\t\t\t<div class=\"e-con-inner\">\n\t\t<div class=\"elementor-element elementor-element-5abbc53 e-con-full e-flex e-con e-child\" data-id=\"5abbc53\" data-element_type=\"container\" data-e-type=\"container\">\n\t\t\t\t<div class=\"elementor-element elementor-element-1dd6fd7 elementor-widget elementor-widget-image\" data-id=\"1dd6fd7\" data-element_type=\"widget\" data-e-type=\"widget\" data-widget_type=\"image.default\">\n\t\t\t\t<div class=\"elementor-widget-container\">\n\t\t\t\t\t\t\t\t\t\t\t\t\t\t\t<img loading=\"lazy\" decoding=\"async\" width=\"1500\" height=\"1500\" src=\"https:\/\/www.armagallery.com\/wp-content\/uploads\/2024\/10\/arma-gallery-contemporary-art-artist-luis-olaso-7.jpg\" class=\"attachment-full size-full wp-image-4843\" alt=\"Arma Gallery - Contemporary art - Artist - Luis Olaso - 7\" \/>\t\t\t\t\t\t\t\t\t\t\t\t\t\t\t<\/div>\n\t\t\t\t<\/div>\n\t\t\t\t<div class=\"elementor-element elementor-element-eefc10c elementor-widget elementor-widget-heading\" data-id=\"eefc10c\" data-element_type=\"widget\" data-e-type=\"widget\" data-widget_type=\"heading.default\">\n\t\t\t\t<div class=\"elementor-widget-container\">\n\t\t\t\t\t<h2 class=\"elementor-heading-title elementor-size-default\">LUIS OLASO<\/h2>\t\t\t\t<\/div>\n\t\t\t\t<\/div>\n\t\t\t\t<div class=\"elementor-element elementor-element-edb8a6e elementor-widget elementor-widget-text-editor\" data-id=\"edb8a6e\" data-element_type=\"widget\" data-e-type=\"widget\" data-widget_type=\"text-editor.default\">\n\t\t\t\t<div class=\"elementor-widget-container\">\n\t\t\t\t\t\t\t\t\t<p>Composici\u00f3n para una monstera en su maceta 2, 2024<\/p>\n<p>180 x 180 cm<\/p>\n\t\t\t\t\t\t\t\t<\/div>\n\t\t\t\t<\/div>\n\t\t\t\t<div class=\"elementor-element elementor-element-8ec700e elementor-widget elementor-widget-image\" data-id=\"8ec700e\" data-element_type=\"widget\" data-e-type=\"widget\" data-widget_type=\"image.default\">\n\t\t\t\t<div class=\"elementor-widget-container\">\n\t\t\t\t\t\t\t\t\t\t\t\t\t\t\t<img loading=\"lazy\" decoding=\"async\" width=\"1500\" height=\"1500\" src=\"https:\/\/www.armagallery.com\/wp-content\/uploads\/2024\/10\/arma-gallery-contemporary-art-artist-luis-olaso-5.jpg\" class=\"attachment-full size-full wp-image-4839\" alt=\"Arma Gallery - Contemporary art - Artist - Luis Olaso - 5\" \/>\t\t\t\t\t\t\t\t\t\t\t\t\t\t\t<\/div>\n\t\t\t\t<\/div>\n\t\t\t\t<div class=\"elementor-element elementor-element-8dc1472 elementor-widget elementor-widget-heading\" data-id=\"8dc1472\" data-element_type=\"widget\" data-e-type=\"widget\" data-widget_type=\"heading.default\">\n\t\t\t\t<div class=\"elementor-widget-container\">\n\t\t\t\t\t<h2 class=\"elementor-heading-title elementor-size-default\">LUIS OLASO<\/h2>\t\t\t\t<\/div>\n\t\t\t\t<\/div>\n\t\t\t\t<div class=\"elementor-element elementor-element-5d8e85d elementor-widget elementor-widget-text-editor\" data-id=\"5d8e85d\" data-element_type=\"widget\" data-e-type=\"widget\" data-widget_type=\"text-editor.default\">\n\t\t\t\t<div class=\"elementor-widget-container\">\n\t\t\t\t\t\t\t\t\t<p>Composici\u00f3n para jarr\u00f3n con girasoles, 2024<\/p>\n<p>200 x 250 cm<\/p>\n\t\t\t\t\t\t\t\t<\/div>\n\t\t\t\t<\/div>\n\t\t\t\t<\/div>\n\t\t<div class=\"elementor-element elementor-element-c129dc6 e-con-full e-flex e-con e-child\" data-id=\"c129dc6\" data-element_type=\"container\" data-e-type=\"container\">\n\t\t\t\t<div class=\"elementor-element elementor-element-fa30ffb elementor-widget elementor-widget-image\" data-id=\"fa30ffb\" data-element_type=\"widget\" data-e-type=\"widget\" data-widget_type=\"image.default\">\n\t\t\t\t<div class=\"elementor-widget-container\">\n\t\t\t\t\t\t\t\t\t\t\t\t\t\t\t<img loading=\"lazy\" decoding=\"async\" width=\"1500\" height=\"1500\" src=\"https:\/\/www.armagallery.com\/wp-content\/uploads\/2024\/10\/arma-gallery-contemporary-art-artist-luis-olaso-6.jpg\" class=\"attachment-full size-full wp-image-4845\" alt=\"Arma Gallery - Contemporary art - Artist - Luis Olaso - 6\" \/>\t\t\t\t\t\t\t\t\t\t\t\t\t\t\t<\/div>\n\t\t\t\t<\/div>\n\t\t\t\t<div class=\"elementor-element elementor-element-35db0ae elementor-widget elementor-widget-heading\" data-id=\"35db0ae\" data-element_type=\"widget\" data-e-type=\"widget\" data-widget_type=\"heading.default\">\n\t\t\t\t<div class=\"elementor-widget-container\">\n\t\t\t\t\t<h2 class=\"elementor-heading-title elementor-size-default\">LUIS OLASO<\/h2>\t\t\t\t<\/div>\n\t\t\t\t<\/div>\n\t\t\t\t<div class=\"elementor-element elementor-element-94388e0 elementor-widget elementor-widget-text-editor\" data-id=\"94388e0\" data-element_type=\"widget\" data-e-type=\"widget\" data-widget_type=\"text-editor.default\">\n\t\t\t\t<div class=\"elementor-widget-container\">\n\t\t\t\t\t\t\t\t\t<p>Estudio para jarr\u00f3n y flores 5, 2023<\/p>\n<p>60 x 50 cm<\/p>\n\t\t\t\t\t\t\t\t<\/div>\n\t\t\t\t<\/div>\n\t\t\t\t<div class=\"elementor-element elementor-element-f404812 elementor-widget elementor-widget-image\" data-id=\"f404812\" data-element_type=\"widget\" data-e-type=\"widget\" data-widget_type=\"image.default\">\n\t\t\t\t<div class=\"elementor-widget-container\">\n\t\t\t\t\t\t\t\t\t\t\t\t\t\t\t<img loading=\"lazy\" decoding=\"async\" width=\"1500\" height=\"1500\" src=\"https:\/\/www.armagallery.com\/wp-content\/uploads\/2024\/10\/arma-gallery-contemporary-art-artist-luis-olaso-8.jpg\" class=\"attachment-full size-full wp-image-4841\" alt=\"Arma Gallery - Contemporary art - Artist - Luis Olaso - 8\" \/>\t\t\t\t\t\t\t\t\t\t\t\t\t\t\t<\/div>\n\t\t\t\t<\/div>\n\t\t\t\t<div class=\"elementor-element elementor-element-c758345 elementor-widget elementor-widget-heading\" data-id=\"c758345\" data-element_type=\"widget\" data-e-type=\"widget\" data-widget_type=\"heading.default\">\n\t\t\t\t<div class=\"elementor-widget-container\">\n\t\t\t\t\t<h2 class=\"elementor-heading-title elementor-size-default\">LUIS OLASO<\/h2>\t\t\t\t<\/div>\n\t\t\t\t<\/div>\n\t\t\t\t<div class=\"elementor-element elementor-element-ee04f1d elementor-widget elementor-widget-text-editor\" data-id=\"ee04f1d\" data-element_type=\"widget\" data-e-type=\"widget\" data-widget_type=\"text-editor.default\">\n\t\t\t\t<div class=\"elementor-widget-container\">\n\t\t\t\t\t\t\t\t\t<p>Composici\u00f3n para silla con jarr\u00f3n y flores, 2024<\/p>\n<p>150 x 150 cm<\/p>\n\t\t\t\t\t\t\t\t<\/div>\n\t\t\t\t<\/div>\n\t\t\t\t<\/div>\n\t\t\t\t\t<\/div>\n\t\t\t\t<\/div>\n\t\t<div class=\"elementor-element elementor-element-8d35a67 e-flex e-con-boxed e-con e-parent\" data-id=\"8d35a67\" data-element_type=\"container\" data-e-type=\"container\">\n\t\t\t\t\t<div class=\"e-con-inner\">\n\t\t\t\t<div class=\"elementor-element elementor-element-ae1c5eb elementor-align-center elementor-widget elementor-widget-button\" data-id=\"ae1c5eb\" data-element_type=\"widget\" data-e-type=\"widget\" data-widget_type=\"button.default\">\n\t\t\t\t<div class=\"elementor-widget-container\">\n\t\t\t\t\t\t\t\t\t<div class=\"elementor-button-wrapper\">\n\t\t\t\t\t<a class=\"elementor-button elementor-button-link elementor-size-sm\" href=\"https:\/\/www.artsy.net\/artist\/luis-olaso?partner_ids%5B0%5D=arma-gallery\" target=\"_blank\" rel=\"nofollow noopener\">\n\t\t\t\t\t\t<span class=\"elementor-button-content-wrapper\">\n\t\t\t\t\t\t\t\t\t<span class=\"elementor-button-text\">ver m\u00e1s en ARTSY<\/span>\n\t\t\t\t\t<\/span>\n\t\t\t\t\t<\/a>\n\t\t\t\t<\/div>\n\t\t\t\t\t\t\t\t<\/div>\n\t\t\t\t<\/div>\n\t\t<div class=\"elementor-element elementor-element-c498305 e-con-full e-flex e-con e-child\" data-id=\"c498305\" data-element_type=\"container\" data-e-type=\"container\">\n\t\t\t\t<div class=\"elementor-element elementor-element-fc8c3af elementor-widget elementor-widget-heading\" data-id=\"fc8c3af\" data-element_type=\"widget\" data-e-type=\"widget\" id=\"luis-olaso-exhibitions\" data-widget_type=\"heading.default\">\n\t\t\t\t<div class=\"elementor-widget-container\">\n\t\t\t\t\t<h2 class=\"elementor-heading-title elementor-size-default\">EXPOSICIONES<\/h2>\t\t\t\t<\/div>\n\t\t\t\t<\/div>\n\t\t<div class=\"elementor-element elementor-element-8ce5827 e-con-full e-flex e-con e-child\" data-id=\"8ce5827\" data-element_type=\"container\" data-e-type=\"container\">\n\t\t<div class=\"elementor-element elementor-element-8209f68 e-con-full e-flex e-con e-child\" data-id=\"8209f68\" data-element_type=\"container\" data-e-type=\"container\">\n\t\t\t\t<div class=\"elementor-element elementor-element-fcc053e elementor-widget elementor-widget-image\" data-id=\"fcc053e\" data-element_type=\"widget\" data-e-type=\"widget\" data-widget_type=\"image.default\">\n\t\t\t\t<div class=\"elementor-widget-container\">\n\t\t\t\t\t\t\t\t\t\t\t\t\t\t\t<img loading=\"lazy\" decoding=\"async\" width=\"1299\" height=\"534\" src=\"https:\/\/www.armagallery.com\/wp-content\/uploads\/2021\/11\/ARMA-GALLERY-LOGO.png\" class=\"attachment-full size-full wp-image-6367\" alt=\"\" srcset=\"https:\/\/www.armagallery.com\/wp-content\/uploads\/2021\/11\/ARMA-GALLERY-LOGO.png 1299w, https:\/\/www.armagallery.com\/wp-content\/uploads\/2021\/11\/ARMA-GALLERY-LOGO-300x123.png 300w, https:\/\/www.armagallery.com\/wp-content\/uploads\/2021\/11\/ARMA-GALLERY-LOGO-1024x421.png 1024w, https:\/\/www.armagallery.com\/wp-content\/uploads\/2021\/11\/ARMA-GALLERY-LOGO-768x316.png 768w\" sizes=\"auto, (max-width: 1299px) 100vw, 1299px\" \/>\t\t\t\t\t\t\t\t\t\t\t\t\t\t\t<\/div>\n\t\t\t\t<\/div>\n\t\t\t\t<div class=\"elementor-element elementor-element-179f8ed elementor-widget elementor-widget-heading\" data-id=\"179f8ed\" data-element_type=\"widget\" data-e-type=\"widget\" data-widget_type=\"heading.default\">\n\t\t\t\t<div class=\"elementor-widget-container\">\n\t\t\t\t\t<h2 class=\"elementor-heading-title elementor-size-default\">SOLO SHOW PR\u00d3XIMAMENTE<\/h2>\t\t\t\t<\/div>\n\t\t\t\t<\/div>\n\t\t\t\t<div class=\"elementor-element elementor-element-e0f5b7f elementor-widget elementor-widget-text-editor\" data-id=\"e0f5b7f\" data-element_type=\"widget\" data-e-type=\"widget\" data-widget_type=\"text-editor.default\">\n\t\t\t\t<div class=\"elementor-widget-container\">\n\t\t\t\t\t\t\t\t\t<p>30 Oct \u2013 11 de DIc 2025 &#8211; ARMA GALLERY<\/p>\n\t\t\t\t\t\t\t\t<\/div>\n\t\t\t\t<\/div>\n\t\t\t\t<\/div>\n\t\t<div class=\"elementor-element elementor-element-b424d44 e-con-full e-flex e-con e-child\" data-id=\"b424d44\" data-element_type=\"container\" data-e-type=\"container\">\n\t\t\t\t<div class=\"elementor-element elementor-element-e4f965d elementor-widget elementor-widget-image\" data-id=\"e4f965d\" data-element_type=\"widget\" data-e-type=\"widget\" data-widget_type=\"image.default\">\n\t\t\t\t<div class=\"elementor-widget-container\">\n\t\t\t\t\t\t\t\t\t\t\t\t\t\t\t<img loading=\"lazy\" decoding=\"async\" width=\"1500\" height=\"1000\" src=\"https:\/\/www.armagallery.com\/wp-content\/uploads\/2025\/03\/arma-gallery-contemporary-art-zona-uvnt-2025-stand.jpg\" class=\"attachment-full size-full wp-image-8423\" alt=\"ARMA GALLERY - Contemporary Art - Zona UVNT 2025 - Stand\" \/>\t\t\t\t\t\t\t\t\t\t\t\t\t\t\t<\/div>\n\t\t\t\t<\/div>\n\t\t\t\t<div class=\"elementor-element elementor-element-81574da elementor-widget elementor-widget-heading\" data-id=\"81574da\" data-element_type=\"widget\" data-e-type=\"widget\" data-widget_type=\"heading.default\">\n\t\t\t\t<div class=\"elementor-widget-container\">\n\t\t\t\t\t<h2 class=\"elementor-heading-title elementor-size-default\">UVNT FERIA DE ARTE 2025<\/h2>\t\t\t\t<\/div>\n\t\t\t\t<\/div>\n\t\t\t\t<div class=\"elementor-element elementor-element-d71f5d6 elementor-widget elementor-widget-text-editor\" data-id=\"d71f5d6\" data-element_type=\"widget\" data-e-type=\"widget\" data-widget_type=\"text-editor.default\">\n\t\t\t\t<div class=\"elementor-widget-container\">\n\t\t\t\t\t\t\t\t\t<p>6 \u2013 9 Marzo | Matadero, Madrid<\/p>\n\t\t\t\t\t\t\t\t<\/div>\n\t\t\t\t<\/div>\n\t\t\t\t<\/div>\n\t\t\t\t<\/div>\n\t\t\t\t<\/div>\n\t\t<div class=\"elementor-element elementor-element-a089500 e-con-full e-flex e-con e-child\" data-id=\"a089500\" data-element_type=\"container\" data-e-type=\"container\">\n\t\t\t\t<div class=\"elementor-element elementor-element-623acdd elementor-widget elementor-widget-heading\" data-id=\"623acdd\" data-element_type=\"widget\" data-e-type=\"widget\" id=\"luis-olaso-contact\" data-widget_type=\"heading.default\">\n\t\t\t\t<div class=\"elementor-widget-container\">\n\t\t\t\t\t<h2 class=\"elementor-heading-title elementor-size-default\">CONTACTO<\/h2>\t\t\t\t<\/div>\n\t\t\t\t<\/div>\n\t\t\t\t<\/div>\n\t\t\t\t<div class=\"elementor-element elementor-element-4583821 elementor-widget elementor-widget-text-editor\" data-id=\"4583821\" data-element_type=\"widget\" data-e-type=\"widget\" data-widget_type=\"text-editor.default\">\n\t\t\t\t<div class=\"elementor-widget-container\">\n\t\t\t\t\t\t\t\t\t<h3 class=\"elementor-heading-title elementor-size-default elementor-inline-editing pen\" style=\"font-family: Raleway, sans-serif; line-height: 2.4em; color: #333333; font-size: 14px;\" data-elementor-setting-key=\"title\" data-pen-placeholder=\"Type Here...\">Para consultas, puedes escribirnos a info@armagallery.com<\/h3>\n\t\t\t\t\t\t\t\t<\/div>\n\t\t\t\t<\/div>\n\t\t<div class=\"elementor-element elementor-element-cd5d988 e-con-full e-flex e-con e-child\" data-id=\"cd5d988\" data-element_type=\"container\" data-e-type=\"container\">\n\t\t\t\t<div class=\"elementor-element elementor-element-194f151 elementor-widget elementor-widget-heading\" data-id=\"194f151\" data-element_type=\"widget\" data-e-type=\"widget\" id=\"luis-olaso-cv\" data-widget_type=\"heading.default\">\n\t\t\t\t<div class=\"elementor-widget-container\">\n\t\t\t\t\t<h2 class=\"elementor-heading-title elementor-size-default\">CV<\/h2>\t\t\t\t<\/div>\n\t\t\t\t<\/div>\n\t\t\t\t<\/div>\n\t\t<div class=\"elementor-element elementor-element-aa0ad29 e-con-full e-flex e-con e-child\" data-id=\"aa0ad29\" data-element_type=\"container\" data-e-type=\"container\">\n\t\t\t\t<div class=\"elementor-element elementor-element-f5e71ed elementor-widget elementor-widget-html\" data-id=\"f5e71ed\" data-element_type=\"widget\" data-e-type=\"widget\" data-widget_type=\"html.default\">\n\t\t\t\t<div class=\"elementor-widget-container\">\n\t\t\t\t\t<iframe src=\"https:\/\/docs.google.com\/spreadsheets\/d\/e\/2PACX-1vREBqf8z1IEIVHgHvh_Kf2zrbxby_SK3BfSRjw0AyCRD8Dr9CPJmRBe_RxDO_TRMc9P-cHuneOglxkS\/pubhtml\" width=\"100%\" height=\"100%\"><\/iframe>\r\n\t\t\t\t<\/div>\n\t\t\t\t<\/div>\n\t\t\t\t<\/div>\n\t\t\t\t\t<\/div>\n\t\t\t\t<\/div>\n\t\t\t\t<\/div>\n\t\t","protected":false},"excerpt":{"rendered":"<p>LUIS OLASO BIOGRAF\u00cdA OBRAS EXPOSICIONES CONTACTO CV Luis Olaso (Bilbao, 1986) es un artista visual espa\u00f1ol cuya trayectoria comenz\u00f3 como creador autodidacta y se consolid\u00f3 posteriormente con sus estudios en la Facultad de Bellas Artes de la Universidad del Pa\u00eds Vasco (UPV\/EHU). Su obra establece un puente entre la figuraci\u00f3n expresiva y la abstracci\u00f3n, produciendo [&hellip;]<\/p>\n","protected":false},"author":4,"featured_media":4833,"parent":0,"menu_order":0,"comment_status":"closed","ping_status":"closed","template":"","meta":{"footnotes":""},"class_list":["post-4935","page","type-page","status-publish","has-post-thumbnail","hentry"],"_links":{"self":[{"href":"https:\/\/www.armagallery.com\/es\/wp-json\/wp\/v2\/pages\/4935","targetHints":{"allow":["GET"]}}],"collection":[{"href":"https:\/\/www.armagallery.com\/es\/wp-json\/wp\/v2\/pages"}],"about":[{"href":"https:\/\/www.armagallery.com\/es\/wp-json\/wp\/v2\/types\/page"}],"author":[{"embeddable":true,"href":"https:\/\/www.armagallery.com\/es\/wp-json\/wp\/v2\/users\/4"}],"replies":[{"embeddable":true,"href":"https:\/\/www.armagallery.com\/es\/wp-json\/wp\/v2\/comments?post=4935"}],"version-history":[{"count":2,"href":"https:\/\/www.armagallery.com\/es\/wp-json\/wp\/v2\/pages\/4935\/revisions"}],"predecessor-version":[{"id":8289,"href":"https:\/\/www.armagallery.com\/es\/wp-json\/wp\/v2\/pages\/4935\/revisions\/8289"}],"wp:featuredmedia":[{"embeddable":true,"href":"https:\/\/www.armagallery.com\/es\/wp-json\/"}],"wp:attachment":[{"href":"https:\/\/www.armagallery.com\/es\/wp-json\/wp\/v2\/media?parent=4935"}],"curies":[{"name":"wp","href":"https:\/\/api.w.org\/{rel}","templated":true}]}}