{"id":4921,"date":"2024-10-28T14:06:54","date_gmt":"2024-10-28T14:06:54","guid":{"rendered":"https:\/\/www.armagallery.com\/jiri-hauschka"},"modified":"2026-03-18T16:28:17","modified_gmt":"2026-03-18T16:28:17","slug":"jiri-hauschka","status":"publish","type":"page","link":"https:\/\/www.armagallery.com\/es\/jiri-hauschka","title":{"rendered":"Jiri Hauschka"},"content":{"rendered":"\t\t<div data-elementor-type=\"wp-page\" data-elementor-id=\"4921\" class=\"elementor elementor-4921 elementor-4862\" data-elementor-post-type=\"page\">\n\t\t\t\t<div class=\"elementor-element elementor-element-377404d e-flex e-con-boxed e-con e-parent\" data-id=\"377404d\" data-element_type=\"container\" data-e-type=\"container\">\n\t\t\t\t\t<div class=\"e-con-inner\">\n\t\t<div class=\"elementor-element elementor-element-66c5fe9 e-flex e-con-boxed e-con e-child\" data-id=\"66c5fe9\" data-element_type=\"container\" data-e-type=\"container\">\n\t\t\t\t\t<div class=\"e-con-inner\">\n\t\t<div class=\"elementor-element elementor-element-89efdbe e-con-full e-flex e-con e-child\" data-id=\"89efdbe\" data-element_type=\"container\" data-e-type=\"container\">\n\t\t\t\t<div class=\"elementor-element elementor-element-86dfecd elementor-widget elementor-widget-heading\" data-id=\"86dfecd\" data-element_type=\"widget\" data-e-type=\"widget\" id=\"jiri-hauschka-bio-page\" data-widget_type=\"heading.default\">\n\t\t\t\t<div class=\"elementor-widget-container\">\n\t\t\t\t\t<h2 class=\"elementor-heading-title elementor-size-default\">JIRI HAUSCHKA<\/h2>\t\t\t\t<\/div>\n\t\t\t\t<\/div>\n\t\t\t\t<div class=\"elementor-element elementor-element-524ac8b elementor-widget elementor-widget-heading\" data-id=\"524ac8b\" data-element_type=\"widget\" data-e-type=\"widget\" data-widget_type=\"heading.default\">\n\t\t\t\t<div class=\"elementor-widget-container\">\n\t\t\t\t\t<h2 class=\"elementor-heading-title elementor-size-default\"><a href=\"#bio-jiri-hauschka\">BIOGRAF\u00cdA<\/a><\/h2>\t\t\t\t<\/div>\n\t\t\t\t<\/div>\n\t\t\t\t<div class=\"elementor-element elementor-element-b79cdcc elementor-widget elementor-widget-heading\" data-id=\"b79cdcc\" data-element_type=\"widget\" data-e-type=\"widget\" data-widget_type=\"heading.default\">\n\t\t\t\t<div class=\"elementor-widget-container\">\n\t\t\t\t\t<h2 class=\"elementor-heading-title elementor-size-default\"><a href=\"#jiri-hauschka-artworks\">OBRAS<\/a><\/h2>\t\t\t\t<\/div>\n\t\t\t\t<\/div>\n\t\t\t\t<div class=\"elementor-element elementor-element-50f5396 elementor-widget elementor-widget-heading\" data-id=\"50f5396\" data-element_type=\"widget\" data-e-type=\"widget\" data-widget_type=\"heading.default\">\n\t\t\t\t<div class=\"elementor-widget-container\">\n\t\t\t\t\t<h2 class=\"elementor-heading-title elementor-size-default\"><a href=\"#jiri-hauschka-exhibitions\">EXPOSICIONES<\/a><\/h2>\t\t\t\t<\/div>\n\t\t\t\t<\/div>\n\t\t\t\t<div class=\"elementor-element elementor-element-73407f2 elementor-widget elementor-widget-heading\" data-id=\"73407f2\" data-element_type=\"widget\" data-e-type=\"widget\" data-widget_type=\"heading.default\">\n\t\t\t\t<div class=\"elementor-widget-container\">\n\t\t\t\t\t<h2 class=\"elementor-heading-title elementor-size-default\"><a href=\"#jiri-hauschka-contact\">CONTACTO<\/a><\/h2>\t\t\t\t<\/div>\n\t\t\t\t<\/div>\n\t\t\t\t<div class=\"elementor-element elementor-element-e4930f8 elementor-widget elementor-widget-heading\" data-id=\"e4930f8\" data-element_type=\"widget\" data-e-type=\"widget\" data-widget_type=\"heading.default\">\n\t\t\t\t<div class=\"elementor-widget-container\">\n\t\t\t\t\t<h2 class=\"elementor-heading-title elementor-size-default\"><a href=\"#jiri-hauschka-cv\">CV<\/a><\/h2>\t\t\t\t<\/div>\n\t\t\t\t<\/div>\n\t\t\t\t<\/div>\n\t\t<div class=\"elementor-element elementor-element-97ceb60 e-con-full e-flex e-con e-child\" data-id=\"97ceb60\" data-element_type=\"container\" data-e-type=\"container\">\n\t\t\t\t<div class=\"elementor-element elementor-element-072302e elementor-widget elementor-widget-image\" data-id=\"072302e\" data-element_type=\"widget\" data-e-type=\"widget\" data-widget_type=\"image.default\">\n\t\t\t\t<div class=\"elementor-widget-container\">\n\t\t\t\t\t\t\t\t\t\t\t\t\t\t\t<img loading=\"lazy\" decoding=\"async\" width=\"1500\" height=\"1500\" src=\"https:\/\/www.armagallery.com\/wp-content\/uploads\/2024\/10\/arma-gallery-contemporary-art-artist-luis-hauschka-6.jpg\" class=\"attachment-full size-full wp-image-4868\" alt=\"Arma Gallery - Contemporary art - Artist - Jiri Hauschka - 6\" \/>\t\t\t\t\t\t\t\t\t\t\t\t\t\t\t<\/div>\n\t\t\t\t<\/div>\n\t\t\t\t<\/div>\n\t\t\t\t\t<\/div>\n\t\t\t\t<\/div>\n\t\t\t\t\t<\/div>\n\t\t\t\t<\/div>\n\t\t<div class=\"elementor-element elementor-element-5ed406d e-flex e-con-boxed e-con e-parent\" data-id=\"5ed406d\" data-element_type=\"container\" data-e-type=\"container\">\n\t\t\t\t\t<div class=\"e-con-inner\">\n\t\t<div class=\"elementor-element elementor-element-88bf8e3 e-con-full e-flex e-con e-child\" data-id=\"88bf8e3\" data-element_type=\"container\" data-e-type=\"container\">\n\t\t<div class=\"elementor-element elementor-element-b13fb43 e-con-full e-flex e-con e-child\" data-id=\"b13fb43\" data-element_type=\"container\" data-e-type=\"container\">\n\t\t\t\t<div class=\"elementor-element elementor-element-2a12ce2 elementor-widget elementor-widget-video\" data-id=\"2a12ce2\" data-element_type=\"widget\" data-e-type=\"widget\" data-settings=\"{&quot;video_type&quot;:&quot;hosted&quot;,&quot;autoplay&quot;:&quot;yes&quot;,&quot;mute&quot;:&quot;yes&quot;,&quot;loop&quot;:&quot;yes&quot;}\" data-widget_type=\"video.default\">\n\t\t\t\t<div class=\"elementor-widget-container\">\n\t\t\t\t\t\t\t<div class=\"e-hosted-video elementor-wrapper elementor-open-inline\">\n\t\t\t\t\t<video class=\"elementor-video\" src=\"https:\/\/www.armagallery.com\/wp-content\/uploads\/2024\/10\/arma-gallery-contemporary-art-artist-luis-hauschka-7.mp4\" autoplay=\"\" loop=\"\" muted=\"muted\" controlsList=\"nodownload\"><\/video>\n\t\t\t\t<\/div>\n\t\t\t\t\t\t<\/div>\n\t\t\t\t<\/div>\n\t\t\t\t<\/div>\n\t\t<div class=\"elementor-element elementor-element-1905250 e-con-full e-flex e-con e-child\" data-id=\"1905250\" data-element_type=\"container\" data-e-type=\"container\">\n\t\t\t\t<div class=\"elementor-element elementor-element-cb5187f elementor-widget elementor-widget-text-editor\" data-id=\"cb5187f\" data-element_type=\"widget\" data-e-type=\"widget\" id=\"bio-jiri-hauschka\" data-widget_type=\"text-editor.default\">\n\t\t\t\t<div class=\"elementor-widget-container\">\n\t\t\t\t\t\t\t\t\t<p><span style=\"font-weight: 400;\">Ji\u0159\u00ed Hauschka (nacido en 1965 en \u0160umperk, Rep\u00fablica Checa) es un pintor checo y miembro del movimiento internacional Stuckist. Recibi\u00f3 formaci\u00f3n en artes cl\u00e1sicas y actualmente reside en Praga. Su obra se sit\u00faa en la intersecci\u00f3n de la abstracci\u00f3n y la figuraci\u00f3n, equilibrando la complejidad de ambos lenguajes en un estilo distintivo. Sus piezas forman parte de la Galer\u00eda Nacional de Praga y diversas colecciones privadas. <\/span><\/p>\n<p><span style=\"font-weight: 400;\">Inicialmente conocido por su enfoque abstracto, el desarrollo art\u00edstico de Ji\u0159\u00ed Hauschka se transform\u00f3 durante su estancia en el Reino Unido en 2005, donde conoci\u00f3 a Charles Thomson, fundador del Stuckism. Este per\u00edodo le llev\u00f3 a perfeccionar sus trabajos con detalles realizados mediante l\u00edneas negras que recuerdan al l\u00e1piz. A su regreso a Praga, su estilo evolucion\u00f3 hacia una concepci\u00f3n m\u00e1s realista, fusionando la abstracci\u00f3n con elementos de realismo m\u00e1gico. <\/span><\/p>\n\t\t\t\t\t\t\t\t<\/div>\n\t\t\t\t<\/div>\n\t\t\t\t<\/div>\n\t\t\t\t<\/div>\n\t\t<div class=\"elementor-element elementor-element-380ba7d e-con-full e-flex e-con e-child\" data-id=\"380ba7d\" data-element_type=\"container\" data-e-type=\"container\">\n\t\t\t\t<div class=\"elementor-element elementor-element-1d55d5d elementor-widget elementor-widget-text-editor\" data-id=\"1d55d5d\" data-element_type=\"widget\" data-e-type=\"widget\" data-widget_type=\"text-editor.default\">\n\t\t\t\t<div class=\"elementor-widget-container\">\n\t\t\t\t\t\t\t\t\t<p style=\"font-family: Raleway, sans-serif; font-size: 14px; letter-spacing: 0.5px;\"><span style=\"font-weight: 400;\">Sus paisajes transmiten a menudo una atm\u00f3sfera enigm\u00e1tica, explorando la cualidad m\u00edstica de los bosques, donde la niebla y las sombras crean un di\u00e1logo entre los mundos interior y exterior. Esta sensibilidad ha sido reconocida en diversos espacios art\u00edsticos; entre sus logros destacan el C\u00e9sar Monzon\u00eds Collection Award en la Feria Marte de Castell\u00f3n y la adquisici\u00f3n de una de sus obras para la Colecci\u00f3n SOLO en la UVNT Art Fair de Madrid. <\/span><\/p>\n\t\t\t\t\t\t\t\t<\/div>\n\t\t\t\t<\/div>\n\t\t\t\t<\/div>\n\t\t<div class=\"elementor-element elementor-element-0189124 e-con-full e-flex e-con e-child\" data-id=\"0189124\" data-element_type=\"container\" data-e-type=\"container\">\n\t\t\t\t<div class=\"elementor-element elementor-element-ea41abe elementor-widget elementor-widget-heading\" data-id=\"ea41abe\" data-element_type=\"widget\" data-e-type=\"widget\" id=\"jiri-hauschka-artworks\" data-widget_type=\"heading.default\">\n\t\t\t\t<div class=\"elementor-widget-container\">\n\t\t\t\t\t<h2 class=\"elementor-heading-title elementor-size-default\">obras destacadas<\/h2>\t\t\t\t<\/div>\n\t\t\t\t<\/div>\n\t\t\t\t<\/div>\n\t\t<div class=\"elementor-element elementor-element-5b97776 e-con-full e-flex e-con e-child\" data-id=\"5b97776\" data-element_type=\"container\" data-e-type=\"container\">\n\t\t<div class=\"elementor-element elementor-element-7daeef9 e-con-full e-flex e-con e-child\" data-id=\"7daeef9\" data-element_type=\"container\" data-e-type=\"container\">\n\t\t\t\t<div class=\"elementor-element elementor-element-277d780 elementor-widget elementor-widget-image\" data-id=\"277d780\" data-element_type=\"widget\" data-e-type=\"widget\" data-widget_type=\"image.default\">\n\t\t\t\t<div class=\"elementor-widget-container\">\n\t\t\t\t\t\t\t\t\t\t\t\t\t\t\t<img loading=\"lazy\" decoding=\"async\" width=\"1500\" height=\"1500\" src=\"https:\/\/www.armagallery.com\/wp-content\/uploads\/2024\/10\/arma-gallery-contemporary-art-artist-luis-hauschka-3.jpg\" class=\"attachment-full size-full wp-image-4874\" alt=\"Arma Gallery - Contemporary art - Artist - Jiri Hauschka - 3\" \/>\t\t\t\t\t\t\t\t\t\t\t\t\t\t\t<\/div>\n\t\t\t\t<\/div>\n\t\t\t\t<div class=\"elementor-element elementor-element-e079b37 elementor-widget elementor-widget-heading\" data-id=\"e079b37\" data-element_type=\"widget\" data-e-type=\"widget\" data-widget_type=\"heading.default\">\n\t\t\t\t<div class=\"elementor-widget-container\">\n\t\t\t\t\t<h2 class=\"elementor-heading-title elementor-size-default\">JIRI HAUSCHKA<\/h2>\t\t\t\t<\/div>\n\t\t\t\t<\/div>\n\t\t\t\t<div class=\"elementor-element elementor-element-1f4657b elementor-widget elementor-widget-text-editor\" data-id=\"1f4657b\" data-element_type=\"widget\" data-e-type=\"widget\" data-widget_type=\"text-editor.default\">\n\t\t\t\t<div class=\"elementor-widget-container\">\n\t\t\t\t\t\t\t\t\t<p>Their Love, 2024<\/p>\n<p>80 x 60 cm<\/p>\n\t\t\t\t\t\t\t\t<\/div>\n\t\t\t\t<\/div>\n\t\t\t\t<div class=\"elementor-element elementor-element-ea75702 elementor-widget elementor-widget-image\" data-id=\"ea75702\" data-element_type=\"widget\" data-e-type=\"widget\" data-widget_type=\"image.default\">\n\t\t\t\t<div class=\"elementor-widget-container\">\n\t\t\t\t\t\t\t\t\t\t\t\t\t\t\t<img loading=\"lazy\" decoding=\"async\" width=\"1500\" height=\"1500\" src=\"https:\/\/www.armagallery.com\/wp-content\/uploads\/2024\/10\/arma-gallery-contemporary-art-artist-luis-hauschka-4.jpg\" class=\"attachment-full size-full wp-image-4872\" alt=\"Arma Gallery - Contemporary art - Artist - Jiri Hauschka - 4\" \/>\t\t\t\t\t\t\t\t\t\t\t\t\t\t\t<\/div>\n\t\t\t\t<\/div>\n\t\t\t\t<div class=\"elementor-element elementor-element-4a53e97 elementor-widget elementor-widget-heading\" data-id=\"4a53e97\" data-element_type=\"widget\" data-e-type=\"widget\" data-widget_type=\"heading.default\">\n\t\t\t\t<div class=\"elementor-widget-container\">\n\t\t\t\t\t<h2 class=\"elementor-heading-title elementor-size-default\">JIRI HAUSCHKA<\/h2>\t\t\t\t<\/div>\n\t\t\t\t<\/div>\n\t\t\t\t<div class=\"elementor-element elementor-element-b1d83e2 elementor-widget elementor-widget-text-editor\" data-id=\"b1d83e2\" data-element_type=\"widget\" data-e-type=\"widget\" data-widget_type=\"text-editor.default\">\n\t\t\t\t<div class=\"elementor-widget-container\">\n\t\t\t\t\t\t\t\t\t<p>Colored Moments, 2024<\/p>\n<p>100 x 100 cm<\/p>\n\t\t\t\t\t\t\t\t<\/div>\n\t\t\t\t<\/div>\n\t\t\t\t<\/div>\n\t\t<div class=\"elementor-element elementor-element-48dc036 e-con-full e-flex e-con e-child\" data-id=\"48dc036\" data-element_type=\"container\" data-e-type=\"container\">\n\t\t\t\t<div class=\"elementor-element elementor-element-df522a4 elementor-widget elementor-widget-image\" data-id=\"df522a4\" data-element_type=\"widget\" data-e-type=\"widget\" data-widget_type=\"image.default\">\n\t\t\t\t<div class=\"elementor-widget-container\">\n\t\t\t\t\t\t\t\t\t\t\t\t\t\t\t<img loading=\"lazy\" decoding=\"async\" width=\"1500\" height=\"1500\" src=\"https:\/\/www.armagallery.com\/wp-content\/uploads\/2024\/10\/arma-gallery-contemporary-art-artist-luis-hauschka-2.jpg\" class=\"attachment-full size-full wp-image-4866\" alt=\"Arma Gallery - Contemporary art - Artist - Jiri Hauschka - 2\" \/>\t\t\t\t\t\t\t\t\t\t\t\t\t\t\t<\/div>\n\t\t\t\t<\/div>\n\t\t\t\t<div class=\"elementor-element elementor-element-2717536 elementor-widget elementor-widget-heading\" data-id=\"2717536\" data-element_type=\"widget\" data-e-type=\"widget\" data-widget_type=\"heading.default\">\n\t\t\t\t<div class=\"elementor-widget-container\">\n\t\t\t\t\t<h2 class=\"elementor-heading-title elementor-size-default\">JIRI HAUSCHKA<\/h2>\t\t\t\t<\/div>\n\t\t\t\t<\/div>\n\t\t\t\t<div class=\"elementor-element elementor-element-75b48f0 elementor-widget elementor-widget-text-editor\" data-id=\"75b48f0\" data-element_type=\"widget\" data-e-type=\"widget\" data-widget_type=\"text-editor.default\">\n\t\t\t\t<div class=\"elementor-widget-container\">\n\t\t\t\t\t\t\t\t\t<p>Study for \u00abTwo dogs inside\u00bb, 2024<\/p>\n<p>60 x 50 cm<\/p>\n\t\t\t\t\t\t\t\t<\/div>\n\t\t\t\t<\/div>\n\t\t\t\t<div class=\"elementor-element elementor-element-20c05ef elementor-widget elementor-widget-image\" data-id=\"20c05ef\" data-element_type=\"widget\" data-e-type=\"widget\" data-widget_type=\"image.default\">\n\t\t\t\t<div class=\"elementor-widget-container\">\n\t\t\t\t\t\t\t\t\t\t\t\t\t\t\t<img loading=\"lazy\" decoding=\"async\" width=\"1500\" height=\"1500\" src=\"https:\/\/www.armagallery.com\/wp-content\/uploads\/2024\/10\/arma-gallery-contemporary-art-artist-luis-hauschka-5.jpg\" class=\"attachment-full size-full wp-image-4870\" alt=\"Arma Gallery - Contemporary art - Artist - Jiri Hauschka - 5\" \/>\t\t\t\t\t\t\t\t\t\t\t\t\t\t\t<\/div>\n\t\t\t\t<\/div>\n\t\t\t\t<div class=\"elementor-element elementor-element-3dd4fed elementor-widget elementor-widget-heading\" data-id=\"3dd4fed\" data-element_type=\"widget\" data-e-type=\"widget\" data-widget_type=\"heading.default\">\n\t\t\t\t<div class=\"elementor-widget-container\">\n\t\t\t\t\t<h2 class=\"elementor-heading-title elementor-size-default\">JIRI HAUSCHKA<\/h2>\t\t\t\t<\/div>\n\t\t\t\t<\/div>\n\t\t\t\t<div class=\"elementor-element elementor-element-79d990c elementor-widget elementor-widget-text-editor\" data-id=\"79d990c\" data-element_type=\"widget\" data-e-type=\"widget\" data-widget_type=\"text-editor.default\">\n\t\t\t\t<div class=\"elementor-widget-container\">\n\t\t\t\t\t\t\t\t\t<p>Traveller &#8211; Version B, 2024<\/p>\n<p>80 x 50 cm<\/p>\n\t\t\t\t\t\t\t\t<\/div>\n\t\t\t\t<\/div>\n\t\t\t\t<\/div>\n\t\t\t\t<\/div>\n\t\t<div class=\"elementor-element elementor-element-b47d45e e-con-full e-flex e-con e-child\" data-id=\"b47d45e\" data-element_type=\"container\" data-e-type=\"container\">\n\t\t\t\t<div class=\"elementor-element elementor-element-78a8d96 elementor-align-center elementor-widget elementor-widget-button\" data-id=\"78a8d96\" data-element_type=\"widget\" data-e-type=\"widget\" data-widget_type=\"button.default\">\n\t\t\t\t<div class=\"elementor-widget-container\">\n\t\t\t\t\t\t\t\t\t<div class=\"elementor-button-wrapper\">\n\t\t\t\t\t<a class=\"elementor-button elementor-button-link elementor-size-sm\" href=\"https:\/\/www.artsy.net\/artist\/jiri-hauschka\" target=\"_blank\" rel=\"nofollow noopener\">\n\t\t\t\t\t\t<span class=\"elementor-button-content-wrapper\">\n\t\t\t\t\t\t\t\t\t<span class=\"elementor-button-text\">ver m\u00e1s en ARTSY<\/span>\n\t\t\t\t\t<\/span>\n\t\t\t\t\t<\/a>\n\t\t\t\t<\/div>\n\t\t\t\t\t\t\t\t<\/div>\n\t\t\t\t<\/div>\n\t\t<div class=\"elementor-element elementor-element-4ef57d0 e-con-full e-flex e-con e-child\" data-id=\"4ef57d0\" data-element_type=\"container\" data-e-type=\"container\">\n\t\t\t\t<div class=\"elementor-element elementor-element-8bc4e97 elementor-widget elementor-widget-heading\" data-id=\"8bc4e97\" data-element_type=\"widget\" data-e-type=\"widget\" id=\"jiri-hauschka-exhibitions\" data-widget_type=\"heading.default\">\n\t\t\t\t<div class=\"elementor-widget-container\">\n\t\t\t\t\t<h2 class=\"elementor-heading-title elementor-size-default\">EXPOSICIONES<\/h2>\t\t\t\t<\/div>\n\t\t\t\t<\/div>\n\t\t<div class=\"elementor-element elementor-element-7632cb6 e-con-full e-flex e-con e-child\" data-id=\"7632cb6\" data-element_type=\"container\" data-e-type=\"container\">\n\t\t<div class=\"elementor-element elementor-element-812510f e-con-full e-flex e-con e-child\" data-id=\"812510f\" data-element_type=\"container\" data-e-type=\"container\">\n\t\t\t\t<div class=\"elementor-element elementor-element-b5013e8 elementor-widget elementor-widget-image\" data-id=\"b5013e8\" data-element_type=\"widget\" data-e-type=\"widget\" data-widget_type=\"image.default\">\n\t\t\t\t<div class=\"elementor-widget-container\">\n\t\t\t\t\t\t\t\t\t\t\t\t\t\t\t<img loading=\"lazy\" decoding=\"async\" width=\"1500\" height=\"947\" src=\"https:\/\/www.armagallery.com\/wp-content\/uploads\/2025\/08\/arma-contemporary-art-fairs-marte-art-fair-castellon-2025-3.jpg\" class=\"attachment-full size-full wp-image-8426\" alt=\"ARMA GALLERY - Contemporary Art -Art Fairs - Marte Art Fair - Castell\u00f3n 2025 - 3\" \/>\t\t\t\t\t\t\t\t\t\t\t\t\t\t\t<\/div>\n\t\t\t\t<\/div>\n\t\t\t\t<div class=\"elementor-element elementor-element-fe25519 elementor-widget elementor-widget-heading\" data-id=\"fe25519\" data-element_type=\"widget\" data-e-type=\"widget\" data-widget_type=\"heading.default\">\n\t\t\t\t<div class=\"elementor-widget-container\">\n\t\t\t\t\t<h2 class=\"elementor-heading-title elementor-size-default\">FERIA MARTE 2025<\/h2>\t\t\t\t<\/div>\n\t\t\t\t<\/div>\n\t\t\t\t<div class=\"elementor-element elementor-element-0fb9f48 elementor-widget elementor-widget-text-editor\" data-id=\"0fb9f48\" data-element_type=\"widget\" data-e-type=\"widget\" data-widget_type=\"text-editor.default\">\n\t\t\t\t<div class=\"elementor-widget-container\">\n\t\t\t\t\t\t\t\t\t<p class=\"elementor-heading-title elementor-size-default\">23 &#8211; 25 Mayo | Castell\u00f3n<\/p>\n\t\t\t\t\t\t\t\t<\/div>\n\t\t\t\t<\/div>\n\t\t\t\t<\/div>\n\t\t<div class=\"elementor-element elementor-element-8764d59 e-con-full e-flex e-con e-child\" data-id=\"8764d59\" data-element_type=\"container\" data-e-type=\"container\">\n\t\t\t\t<div class=\"elementor-element elementor-element-e8f1d42 elementor-widget elementor-widget-image\" data-id=\"e8f1d42\" data-element_type=\"widget\" data-e-type=\"widget\" data-widget_type=\"image.default\">\n\t\t\t\t<div class=\"elementor-widget-container\">\n\t\t\t\t\t\t\t\t\t\t\t\t\t\t\t<img loading=\"lazy\" decoding=\"async\" width=\"1500\" height=\"1000\" src=\"https:\/\/www.armagallery.com\/wp-content\/uploads\/2025\/03\/arma-gallery-contemporary-art-zona-uvnt-2025-stand.jpg\" class=\"attachment-full size-full wp-image-8423\" alt=\"ARMA GALLERY - Contemporary Art - Zona UVNT 2025 - Stand\" \/>\t\t\t\t\t\t\t\t\t\t\t\t\t\t\t<\/div>\n\t\t\t\t<\/div>\n\t\t\t\t<div class=\"elementor-element elementor-element-c990a74 elementor-widget elementor-widget-heading\" data-id=\"c990a74\" data-element_type=\"widget\" data-e-type=\"widget\" data-widget_type=\"heading.default\">\n\t\t\t\t<div class=\"elementor-widget-container\">\n\t\t\t\t\t<h2 class=\"elementor-heading-title elementor-size-default\">UVNT FERIA DE ARTE 2025<\/h2>\t\t\t\t<\/div>\n\t\t\t\t<\/div>\n\t\t\t\t<div class=\"elementor-element elementor-element-424518c elementor-widget elementor-widget-text-editor\" data-id=\"424518c\" data-element_type=\"widget\" data-e-type=\"widget\" data-widget_type=\"text-editor.default\">\n\t\t\t\t<div class=\"elementor-widget-container\">\n\t\t\t\t\t\t\t\t\t<p class=\"elementor-heading-title elementor-size-default\">6 \u2013 9 Marzo | Matadero, Madrid<\/p>\n\t\t\t\t\t\t\t\t<\/div>\n\t\t\t\t<\/div>\n\t\t\t\t<\/div>\n\t\t\t\t<\/div>\n\t\t\t\t<\/div>\n\t\t<div class=\"elementor-element elementor-element-b7424c8 e-con-full e-flex e-con e-child\" data-id=\"b7424c8\" data-element_type=\"container\" data-e-type=\"container\">\n\t\t\t\t<div class=\"elementor-element elementor-element-7a30d78 elementor-widget elementor-widget-heading\" data-id=\"7a30d78\" data-element_type=\"widget\" data-e-type=\"widget\" id=\"jiri-hauschka-contact\" data-widget_type=\"heading.default\">\n\t\t\t\t<div class=\"elementor-widget-container\">\n\t\t\t\t\t<h2 class=\"elementor-heading-title elementor-size-default\">CONTACTO<\/h2>\t\t\t\t<\/div>\n\t\t\t\t<\/div>\n\t\t\t\t<\/div>\n\t\t\t\t<div class=\"elementor-element elementor-element-dfe8ee2 elementor-widget elementor-widget-text-editor\" data-id=\"dfe8ee2\" data-element_type=\"widget\" data-e-type=\"widget\" data-widget_type=\"text-editor.default\">\n\t\t\t\t<div class=\"elementor-widget-container\">\n\t\t\t\t\t\t\t\t\t<h3 class=\"elementor-heading-title elementor-size-default elementor-inline-editing pen\" style=\"font-family: Raleway, sans-serif; line-height: 2.4em; color: #333333; font-size: 14px;\" data-elementor-setting-key=\"title\" data-pen-placeholder=\"Type Here...\">Para consultas, puedes escribirnos a info@armagallery.com<\/h3>\n\t\t\t\t\t\t\t\t<\/div>\n\t\t\t\t<\/div>\n\t\t<div class=\"elementor-element elementor-element-ba6a883 e-con-full e-flex e-con e-child\" data-id=\"ba6a883\" data-element_type=\"container\" data-e-type=\"container\">\n\t\t\t\t<div class=\"elementor-element elementor-element-47d1484 elementor-widget elementor-widget-heading\" data-id=\"47d1484\" data-element_type=\"widget\" data-e-type=\"widget\" id=\"jiri-hauschka-cv\" data-widget_type=\"heading.default\">\n\t\t\t\t<div class=\"elementor-widget-container\">\n\t\t\t\t\t<h2 class=\"elementor-heading-title elementor-size-default\">CV<\/h2>\t\t\t\t<\/div>\n\t\t\t\t<\/div>\n\t\t\t\t<\/div>\n\t\t<div class=\"elementor-element elementor-element-2a38271 e-con-full e-flex e-con e-child\" data-id=\"2a38271\" data-element_type=\"container\" data-e-type=\"container\">\n\t\t\t\t<div class=\"elementor-element elementor-element-6cf5995 elementor-widget elementor-widget-html\" data-id=\"6cf5995\" data-element_type=\"widget\" data-e-type=\"widget\" data-widget_type=\"html.default\">\n\t\t\t\t<div class=\"elementor-widget-container\">\n\t\t\t\t\t<iframe src=\"https:\/\/docs.google.com\/spreadsheets\/d\/e\/2PACX-1vQPa21XvYOflrYTOeX7MySSEFdOxgMvi5eqlBiNjnOS1QxUGWO9Re0oXf8aBzOfDnD7D2bIvmcllcUz\/pubhtml\" width=\"100%\" height=\"100%\"><\/iframe>\r\n\t\t\t\t<\/div>\n\t\t\t\t<\/div>\n\t\t\t\t<\/div>\n\t\t\t\t<\/div>\n\t\t\t\t\t<\/div>\n\t\t\t\t<\/div>\n\t\t\t\t<\/div>\n\t\t","protected":false},"excerpt":{"rendered":"<p>JIRI HAUSCHKA BIOGRAF\u00cdA OBRAS EXPOSICIONES CONTACTO CV https:\/\/www.armagallery.com\/wp-content\/uploads\/2024\/10\/arma-gallery-contemporary-art-artist-luis-hauschka-7.mp4 Ji\u0159\u00ed Hauschka (nacido en 1965 en \u0160umperk, Rep\u00fablica Checa) es un pintor checo y miembro del movimiento internacional Stuckist. Recibi\u00f3 formaci\u00f3n en artes cl\u00e1sicas y actualmente reside en Praga. Su obra se sit\u00faa en la intersecci\u00f3n de la abstracci\u00f3n y la figuraci\u00f3n, equilibrando la complejidad de ambos [&hellip;]<\/p>\n","protected":false},"author":4,"featured_media":4864,"parent":0,"menu_order":0,"comment_status":"closed","ping_status":"closed","template":"","meta":{"footnotes":""},"class_list":["post-4921","page","type-page","status-publish","has-post-thumbnail","hentry"],"_links":{"self":[{"href":"https:\/\/www.armagallery.com\/es\/wp-json\/wp\/v2\/pages\/4921","targetHints":{"allow":["GET"]}}],"collection":[{"href":"https:\/\/www.armagallery.com\/es\/wp-json\/wp\/v2\/pages"}],"about":[{"href":"https:\/\/www.armagallery.com\/es\/wp-json\/wp\/v2\/types\/page"}],"author":[{"embeddable":true,"href":"https:\/\/www.armagallery.com\/es\/wp-json\/wp\/v2\/users\/4"}],"replies":[{"embeddable":true,"href":"https:\/\/www.armagallery.com\/es\/wp-json\/wp\/v2\/comments?post=4921"}],"version-history":[{"count":2,"href":"https:\/\/www.armagallery.com\/es\/wp-json\/wp\/v2\/pages\/4921\/revisions"}],"predecessor-version":[{"id":8270,"href":"https:\/\/www.armagallery.com\/es\/wp-json\/wp\/v2\/pages\/4921\/revisions\/8270"}],"wp:featuredmedia":[{"embeddable":true,"href":"https:\/\/www.armagallery.com\/es\/wp-json\/"}],"wp:attachment":[{"href":"https:\/\/www.armagallery.com\/es\/wp-json\/wp\/v2\/media?parent=4921"}],"curies":[{"name":"wp","href":"https:\/\/api.w.org\/{rel}","templated":true}]}}