{"id":3728,"date":"2023-12-12T18:37:44","date_gmt":"2023-12-12T18:37:44","guid":{"rendered":"https:\/\/www.armagallery.com\/misterpiro"},"modified":"2026-03-24T11:37:09","modified_gmt":"2026-03-24T11:37:09","slug":"misterpiro","status":"publish","type":"page","link":"https:\/\/www.armagallery.com\/es\/misterpiro","title":{"rendered":"Misterpiro"},"content":{"rendered":"\t\t<div data-elementor-type=\"wp-page\" data-elementor-id=\"3728\" class=\"elementor elementor-3728 elementor-1971\" data-elementor-post-type=\"page\">\n\t\t\t\t\t\t<section class=\"elementor-section elementor-top-section elementor-element elementor-element-cddb7d5 elementor-section-boxed elementor-section-height-default elementor-section-height-default\" data-id=\"cddb7d5\" data-element_type=\"section\" data-e-type=\"section\" id=\"misterpiro-page\">\n\t\t\t\t\t\t<div class=\"elementor-container elementor-column-gap-default\">\n\t\t\t\t\t<div class=\"elementor-column elementor-col-50 elementor-top-column elementor-element elementor-element-12c4ade\" data-id=\"12c4ade\" data-element_type=\"column\" data-e-type=\"column\">\n\t\t\t<div class=\"elementor-widget-wrap elementor-element-populated\">\n\t\t\t\t\t\t<div class=\"elementor-element elementor-element-e74bec7 elementor-widget elementor-widget-heading\" data-id=\"e74bec7\" data-element_type=\"widget\" data-e-type=\"widget\" data-widget_type=\"heading.default\">\n\t\t\t\t<div class=\"elementor-widget-container\">\n\t\t\t\t\t<h2 class=\"elementor-heading-title elementor-size-default\">MISTERPIRO<\/h2>\t\t\t\t<\/div>\n\t\t\t\t<\/div>\n\t\t\t\t<div class=\"elementor-element elementor-element-a26f6ea elementor-widget elementor-widget-heading\" data-id=\"a26f6ea\" data-element_type=\"widget\" data-e-type=\"widget\" data-widget_type=\"heading.default\">\n\t\t\t\t<div class=\"elementor-widget-container\">\n\t\t\t\t\t<h3 class=\"elementor-heading-title elementor-size-default\"><a href=\"#bio-misterpiro\">BIOGRAF\u00cdA<\/a><\/h3>\t\t\t\t<\/div>\n\t\t\t\t<\/div>\n\t\t\t\t<div class=\"elementor-element elementor-element-6efc925 elementor-widget elementor-widget-heading\" data-id=\"6efc925\" data-element_type=\"widget\" data-e-type=\"widget\" data-widget_type=\"heading.default\">\n\t\t\t\t<div class=\"elementor-widget-container\">\n\t\t\t\t\t<h3 class=\"elementor-heading-title elementor-size-default\"><a href=\"#featured-artworks-misterpiro\">OBRAS<\/a><\/h3>\t\t\t\t<\/div>\n\t\t\t\t<\/div>\n\t\t\t\t<div class=\"elementor-element elementor-element-64f4861 elementor-widget elementor-widget-heading\" data-id=\"64f4861\" data-element_type=\"widget\" data-e-type=\"widget\" data-widget_type=\"heading.default\">\n\t\t\t\t<div class=\"elementor-widget-container\">\n\t\t\t\t\t<h3 class=\"elementor-heading-title elementor-size-default\"><a href=\"#contact-misterpiro\">CONTACTO<\/a><\/h3>\t\t\t\t<\/div>\n\t\t\t\t<\/div>\n\t\t\t\t\t<\/div>\n\t\t<\/div>\n\t\t\t\t<div class=\"elementor-column elementor-col-50 elementor-top-column elementor-element elementor-element-9161a16\" data-id=\"9161a16\" data-element_type=\"column\" data-e-type=\"column\">\n\t\t\t<div class=\"elementor-widget-wrap elementor-element-populated\">\n\t\t\t\t\t\t<div class=\"elementor-element elementor-element-88725ab elementor-widget elementor-widget-image\" data-id=\"88725ab\" data-element_type=\"widget\" data-e-type=\"widget\" data-widget_type=\"image.default\">\n\t\t\t\t<div class=\"elementor-widget-container\">\n\t\t\t\t\t\t\t\t\t\t\t\t\t\t\t<img loading=\"lazy\" decoding=\"async\" width=\"800\" height=\"800\" src=\"https:\/\/www.armagallery.com\/wp-content\/uploads\/2023\/12\/arma-gallery-contemporary-art-artist-misterpiro-4.jpg\" class=\"attachment-large size-large wp-image-1961\" alt=\"ARMA GALLERY - Contemporary Art - Misterpiro - 4\" \/>\t\t\t\t\t\t\t\t\t\t\t\t\t\t\t<\/div>\n\t\t\t\t<\/div>\n\t\t\t\t\t<\/div>\n\t\t<\/div>\n\t\t\t\t\t<\/div>\n\t\t<\/section>\n\t\t\t\t<section class=\"elementor-section elementor-top-section elementor-element elementor-element-12b4ffc elementor-section-boxed elementor-section-height-default elementor-section-height-default\" data-id=\"12b4ffc\" data-element_type=\"section\" data-e-type=\"section\">\n\t\t\t\t\t\t<div class=\"elementor-container elementor-column-gap-default\">\n\t\t\t\t\t<div class=\"elementor-column elementor-col-50 elementor-top-column elementor-element elementor-element-90474ff\" data-id=\"90474ff\" data-element_type=\"column\" data-e-type=\"column\">\n\t\t\t<div class=\"elementor-widget-wrap elementor-element-populated\">\n\t\t\t\t\t\t<div class=\"elementor-element elementor-element-62091bc elementor-widget elementor-widget-image\" data-id=\"62091bc\" data-element_type=\"widget\" data-e-type=\"widget\" data-widget_type=\"image.default\">\n\t\t\t\t<div class=\"elementor-widget-container\">\n\t\t\t\t\t\t\t\t\t\t\t\t\t\t\t<img loading=\"lazy\" decoding=\"async\" width=\"800\" height=\"533\" src=\"https:\/\/www.armagallery.com\/wp-content\/uploads\/2023\/12\/arma-gallery-contemporary-art-artist-misterpiro-1.jpg\" class=\"attachment-large size-large wp-image-1963\" alt=\"ARMA GALLERY - Contemporary Art - Misterpiro - 1\" srcset=\"https:\/\/www.armagallery.com\/wp-content\/uploads\/2023\/12\/arma-gallery-contemporary-art-artist-misterpiro-1.jpg 901w, https:\/\/www.armagallery.com\/wp-content\/uploads\/2023\/12\/arma-gallery-contemporary-art-artist-misterpiro-1-600x400.jpg 600w, https:\/\/www.armagallery.com\/wp-content\/uploads\/2023\/12\/arma-gallery-contemporary-art-artist-misterpiro-1-300x200.jpg 300w, https:\/\/www.armagallery.com\/wp-content\/uploads\/2023\/12\/arma-gallery-contemporary-art-artist-misterpiro-1-768x511.jpg 768w\" sizes=\"auto, (max-width: 800px) 100vw, 800px\" \/>\t\t\t\t\t\t\t\t\t\t\t\t\t\t\t<\/div>\n\t\t\t\t<\/div>\n\t\t\t\t\t<\/div>\n\t\t<\/div>\n\t\t\t\t<div class=\"elementor-column elementor-col-50 elementor-top-column elementor-element elementor-element-3b28659\" data-id=\"3b28659\" data-element_type=\"column\" data-e-type=\"column\">\n\t\t\t<div class=\"elementor-widget-wrap elementor-element-populated\">\n\t\t\t\t\t\t<div class=\"elementor-element elementor-element-5da279a elementor-widget__width-initial elementor-widget elementor-widget-text-editor\" data-id=\"5da279a\" data-element_type=\"widget\" data-e-type=\"widget\" id=\"bio-misterpiro\" data-widget_type=\"text-editor.default\">\n\t\t\t\t<div class=\"elementor-widget-container\">\n\t\t\t\t\t\t\t\t\t<p><span style=\"font-weight: 400;\">Andr\u00e9s S\u00e1nchez, conocido como Piro (Plasencia, 1994), es un artista visual y expresionista. Su obra explora el impulso vital y el trazo, en una b\u00fasqueda constante por crear piezas sensoriales. El expresionismo se manifiesta a trav\u00e9s de impulsos progresivos traducidos en trazos, caracterizados por una frescura pl\u00e1stica donde el color y la vibraci\u00f3n saturan el lienzo. Se trata de un cuerpo de obra autobiogr\u00e1fico, lleno de identidad y energ\u00eda, que genera piezas completamente sensoriales. Con formaci\u00f3n en Dise\u00f1o por la Universidad Complutense de Madrid, comenz\u00f3 su trayectoria en las calles bajo el seud\u00f3nimo \u201cMisterpiro\u201d, experiencia que integra en su trabajo de estudio, donde libertad, experimentaci\u00f3n y expresionismo interact\u00faan con diversas superficies y objetos. <\/span><\/p>\n\t\t\t\t\t\t\t\t<\/div>\n\t\t\t\t<\/div>\n\t\t\t\t\t<\/div>\n\t\t<\/div>\n\t\t\t\t\t<\/div>\n\t\t<\/section>\n\t\t\t\t<section class=\"elementor-section elementor-top-section elementor-element elementor-element-8f3bc3f elementor-section-boxed elementor-section-height-default elementor-section-height-default\" data-id=\"8f3bc3f\" data-element_type=\"section\" data-e-type=\"section\">\n\t\t\t\t\t\t<div class=\"elementor-container elementor-column-gap-default\">\n\t\t\t\t\t<div class=\"elementor-column elementor-col-100 elementor-top-column elementor-element elementor-element-b8184bd\" data-id=\"b8184bd\" data-element_type=\"column\" data-e-type=\"column\">\n\t\t\t<div class=\"elementor-widget-wrap elementor-element-populated\">\n\t\t\t\t\t\t<div class=\"elementor-element elementor-element-3c8c6c4 elementor-widget elementor-widget-image\" data-id=\"3c8c6c4\" data-element_type=\"widget\" data-e-type=\"widget\" data-widget_type=\"image.default\">\n\t\t\t\t<div class=\"elementor-widget-container\">\n\t\t\t\t\t\t\t\t\t\t\t\t\t\t\t<img loading=\"lazy\" decoding=\"async\" width=\"1200\" height=\"800\" src=\"https:\/\/www.armagallery.com\/wp-content\/uploads\/2023\/12\/arma-gallery-contemporary-art-artist-misterpiro-7.jpeg\" class=\"attachment-full size-full wp-image-8290\" alt=\"ARMA GALLERY - Contemporary Art - Misterpiro - 7\" srcset=\"https:\/\/www.armagallery.com\/wp-content\/uploads\/2023\/12\/arma-gallery-contemporary-art-artist-misterpiro-7.jpeg 1200w, https:\/\/www.armagallery.com\/wp-content\/uploads\/2023\/12\/arma-gallery-contemporary-art-artist-misterpiro-7-600x400.jpeg 600w, https:\/\/www.armagallery.com\/wp-content\/uploads\/2023\/12\/arma-gallery-contemporary-art-artist-misterpiro-7-300x200.jpeg 300w, https:\/\/www.armagallery.com\/wp-content\/uploads\/2023\/12\/arma-gallery-contemporary-art-artist-misterpiro-7-1024x683.jpeg 1024w, https:\/\/www.armagallery.com\/wp-content\/uploads\/2023\/12\/arma-gallery-contemporary-art-artist-misterpiro-7-768x512.jpeg 768w\" sizes=\"auto, (max-width: 1200px) 100vw, 1200px\" \/>\t\t\t\t\t\t\t\t\t\t\t\t\t\t\t<\/div>\n\t\t\t\t<\/div>\n\t\t\t\t\t<\/div>\n\t\t<\/div>\n\t\t\t\t\t<\/div>\n\t\t<\/section>\n\t\t\t\t<section class=\"elementor-section elementor-top-section elementor-element elementor-element-83a4172 elementor-section-boxed elementor-section-height-default elementor-section-height-default\" data-id=\"83a4172\" data-element_type=\"section\" data-e-type=\"section\">\n\t\t\t\t\t\t<div class=\"elementor-container elementor-column-gap-default\">\n\t\t\t\t\t<div class=\"elementor-column elementor-col-100 elementor-top-column elementor-element elementor-element-d704d58\" data-id=\"d704d58\" data-element_type=\"column\" data-e-type=\"column\">\n\t\t\t<div class=\"elementor-widget-wrap elementor-element-populated\">\n\t\t\t\t\t\t<div class=\"elementor-element elementor-element-8dc51af elementor-widget elementor-widget-text-editor\" data-id=\"8dc51af\" data-element_type=\"widget\" data-e-type=\"widget\" data-widget_type=\"text-editor.default\">\n\t\t\t\t<div class=\"elementor-widget-container\">\n\t\t\t\t\t\t\t\t\t<p><span style=\"font-weight: 400;\">La obra de Piro surge desde la m\u00e1s profunda subjetividad, experiencias vitales en las que kil\u00f3metros, personas y momentos generan un abanico de sensaciones y recuerdos intangibles. Una inspiraci\u00f3n inmaterial emerge a trav\u00e9s del expresionismo abstracto caracter\u00edstico de su trabajo, desarroll\u00e1ndose progresivamente mediante material, color y formas a lo largo de toda su producci\u00f3n.<\/span><\/p>\n<p><span style=\"font-weight: 400;\">Si bien el expresionismo se reconoce por romper con lo establecido, en la obra de Piro esta ruptura se convierte en libertad total de creaci\u00f3n, llena de emociones vitales al m\u00e1ximo, donde la m\u00fasica, el humor y el juego son ingredientes esenciales del proceso.<\/span><\/p>\n<p><span style=\"font-weight: 400;\">El resultado es un testimonio del impulso creativo, presentando un \u201cexpresionismo progresivo\u201d de sensaciones y emociones que se manifiestan gradualmente en la obra, transform\u00e1ndose en materia y trazos, un acto de creaci\u00f3n simb\u00f3lica que nos transporta a un espectro de emociones.<\/span><\/p>\n\t\t\t\t\t\t\t\t<\/div>\n\t\t\t\t<\/div>\n\t\t\t\t\t<\/div>\n\t\t<\/div>\n\t\t\t\t\t<\/div>\n\t\t<\/section>\n\t\t\t\t<section class=\"elementor-section elementor-top-section elementor-element elementor-element-914a7b8 elementor-section-boxed elementor-section-height-default elementor-section-height-default\" data-id=\"914a7b8\" data-element_type=\"section\" data-e-type=\"section\">\n\t\t\t\t\t\t<div class=\"elementor-container elementor-column-gap-default\">\n\t\t\t\t\t<div class=\"elementor-column elementor-col-100 elementor-top-column elementor-element elementor-element-f1fe6dc\" data-id=\"f1fe6dc\" data-element_type=\"column\" data-e-type=\"column\">\n\t\t\t<div class=\"elementor-widget-wrap elementor-element-populated\">\n\t\t\t\t\t\t<div class=\"elementor-element elementor-element-209e608 elementor-widget elementor-widget-heading\" data-id=\"209e608\" data-element_type=\"widget\" data-e-type=\"widget\" data-widget_type=\"heading.default\">\n\t\t\t\t<div class=\"elementor-widget-container\">\n\t\t\t\t\t<h2 class=\"elementor-heading-title elementor-size-default\">obras destacadas<\/h2>\t\t\t\t<\/div>\n\t\t\t\t<\/div>\n\t\t\t\t\t<\/div>\n\t\t<\/div>\n\t\t\t\t\t<\/div>\n\t\t<\/section>\n\t\t\t\t<section class=\"elementor-section elementor-top-section elementor-element elementor-element-e53c113 elementor-section-boxed elementor-section-height-default elementor-section-height-default\" data-id=\"e53c113\" data-element_type=\"section\" data-e-type=\"section\" id=\"featured-artworks-misterpiro\">\n\t\t\t\t\t\t<div class=\"elementor-container elementor-column-gap-default\">\n\t\t\t\t\t<div class=\"elementor-column elementor-col-50 elementor-top-column elementor-element elementor-element-113a135\" data-id=\"113a135\" data-element_type=\"column\" data-e-type=\"column\">\n\t\t\t<div class=\"elementor-widget-wrap elementor-element-populated\">\n\t\t\t\t\t\t<div class=\"elementor-element elementor-element-e1f4f22 elementor-widget elementor-widget-image\" data-id=\"e1f4f22\" data-element_type=\"widget\" data-e-type=\"widget\" data-widget_type=\"image.default\">\n\t\t\t\t<div class=\"elementor-widget-container\">\n\t\t\t\t\t\t\t\t\t\t\t\t\t\t\t\t<a href=\"https:\/\/www.artsy.net\/artist\/misterpiro\" target=\"_blank\" rel=\"nofollow noopener\">\n\t\t\t\t\t\t\t<img loading=\"lazy\" decoding=\"async\" width=\"800\" height=\"800\" src=\"https:\/\/www.armagallery.com\/wp-content\/uploads\/2023\/12\/arma-gallery-contemporary-art-artist-misterpiro-3.jpg\" class=\"attachment-large size-large wp-image-1960\" alt=\"ARMA GALLERY - Contemporary Art - Misterpiro - 3\" \/>\t\t\t\t\t\t\t\t<\/a>\n\t\t\t\t\t\t\t\t\t\t\t\t\t\t\t<\/div>\n\t\t\t\t<\/div>\n\t\t\t\t<div class=\"elementor-element elementor-element-138309c elementor-widget elementor-widget-heading\" data-id=\"138309c\" data-element_type=\"widget\" data-e-type=\"widget\" data-widget_type=\"heading.default\">\n\t\t\t\t<div class=\"elementor-widget-container\">\n\t\t\t\t\t<h2 class=\"elementor-heading-title elementor-size-default\"><a href=\"https:\/\/www.artsy.net\/artist\/misterpiro\" target=\"_blank\" rel=\"nofollow noopener\">MISTERPIRO<\/a><\/h2>\t\t\t\t<\/div>\n\t\t\t\t<\/div>\n\t\t\t\t<div class=\"elementor-element elementor-element-183e8dd elementor-widget elementor-widget-heading\" data-id=\"183e8dd\" data-element_type=\"widget\" data-e-type=\"widget\" data-widget_type=\"heading.default\">\n\t\t\t\t<div class=\"elementor-widget-container\">\n\t\t\t\t\t<h2 class=\"elementor-heading-title elementor-size-default\"><a href=\"https:\/\/www.artsy.net\/artist\/misterpiro\" target=\"_blank\" rel=\"nofollow noopener\">Sin t\u00edtulo, 2023 | 90 \u00d7 90 cm<\/a><\/h2>\t\t\t\t<\/div>\n\t\t\t\t<\/div>\n\t\t\t\t\t<\/div>\n\t\t<\/div>\n\t\t\t\t<div class=\"elementor-column elementor-col-50 elementor-top-column elementor-element elementor-element-9b2d3d2\" data-id=\"9b2d3d2\" data-element_type=\"column\" data-e-type=\"column\">\n\t\t\t<div class=\"elementor-widget-wrap elementor-element-populated\">\n\t\t\t\t\t\t<div class=\"elementor-element elementor-element-5ac473b elementor-widget elementor-widget-image\" data-id=\"5ac473b\" data-element_type=\"widget\" data-e-type=\"widget\" data-widget_type=\"image.default\">\n\t\t\t\t<div class=\"elementor-widget-container\">\n\t\t\t\t\t\t\t\t\t\t\t\t\t\t\t\t<a href=\"https:\/\/www.artsy.net\/artist\/elena-gual\" target=\"_blank\" rel=\"nofollow noopener\">\n\t\t\t\t\t\t\t<img loading=\"lazy\" decoding=\"async\" width=\"800\" height=\"800\" src=\"https:\/\/www.armagallery.com\/wp-content\/uploads\/2023\/12\/arma-gallery-contemporary-art-artist-misterpiro-2.jpg\" class=\"attachment-large size-large wp-image-1959\" alt=\"ARMA GALLERY - Contemporary Art - Misterpiro - 2\" \/>\t\t\t\t\t\t\t\t<\/a>\n\t\t\t\t\t\t\t\t\t\t\t\t\t\t\t<\/div>\n\t\t\t\t<\/div>\n\t\t\t\t<div class=\"elementor-element elementor-element-d6e8822 elementor-widget elementor-widget-heading\" data-id=\"d6e8822\" data-element_type=\"widget\" data-e-type=\"widget\" data-widget_type=\"heading.default\">\n\t\t\t\t<div class=\"elementor-widget-container\">\n\t\t\t\t\t<h2 class=\"elementor-heading-title elementor-size-default\"><a href=\"https:\/\/www.artsy.net\/artist\/misterpiro\" target=\"_blank\" rel=\"nofollow noopener\">MISTERPIRO<\/a><\/h2>\t\t\t\t<\/div>\n\t\t\t\t<\/div>\n\t\t\t\t<div class=\"elementor-element elementor-element-e39c66d elementor-widget elementor-widget-heading\" data-id=\"e39c66d\" data-element_type=\"widget\" data-e-type=\"widget\" data-widget_type=\"heading.default\">\n\t\t\t\t<div class=\"elementor-widget-container\">\n\t\t\t\t\t<h2 class=\"elementor-heading-title elementor-size-default\"><a href=\"https:\/\/www.artsy.net\/artist\/misterpiro\" target=\"_blank\" rel=\"nofollow noopener\">Looking for a surprise, 2023 | 160 \u00d7 180 cm<\/a><\/h2>\t\t\t\t<\/div>\n\t\t\t\t<\/div>\n\t\t\t\t\t<\/div>\n\t\t<\/div>\n\t\t\t\t\t<\/div>\n\t\t<\/section>\n\t\t\t\t<section class=\"elementor-section elementor-top-section elementor-element elementor-element-4b60385 elementor-section-boxed elementor-section-height-default elementor-section-height-default\" data-id=\"4b60385\" data-element_type=\"section\" data-e-type=\"section\">\n\t\t\t\t\t\t<div class=\"elementor-container elementor-column-gap-default\">\n\t\t\t\t\t<div class=\"elementor-column elementor-col-50 elementor-top-column elementor-element elementor-element-c2eb021\" data-id=\"c2eb021\" data-element_type=\"column\" data-e-type=\"column\">\n\t\t\t<div class=\"elementor-widget-wrap elementor-element-populated\">\n\t\t\t\t\t\t<div class=\"elementor-element elementor-element-9d95dcb elementor-widget elementor-widget-image\" data-id=\"9d95dcb\" data-element_type=\"widget\" data-e-type=\"widget\" data-widget_type=\"image.default\">\n\t\t\t\t<div class=\"elementor-widget-container\">\n\t\t\t\t\t\t\t\t\t\t\t\t\t\t\t\t<a href=\"https:\/\/www.artsy.net\/artist\/misterpiro\" target=\"_blank\" rel=\"nofollow noopener\">\n\t\t\t\t\t\t\t<img loading=\"lazy\" decoding=\"async\" width=\"800\" height=\"800\" src=\"https:\/\/www.armagallery.com\/wp-content\/uploads\/2023\/12\/arma-gallery-contemporary-art-artist-misterpiro-6.jpg\" class=\"attachment-large size-large wp-image-1958\" alt=\"ARMA GALLERY - Contemporary Art - Misterpiro - 6\" \/>\t\t\t\t\t\t\t\t<\/a>\n\t\t\t\t\t\t\t\t\t\t\t\t\t\t\t<\/div>\n\t\t\t\t<\/div>\n\t\t\t\t<div class=\"elementor-element elementor-element-6f1f583 elementor-widget elementor-widget-heading\" data-id=\"6f1f583\" data-element_type=\"widget\" data-e-type=\"widget\" data-widget_type=\"heading.default\">\n\t\t\t\t<div class=\"elementor-widget-container\">\n\t\t\t\t\t<h2 class=\"elementor-heading-title elementor-size-default\"><a href=\"https:\/\/www.artsy.net\/artist\/elena-gual\" target=\"_blank\" rel=\"nofollow noopener\">MISTERPIRO<\/a><\/h2>\t\t\t\t<\/div>\n\t\t\t\t<\/div>\n\t\t\t\t<div class=\"elementor-element elementor-element-87c61ae elementor-widget elementor-widget-heading\" data-id=\"87c61ae\" data-element_type=\"widget\" data-e-type=\"widget\" data-widget_type=\"heading.default\">\n\t\t\t\t<div class=\"elementor-widget-container\">\n\t\t\t\t\t<h2 class=\"elementor-heading-title elementor-size-default\"><a href=\"https:\/\/www.artsy.net\/artist\/misterpiro\" target=\"_blank\" rel=\"nofollow noopener\">Herencia IV, 2022 | 50 \u00d7 70 cm<\/a><\/h2>\t\t\t\t<\/div>\n\t\t\t\t<\/div>\n\t\t\t\t\t<\/div>\n\t\t<\/div>\n\t\t\t\t<div class=\"elementor-column elementor-col-50 elementor-top-column elementor-element elementor-element-d3180c7\" data-id=\"d3180c7\" data-element_type=\"column\" data-e-type=\"column\">\n\t\t\t<div class=\"elementor-widget-wrap elementor-element-populated\">\n\t\t\t\t\t\t<div class=\"elementor-element elementor-element-c356112 elementor-widget elementor-widget-image\" data-id=\"c356112\" data-element_type=\"widget\" data-e-type=\"widget\" data-widget_type=\"image.default\">\n\t\t\t\t<div class=\"elementor-widget-container\">\n\t\t\t\t\t\t\t\t\t\t\t\t\t\t\t\t<a href=\"https:\/\/www.artsy.net\/artist\/elena-gual\" target=\"_blank\" rel=\"nofollow noopener\">\n\t\t\t\t\t\t\t<img loading=\"lazy\" decoding=\"async\" width=\"800\" height=\"800\" src=\"https:\/\/www.armagallery.com\/wp-content\/uploads\/2023\/12\/arma-gallery-contemporary-art-artist-misterpiro-5.jpg\" class=\"attachment-large size-large wp-image-1962\" alt=\"ARMA GALLERY - Contemporary Art - Misterpiro - 5\" \/>\t\t\t\t\t\t\t\t<\/a>\n\t\t\t\t\t\t\t\t\t\t\t\t\t\t\t<\/div>\n\t\t\t\t<\/div>\n\t\t\t\t<div class=\"elementor-element elementor-element-ced653b elementor-widget elementor-widget-heading\" data-id=\"ced653b\" data-element_type=\"widget\" data-e-type=\"widget\" data-widget_type=\"heading.default\">\n\t\t\t\t<div class=\"elementor-widget-container\">\n\t\t\t\t\t<h2 class=\"elementor-heading-title elementor-size-default\"><a href=\"https:\/\/www.artsy.net\/artist\/misterpiro\" target=\"_blank\" rel=\"nofollow noopener\">MISTERPIRO<\/a><\/h2>\t\t\t\t<\/div>\n\t\t\t\t<\/div>\n\t\t\t\t<div class=\"elementor-element elementor-element-bdb1bd6 elementor-widget elementor-widget-heading\" data-id=\"bdb1bd6\" data-element_type=\"widget\" data-e-type=\"widget\" data-widget_type=\"heading.default\">\n\t\t\t\t<div class=\"elementor-widget-container\">\n\t\t\t\t\t<h2 class=\"elementor-heading-title elementor-size-default\"><a href=\"https:\/\/www.artsy.net\/artist\/misterpiro\" target=\"_blank\" rel=\"nofollow noopener\">Herencia II, 2022 | 50 \u00d7 70 cm<\/a><\/h2>\t\t\t\t<\/div>\n\t\t\t\t<\/div>\n\t\t\t\t\t<\/div>\n\t\t<\/div>\n\t\t\t\t\t<\/div>\n\t\t<\/section>\n\t\t\t\t<section class=\"elementor-section elementor-top-section elementor-element elementor-element-027e2ef elementor-section-boxed elementor-section-height-default elementor-section-height-default\" data-id=\"027e2ef\" data-element_type=\"section\" data-e-type=\"section\">\n\t\t\t\t\t\t<div class=\"elementor-container elementor-column-gap-default\">\n\t\t\t\t\t<div class=\"elementor-column elementor-col-100 elementor-top-column elementor-element elementor-element-28540fd\" data-id=\"28540fd\" data-element_type=\"column\" data-e-type=\"column\">\n\t\t\t<div class=\"elementor-widget-wrap elementor-element-populated\">\n\t\t\t\t\t\t<div class=\"elementor-element elementor-element-e2fb159 elementor-align-center elementor-widget elementor-widget-button\" data-id=\"e2fb159\" data-element_type=\"widget\" data-e-type=\"widget\" data-widget_type=\"button.default\">\n\t\t\t\t<div class=\"elementor-widget-container\">\n\t\t\t\t\t\t\t\t\t<div class=\"elementor-button-wrapper\">\n\t\t\t\t\t<a class=\"elementor-button elementor-button-link elementor-size-sm\" href=\"https:\/\/www.artsy.net\/artist\/misterpiro\" target=\"_blank\" rel=\"nofollow noopener\">\n\t\t\t\t\t\t<span class=\"elementor-button-content-wrapper\">\n\t\t\t\t\t\t\t\t\t<span class=\"elementor-button-text\">ver m\u00e1s en ARTSY<\/span>\n\t\t\t\t\t<\/span>\n\t\t\t\t\t<\/a>\n\t\t\t\t<\/div>\n\t\t\t\t\t\t\t\t<\/div>\n\t\t\t\t<\/div>\n\t\t\t\t\t<\/div>\n\t\t<\/div>\n\t\t\t\t\t<\/div>\n\t\t<\/section>\n\t\t\t\t<section class=\"elementor-section elementor-top-section elementor-element elementor-element-de23f21 elementor-section-boxed elementor-section-height-default elementor-section-height-default\" data-id=\"de23f21\" data-element_type=\"section\" data-e-type=\"section\" id=\"contact-misterpiro\">\n\t\t\t\t\t\t<div class=\"elementor-container elementor-column-gap-default\">\n\t\t\t\t\t<div class=\"elementor-column elementor-col-100 elementor-top-column elementor-element elementor-element-06bfbbd\" data-id=\"06bfbbd\" data-element_type=\"column\" data-e-type=\"column\">\n\t\t\t<div class=\"elementor-widget-wrap elementor-element-populated\">\n\t\t\t\t\t\t<div class=\"elementor-element elementor-element-48fa432 elementor-widget elementor-widget-heading\" data-id=\"48fa432\" data-element_type=\"widget\" data-e-type=\"widget\" data-widget_type=\"heading.default\">\n\t\t\t\t<div class=\"elementor-widget-container\">\n\t\t\t\t\t<h2 class=\"elementor-heading-title elementor-size-default\">contacto<\/h2>\t\t\t\t<\/div>\n\t\t\t\t<\/div>\n\t\t\t\t\t<\/div>\n\t\t<\/div>\n\t\t\t\t\t<\/div>\n\t\t<\/section>\n\t\t\t\t<section class=\"elementor-section elementor-top-section elementor-element elementor-element-566ac2f elementor-section-boxed elementor-section-height-default elementor-section-height-default\" data-id=\"566ac2f\" data-element_type=\"section\" data-e-type=\"section\">\n\t\t\t\t\t\t<div class=\"elementor-container elementor-column-gap-default\">\n\t\t\t\t\t<div class=\"elementor-column elementor-col-100 elementor-top-column elementor-element elementor-element-ddf8e7d\" data-id=\"ddf8e7d\" data-element_type=\"column\" data-e-type=\"column\">\n\t\t\t<div class=\"elementor-widget-wrap elementor-element-populated\">\n\t\t\t\t\t\t<div class=\"elementor-element elementor-element-caeea28 elementor-widget elementor-widget-heading\" data-id=\"caeea28\" data-element_type=\"widget\" data-e-type=\"widget\" data-widget_type=\"heading.default\">\n\t\t\t\t<div class=\"elementor-widget-container\">\n\t\t\t\t\t<h3 class=\"elementor-heading-title elementor-size-default\">Para consultas, puedes escribirnos a info@armagallery.com<\/h3>\t\t\t\t<\/div>\n\t\t\t\t<\/div>\n\t\t\t\t\t<\/div>\n\t\t<\/div>\n\t\t\t\t\t<\/div>\n\t\t<\/section>\n\t\t\t\t<\/div>\n\t\t","protected":false},"excerpt":{"rendered":"<p>MISTERPIRO BIOGRAF\u00cdA OBRAS CONTACTO Andr\u00e9s S\u00e1nchez, conocido como Piro (Plasencia, 1994), es un artista visual y expresionista. Su obra explora el impulso vital y el trazo, en una b\u00fasqueda constante por crear piezas sensoriales. El expresionismo se manifiesta a trav\u00e9s de impulsos progresivos traducidos en trazos, caracterizados por una frescura pl\u00e1stica donde el color y [&hellip;]<\/p>\n","protected":false},"author":4,"featured_media":3434,"parent":0,"menu_order":0,"comment_status":"closed","ping_status":"closed","template":"","meta":{"footnotes":""},"class_list":["post-3728","page","type-page","status-publish","has-post-thumbnail","hentry"],"_links":{"self":[{"href":"https:\/\/www.armagallery.com\/es\/wp-json\/wp\/v2\/pages\/3728","targetHints":{"allow":["GET"]}}],"collection":[{"href":"https:\/\/www.armagallery.com\/es\/wp-json\/wp\/v2\/pages"}],"about":[{"href":"https:\/\/www.armagallery.com\/es\/wp-json\/wp\/v2\/types\/page"}],"author":[{"embeddable":true,"href":"https:\/\/www.armagallery.com\/es\/wp-json\/wp\/v2\/users\/4"}],"replies":[{"embeddable":true,"href":"https:\/\/www.armagallery.com\/es\/wp-json\/wp\/v2\/comments?post=3728"}],"version-history":[{"count":6,"href":"https:\/\/www.armagallery.com\/es\/wp-json\/wp\/v2\/pages\/3728\/revisions"}],"predecessor-version":[{"id":8446,"href":"https:\/\/www.armagallery.com\/es\/wp-json\/wp\/v2\/pages\/3728\/revisions\/8446"}],"wp:featuredmedia":[{"embeddable":true,"href":"https:\/\/www.armagallery.com\/es\/wp-json\/"}],"wp:attachment":[{"href":"https:\/\/www.armagallery.com\/es\/wp-json\/wp\/v2\/media?parent=3728"}],"curies":[{"name":"wp","href":"https:\/\/api.w.org\/{rel}","templated":true}]}}