{"id":3721,"date":"2022-07-04T13:09:19","date_gmt":"2022-07-04T13:09:19","guid":{"rendered":"https:\/\/www.armagallery.com\/juana-gonzalez"},"modified":"2026-03-18T16:30:06","modified_gmt":"2026-03-18T16:30:06","slug":"juana-gonzalez","status":"publish","type":"page","link":"https:\/\/www.armagallery.com\/es\/juana-gonzalez","title":{"rendered":"Juana Gonz\u00e1lez"},"content":{"rendered":"\t\t<div data-elementor-type=\"wp-page\" data-elementor-id=\"3721\" class=\"elementor elementor-3721 elementor-566\" data-elementor-post-type=\"page\">\n\t\t\t\t\t\t<section class=\"elementor-section elementor-top-section elementor-element elementor-element-7f90d13 elementor-section-boxed elementor-section-height-default elementor-section-height-default\" data-id=\"7f90d13\" data-element_type=\"section\" data-e-type=\"section\">\n\t\t\t\t\t\t<div class=\"elementor-container elementor-column-gap-default\">\n\t\t\t\t\t<div class=\"elementor-column elementor-col-50 elementor-top-column elementor-element elementor-element-fe52bda\" data-id=\"fe52bda\" data-element_type=\"column\" data-e-type=\"column\">\n\t\t\t<div class=\"elementor-widget-wrap elementor-element-populated\">\n\t\t\t\t\t\t<div class=\"elementor-element elementor-element-d8f57ab elementor-widget elementor-widget-heading\" data-id=\"d8f57ab\" data-element_type=\"widget\" data-e-type=\"widget\" id=\"juana-gonzalez-page\" data-widget_type=\"heading.default\">\n\t\t\t\t<div class=\"elementor-widget-container\">\n\t\t\t\t\t<h2 class=\"elementor-heading-title elementor-size-default\">Juana Gonz\u00e1lez<\/h2>\t\t\t\t<\/div>\n\t\t\t\t<\/div>\n\t\t\t\t<div class=\"elementor-element elementor-element-81d64f4 elementor-widget elementor-widget-heading\" data-id=\"81d64f4\" data-element_type=\"widget\" data-e-type=\"widget\" data-widget_type=\"heading.default\">\n\t\t\t\t<div class=\"elementor-widget-container\">\n\t\t\t\t\t<h3 class=\"elementor-heading-title elementor-size-default\"><a href=\"#bio-juana-gonzalez\">BIOGRAF\u00cdA<\/a><\/h3>\t\t\t\t<\/div>\n\t\t\t\t<\/div>\n\t\t\t\t<div class=\"elementor-element elementor-element-45298e3 elementor-widget elementor-widget-heading\" data-id=\"45298e3\" data-element_type=\"widget\" data-e-type=\"widget\" data-widget_type=\"heading.default\">\n\t\t\t\t<div class=\"elementor-widget-container\">\n\t\t\t\t\t<h3 class=\"elementor-heading-title elementor-size-default\"><a href=\"#artworks-juana-gonzalez\">OBRAS<\/a><\/h3>\t\t\t\t<\/div>\n\t\t\t\t<\/div>\n\t\t\t\t<div class=\"elementor-element elementor-element-0580498 elementor-widget elementor-widget-heading\" data-id=\"0580498\" data-element_type=\"widget\" data-e-type=\"widget\" data-widget_type=\"heading.default\">\n\t\t\t\t<div class=\"elementor-widget-container\">\n\t\t\t\t\t<h3 class=\"elementor-heading-title elementor-size-default\"><a href=\"#contact-juana-gonzalez\">CONTACTO<\/a><\/h3>\t\t\t\t<\/div>\n\t\t\t\t<\/div>\n\t\t\t\t<div class=\"elementor-element elementor-element-8ab7a7e elementor-widget elementor-widget-heading\" data-id=\"8ab7a7e\" data-element_type=\"widget\" data-e-type=\"widget\" data-widget_type=\"heading.default\">\n\t\t\t\t<div class=\"elementor-widget-container\">\n\t\t\t\t\t<h3 class=\"elementor-heading-title elementor-size-default\"><a href=\"#cv-juana-gonzalez\">CV<\/a><\/h3>\t\t\t\t<\/div>\n\t\t\t\t<\/div>\n\t\t\t\t\t<\/div>\n\t\t<\/div>\n\t\t\t\t<div class=\"elementor-column elementor-col-50 elementor-top-column elementor-element elementor-element-4330ed8\" data-id=\"4330ed8\" data-element_type=\"column\" data-e-type=\"column\">\n\t\t\t<div class=\"elementor-widget-wrap elementor-element-populated\">\n\t\t\t\t\t\t<div class=\"elementor-element elementor-element-49f0c81 elementor-widget elementor-widget-image\" data-id=\"49f0c81\" data-element_type=\"widget\" data-e-type=\"widget\" data-widget_type=\"image.default\">\n\t\t\t\t<div class=\"elementor-widget-container\">\n\t\t\t\t\t\t\t\t\t\t\t\t\t\t\t<img loading=\"lazy\" decoding=\"async\" width=\"1500\" height=\"1500\" src=\"https:\/\/www.armagallery.com\/wp-content\/uploads\/2025\/12\/arma-gallery-contemporary-art-juana-gonzalez-artwork-2.jpg\" class=\"attachment-full size-full wp-image-8280\" alt=\"ARMA Gallery - Arte Contempor\u00e1neo - Juana Gonz\u00e1lez - Obra - 2\" \/>\t\t\t\t\t\t\t\t\t\t\t\t\t\t\t<\/div>\n\t\t\t\t<\/div>\n\t\t\t\t\t<\/div>\n\t\t<\/div>\n\t\t\t\t\t<\/div>\n\t\t<\/section>\n\t\t\t\t<section class=\"elementor-section elementor-top-section elementor-element elementor-element-86d91d1 elementor-section-content-top elementor-section-boxed elementor-section-height-default elementor-section-height-default\" data-id=\"86d91d1\" data-element_type=\"section\" data-e-type=\"section\">\n\t\t\t\t\t\t<div class=\"elementor-container elementor-column-gap-default\">\n\t\t\t\t\t<div class=\"elementor-column elementor-col-50 elementor-top-column elementor-element elementor-element-4aa5cd1\" data-id=\"4aa5cd1\" data-element_type=\"column\" data-e-type=\"column\">\n\t\t\t<div class=\"elementor-widget-wrap elementor-element-populated\">\n\t\t\t\t\t\t<div class=\"elementor-element elementor-element-174667b elementor-widget elementor-widget-image\" data-id=\"174667b\" data-element_type=\"widget\" data-e-type=\"widget\" data-widget_type=\"image.default\">\n\t\t\t\t<div class=\"elementor-widget-container\">\n\t\t\t\t\t\t\t\t\t\t\t\t\t\t\t<img loading=\"lazy\" decoding=\"async\" width=\"2560\" height=\"1707\" src=\"https:\/\/www.armagallery.com\/wp-content\/uploads\/2025\/12\/arma-gallery-contemporary-art-juana-gonzalez-artist-profile-picture-scaled.jpg\" class=\"attachment-full size-full wp-image-8278\" alt=\"ARMA Gallery - Contemporary Art - Juana Gonz\u00e1lez - Artist - Profile Picture - scaled\" srcset=\"https:\/\/www.armagallery.com\/wp-content\/uploads\/2025\/12\/arma-gallery-contemporary-art-juana-gonzalez-artist-profile-picture-scaled.jpg 2560w, https:\/\/www.armagallery.com\/wp-content\/uploads\/2025\/12\/arma-gallery-contemporary-art-juana-gonzalez-artist-profile-picture-300x200.jpg 300w, https:\/\/www.armagallery.com\/wp-content\/uploads\/2025\/12\/arma-gallery-contemporary-art-juana-gonzalez-artist-profile-picture-1024x683.jpg 1024w, https:\/\/www.armagallery.com\/wp-content\/uploads\/2025\/12\/arma-gallery-contemporary-art-juana-gonzalez-artist-profile-picture-768x512.jpg 768w, https:\/\/www.armagallery.com\/wp-content\/uploads\/2025\/12\/arma-gallery-contemporary-art-juana-gonzalez-artist-profile-picture-1536x1024.jpg 1536w, https:\/\/www.armagallery.com\/wp-content\/uploads\/2025\/12\/arma-gallery-contemporary-art-juana-gonzalez-artist-profile-picture-2048x1365.jpg 2048w, https:\/\/www.armagallery.com\/wp-content\/uploads\/2025\/12\/arma-gallery-contemporary-art-juana-gonzalez-artist-profile-picture-2000x1333.jpg 2000w\" sizes=\"auto, (max-width: 2560px) 100vw, 2560px\" \/>\t\t\t\t\t\t\t\t\t\t\t\t\t\t\t<\/div>\n\t\t\t\t<\/div>\n\t\t\t\t\t<\/div>\n\t\t<\/div>\n\t\t\t\t<div class=\"elementor-column elementor-col-50 elementor-top-column elementor-element elementor-element-79228c4\" data-id=\"79228c4\" data-element_type=\"column\" data-e-type=\"column\">\n\t\t\t<div class=\"elementor-widget-wrap elementor-element-populated\">\n\t\t\t\t\t\t<div class=\"elementor-element elementor-element-8754334 elementor-widget elementor-widget-text-editor\" data-id=\"8754334\" data-element_type=\"widget\" data-e-type=\"widget\" data-widget_type=\"text-editor.default\">\n\t\t\t\t<div class=\"elementor-widget-container\">\n\t\t\t\t\t\t\t\t\t<p data-start=\"0\" data-end=\"189\">Juana Gonz\u00e1lez (Puertollano, 1972) licenciada en Bellas Artes por la Universidad Complutense de Madrid (2005).<br data-start=\"123\" data-end=\"126\">Desarrolla su trabajo en el terreno de la pintura y el dibujo.<\/p>\n<p data-start=\"191\" data-end=\"558\">Sus pinturas son puestas en escena de composici\u00f3n barroca, con un lenguaje que camina entre el surrealismo y el expresionismo dentro de la figuraci\u00f3n narrativa. Cada obra es una batalla y b\u00fasqueda de equilibrio entre la figuraci\u00f3n y la pintura en s\u00ed misma, sin limitarse a lo representado, dando protagonismo al color, la pincelada, los goteos y empastes de la pintura. <\/p>\n<p data-start=\"560\" data-end=\"846\">Su obra ha sido mostrada en diferentes espacios institucionales como la Sala Robayera (Cantabria), el Centro de Arte Alcobendas, el Instituto Cervantes (M\u00fanich), la Iglesia Santa Catalina de Badajoz , el Museo de la Universidad de Alicante o el Mus\u00e9e des Beaux-Arts de La Chaux-de-Fonds en Suiza.<\/p>\n\t\t\t\t\t\t\t\t<\/div>\n\t\t\t\t<\/div>\n\t\t\t\t\t<\/div>\n\t\t<\/div>\n\t\t\t\t\t<\/div>\n\t\t<\/section>\n\t\t<div class=\"elementor-element elementor-element-fd9f9cc e-flex e-con-boxed e-con e-parent\" data-id=\"fd9f9cc\" data-element_type=\"container\" data-e-type=\"container\">\n\t\t\t\t\t<div class=\"e-con-inner\">\n\t\t\t\t<div class=\"elementor-element elementor-element-93ec71d elementor-widget elementor-widget-text-editor\" data-id=\"93ec71d\" data-element_type=\"widget\" data-e-type=\"widget\" data-widget_type=\"text-editor.default\">\n\t\t\t\t<div class=\"elementor-widget-container\">\n\t\t\t\t\t\t\t\t\t<p data-start=\"0\" data-end=\"189\">Ha sido reconocida con el premio al Mejor Artista Espa\u00f1ol en la feria ARCO 2025 por la Revista Artepuntoes del Instituto de Arte Contempor\u00e1neo (IAC), el XXXIV Premio Lopez Villase\u00f1or de Artes Pl\u00e1sticas (2025), la menci\u00f3n honor\u00edfica de los Premios ABC de Pintura y Fotograf\u00eda (2003), los Encuentros de Arte Contempor\u00e1neo del Instituto Alicantino de Cultura Juan Gil-Albert (2012), entre otros.<\/p>\n<p data-start=\"1256\" data-end=\"1426\">Ha participado en distintas ferias de arte nacionales e internacionales como ARCO, UNTITLED, PINTA (Miami), Estampa, Urvanity, JustMad, Drawing Room y Arte Santander.<\/p>\n<p data-start=\"1428\" data-end=\"1708\" data-is-last-node=\"\" data-is-only-node=\"\">Su obra forma parte de colecciones como Colecci\u00f3n Solo, Colecci\u00f3n Oliva Arauna, Colecci\u00f3n Gobierno de Cantabria, KELLS Art Collection, Museo de Arte Contempor\u00e1neo MMAC Ayto Madrid, Fundaci\u00f3n Studiolo, entre otras.<\/p>\n\t\t\t\t\t\t\t\t<\/div>\n\t\t\t\t<\/div>\n\t\t\t\t\t<\/div>\n\t\t\t\t<\/div>\n\t\t\t\t<section class=\"elementor-section elementor-top-section elementor-element elementor-element-65abb42 elementor-section-boxed elementor-section-height-default elementor-section-height-default\" data-id=\"65abb42\" data-element_type=\"section\" data-e-type=\"section\">\n\t\t\t\t\t\t<div class=\"elementor-container elementor-column-gap-default\">\n\t\t\t\t\t<div class=\"elementor-column elementor-col-100 elementor-top-column elementor-element elementor-element-d914ab6\" data-id=\"d914ab6\" data-element_type=\"column\" data-e-type=\"column\">\n\t\t\t<div class=\"elementor-widget-wrap elementor-element-populated\">\n\t\t\t\t\t\t<div class=\"elementor-element elementor-element-2714db3 elementor-widget elementor-widget-heading\" data-id=\"2714db3\" data-element_type=\"widget\" data-e-type=\"widget\" id=\"artworks-juana-gonzalez\" data-widget_type=\"heading.default\">\n\t\t\t\t<div class=\"elementor-widget-container\">\n\t\t\t\t\t<h2 class=\"elementor-heading-title elementor-size-default\">OBRAS DESTACADAS<\/h2>\t\t\t\t<\/div>\n\t\t\t\t<\/div>\n\t\t\t\t\t<\/div>\n\t\t<\/div>\n\t\t\t\t\t<\/div>\n\t\t<\/section>\n\t\t\t\t<section class=\"elementor-section elementor-top-section elementor-element elementor-element-3f714f8 elementor-section-boxed elementor-section-height-default elementor-section-height-default\" data-id=\"3f714f8\" data-element_type=\"section\" data-e-type=\"section\">\n\t\t\t\t\t\t<div class=\"elementor-container elementor-column-gap-default\">\n\t\t\t\t\t<div class=\"elementor-column elementor-col-50 elementor-top-column elementor-element elementor-element-39d869b\" data-id=\"39d869b\" data-element_type=\"column\" data-e-type=\"column\">\n\t\t\t<div class=\"elementor-widget-wrap elementor-element-populated\">\n\t\t\t\t\t\t<div class=\"elementor-element elementor-element-81868f0 elementor-widget elementor-widget-image\" data-id=\"81868f0\" data-element_type=\"widget\" data-e-type=\"widget\" data-widget_type=\"image.default\">\n\t\t\t\t<div class=\"elementor-widget-container\">\n\t\t\t\t\t\t\t\t\t\t\t\t\t\t\t<img loading=\"lazy\" decoding=\"async\" width=\"1500\" height=\"1500\" src=\"https:\/\/www.armagallery.com\/wp-content\/uploads\/2025\/12\/arma-gallery-contemporary-art-juana-gonzalez-artwork-1.jpg\" class=\"attachment-full size-full wp-image-8279\" alt=\"ARMA Gallery - Contemporary Art - Juana Gonz\u00e1lez - Artwork - 1\" \/>\t\t\t\t\t\t\t\t\t\t\t\t\t\t\t<\/div>\n\t\t\t\t<\/div>\n\t\t\t\t<div class=\"elementor-element elementor-element-477f73f elementor-widget elementor-widget-heading\" data-id=\"477f73f\" data-element_type=\"widget\" data-e-type=\"widget\" data-widget_type=\"heading.default\">\n\t\t\t\t<div class=\"elementor-widget-container\">\n\t\t\t\t\t<h2 class=\"elementor-heading-title elementor-size-default\">Juana Gonz\u00e1lez<\/h2>\t\t\t\t<\/div>\n\t\t\t\t<\/div>\n\t\t\t\t<div class=\"elementor-element elementor-element-03dd758 elementor-widget elementor-widget-heading\" data-id=\"03dd758\" data-element_type=\"widget\" data-e-type=\"widget\" data-widget_type=\"heading.default\">\n\t\t\t\t<div class=\"elementor-widget-container\">\n\t\t\t\t\t<h2 class=\"elementor-heading-title elementor-size-default\">Crianza, 2022 | 110 \u00d7 90 cm<\/h2>\t\t\t\t<\/div>\n\t\t\t\t<\/div>\n\t\t\t\t\t<\/div>\n\t\t<\/div>\n\t\t\t\t<div class=\"elementor-column elementor-col-50 elementor-top-column elementor-element elementor-element-19ffe0b\" data-id=\"19ffe0b\" data-element_type=\"column\" data-e-type=\"column\">\n\t\t\t<div class=\"elementor-widget-wrap elementor-element-populated\">\n\t\t\t\t\t\t<div class=\"elementor-element elementor-element-be57c34 elementor-widget elementor-widget-image\" data-id=\"be57c34\" data-element_type=\"widget\" data-e-type=\"widget\" data-widget_type=\"image.default\">\n\t\t\t\t<div class=\"elementor-widget-container\">\n\t\t\t\t\t\t\t\t\t\t\t\t\t\t\t<img loading=\"lazy\" decoding=\"async\" width=\"1500\" height=\"1500\" src=\"https:\/\/www.armagallery.com\/wp-content\/uploads\/2025\/12\/arma-gallery-contemporary-art-juana-gonzalez-artwork-6.jpg\" class=\"attachment-full size-full wp-image-8284\" alt=\"ARMA Gallery - Contemporary Art - Juana Gonz\u00e1lez - Artwork - 6\" \/>\t\t\t\t\t\t\t\t\t\t\t\t\t\t\t<\/div>\n\t\t\t\t<\/div>\n\t\t\t\t<div class=\"elementor-element elementor-element-507e15e elementor-widget elementor-widget-heading\" data-id=\"507e15e\" data-element_type=\"widget\" data-e-type=\"widget\" data-widget_type=\"heading.default\">\n\t\t\t\t<div class=\"elementor-widget-container\">\n\t\t\t\t\t<h2 class=\"elementor-heading-title elementor-size-default\">Juana Gonz\u00e1lez<\/h2>\t\t\t\t<\/div>\n\t\t\t\t<\/div>\n\t\t\t\t<div class=\"elementor-element elementor-element-d68f347 elementor-widget elementor-widget-heading\" data-id=\"d68f347\" data-element_type=\"widget\" data-e-type=\"widget\" data-widget_type=\"heading.default\">\n\t\t\t\t<div class=\"elementor-widget-container\">\n\t\t\t\t\t<h2 class=\"elementor-heading-title elementor-size-default\">Manos (I), 2024 | 50 \u00d7 40 cm<\/h2>\t\t\t\t<\/div>\n\t\t\t\t<\/div>\n\t\t\t\t\t<\/div>\n\t\t<\/div>\n\t\t\t\t\t<\/div>\n\t\t<\/section>\n\t\t\t\t<section class=\"elementor-section elementor-top-section elementor-element elementor-element-ee1dfde elementor-section-boxed elementor-section-height-default elementor-section-height-default\" data-id=\"ee1dfde\" data-element_type=\"section\" data-e-type=\"section\">\n\t\t\t\t\t\t<div class=\"elementor-container elementor-column-gap-default\">\n\t\t\t\t\t<div class=\"elementor-column elementor-col-50 elementor-top-column elementor-element elementor-element-1904607\" data-id=\"1904607\" data-element_type=\"column\" data-e-type=\"column\">\n\t\t\t<div class=\"elementor-widget-wrap elementor-element-populated\">\n\t\t\t\t\t\t<div class=\"elementor-element elementor-element-6f4fa73 elementor-widget elementor-widget-image\" data-id=\"6f4fa73\" data-element_type=\"widget\" data-e-type=\"widget\" data-widget_type=\"image.default\">\n\t\t\t\t<div class=\"elementor-widget-container\">\n\t\t\t\t\t\t\t\t\t\t\t\t\t\t\t<img loading=\"lazy\" decoding=\"async\" width=\"1500\" height=\"1500\" src=\"https:\/\/www.armagallery.com\/wp-content\/uploads\/2025\/12\/arma-gallery-contemporary-art-juana-gonzalez-artwork-3.jpg\" class=\"attachment-full size-full wp-image-8281\" alt=\"ARMA Gallery - Contemporary Art - Juana Gonz\u00e1lez - Artwork - 3\" \/>\t\t\t\t\t\t\t\t\t\t\t\t\t\t\t<\/div>\n\t\t\t\t<\/div>\n\t\t\t\t<div class=\"elementor-element elementor-element-a2171ba elementor-widget elementor-widget-heading\" data-id=\"a2171ba\" data-element_type=\"widget\" data-e-type=\"widget\" data-widget_type=\"heading.default\">\n\t\t\t\t<div class=\"elementor-widget-container\">\n\t\t\t\t\t<h2 class=\"elementor-heading-title elementor-size-default\">Juana Gonz\u00e1lez<\/h2>\t\t\t\t<\/div>\n\t\t\t\t<\/div>\n\t\t\t\t<div class=\"elementor-element elementor-element-9ea258a elementor-widget elementor-widget-heading\" data-id=\"9ea258a\" data-element_type=\"widget\" data-e-type=\"widget\" data-widget_type=\"heading.default\">\n\t\t\t\t<div class=\"elementor-widget-container\">\n\t\t\t\t\t<h2 class=\"elementor-heading-title elementor-size-default\">Chico en aguamar, 2025 | 130 \u00d7 100 cm<\/h2>\t\t\t\t<\/div>\n\t\t\t\t<\/div>\n\t\t\t\t\t<\/div>\n\t\t<\/div>\n\t\t\t\t<div class=\"elementor-column elementor-col-50 elementor-top-column elementor-element elementor-element-f10cef9\" data-id=\"f10cef9\" data-element_type=\"column\" data-e-type=\"column\">\n\t\t\t<div class=\"elementor-widget-wrap elementor-element-populated\">\n\t\t\t\t\t\t<div class=\"elementor-element elementor-element-2465989 elementor-widget elementor-widget-image\" data-id=\"2465989\" data-element_type=\"widget\" data-e-type=\"widget\" data-widget_type=\"image.default\">\n\t\t\t\t<div class=\"elementor-widget-container\">\n\t\t\t\t\t\t\t\t\t\t\t\t\t\t\t<img loading=\"lazy\" decoding=\"async\" width=\"1500\" height=\"1500\" src=\"https:\/\/www.armagallery.com\/wp-content\/uploads\/2025\/12\/arma-gallery-contemporary-art-juana-gonzalez-artwork-5.jpg\" class=\"attachment-full size-full wp-image-8283\" alt=\"ARMA Gallery - Contemporary Art - Juana Gonz\u00e1lez - Artwork - 5\" \/>\t\t\t\t\t\t\t\t\t\t\t\t\t\t\t<\/div>\n\t\t\t\t<\/div>\n\t\t\t\t<div class=\"elementor-element elementor-element-fe61285 elementor-widget elementor-widget-heading\" data-id=\"fe61285\" data-element_type=\"widget\" data-e-type=\"widget\" data-widget_type=\"heading.default\">\n\t\t\t\t<div class=\"elementor-widget-container\">\n\t\t\t\t\t<h2 class=\"elementor-heading-title elementor-size-default\">Juana Gonz\u00e1lez<\/h2>\t\t\t\t<\/div>\n\t\t\t\t<\/div>\n\t\t\t\t<div class=\"elementor-element elementor-element-fcf8aa4 elementor-widget elementor-widget-heading\" data-id=\"fcf8aa4\" data-element_type=\"widget\" data-e-type=\"widget\" data-widget_type=\"heading.default\">\n\t\t\t\t<div class=\"elementor-widget-container\">\n\t\t\t\t\t<h2 class=\"elementor-heading-title elementor-size-default\">Cabeza (IX), 2025 | 50 \u00d7 40 cm<\/h2>\t\t\t\t<\/div>\n\t\t\t\t<\/div>\n\t\t\t\t\t<\/div>\n\t\t<\/div>\n\t\t\t\t\t<\/div>\n\t\t<\/section>\n\t\t\t\t<section class=\"elementor-section elementor-top-section elementor-element elementor-element-2fd20bb elementor-section-boxed elementor-section-height-default elementor-section-height-default\" data-id=\"2fd20bb\" data-element_type=\"section\" data-e-type=\"section\">\n\t\t\t\t\t\t<div class=\"elementor-container elementor-column-gap-default\">\n\t\t\t\t\t<div class=\"elementor-column elementor-col-100 elementor-top-column elementor-element elementor-element-983de73\" data-id=\"983de73\" data-element_type=\"column\" data-e-type=\"column\">\n\t\t\t<div class=\"elementor-widget-wrap elementor-element-populated\">\n\t\t\t\t\t\t<div class=\"elementor-element elementor-element-5359e1c elementor-widget elementor-widget-heading\" data-id=\"5359e1c\" data-element_type=\"widget\" data-e-type=\"widget\" id=\"contact-juana-gonzalez\" data-widget_type=\"heading.default\">\n\t\t\t\t<div class=\"elementor-widget-container\">\n\t\t\t\t\t<h2 class=\"elementor-heading-title elementor-size-default\">contacto<\/h2>\t\t\t\t<\/div>\n\t\t\t\t<\/div>\n\t\t\t\t\t<\/div>\n\t\t<\/div>\n\t\t\t\t\t<\/div>\n\t\t<\/section>\n\t\t\t\t<section class=\"elementor-section elementor-top-section elementor-element elementor-element-9275500 elementor-section-boxed elementor-section-height-default elementor-section-height-default\" data-id=\"9275500\" data-element_type=\"section\" data-e-type=\"section\">\n\t\t\t\t\t\t<div class=\"elementor-container elementor-column-gap-default\">\n\t\t\t\t\t<div class=\"elementor-column elementor-col-100 elementor-top-column elementor-element elementor-element-7cb50e5\" data-id=\"7cb50e5\" data-element_type=\"column\" data-e-type=\"column\">\n\t\t\t<div class=\"elementor-widget-wrap elementor-element-populated\">\n\t\t\t\t\t\t<div class=\"elementor-element elementor-element-0f3a8fc elementor-widget elementor-widget-heading\" data-id=\"0f3a8fc\" data-element_type=\"widget\" data-e-type=\"widget\" data-widget_type=\"heading.default\">\n\t\t\t\t<div class=\"elementor-widget-container\">\n\t\t\t\t\t<h3 class=\"elementor-heading-title elementor-size-default\">Para consultas, puedes escribirnos a info@armagallery.com<\/h3>\t\t\t\t<\/div>\n\t\t\t\t<\/div>\n\t\t\t\t\t<\/div>\n\t\t<\/div>\n\t\t\t\t\t<\/div>\n\t\t<\/section>\n\t\t\t\t<section class=\"elementor-section elementor-top-section elementor-element elementor-element-70cb82c elementor-section-boxed elementor-section-height-default elementor-section-height-default\" data-id=\"70cb82c\" data-element_type=\"section\" data-e-type=\"section\">\n\t\t\t\t\t\t<div class=\"elementor-container elementor-column-gap-default\">\n\t\t\t\t\t<div class=\"elementor-column elementor-col-100 elementor-top-column elementor-element elementor-element-7d84cc7\" data-id=\"7d84cc7\" data-element_type=\"column\" data-e-type=\"column\">\n\t\t\t<div class=\"elementor-widget-wrap elementor-element-populated\">\n\t\t\t\t\t\t<div class=\"elementor-element elementor-element-727a36e elementor-widget elementor-widget-heading\" data-id=\"727a36e\" data-element_type=\"widget\" data-e-type=\"widget\" data-widget_type=\"heading.default\">\n\t\t\t\t<div class=\"elementor-widget-container\">\n\t\t\t\t\t<h2 class=\"elementor-heading-title elementor-size-default\">CV<\/h2>\t\t\t\t<\/div>\n\t\t\t\t<\/div>\n\t\t\t\t\t<\/div>\n\t\t<\/div>\n\t\t\t\t\t<\/div>\n\t\t<\/section>\n\t\t<div class=\"elementor-element elementor-element-d6620b7 e-flex e-con-boxed e-con e-parent\" data-id=\"d6620b7\" data-element_type=\"container\" data-e-type=\"container\">\n\t\t\t\t\t<div class=\"e-con-inner\">\n\t\t\t\t<div class=\"elementor-element elementor-element-f49b1cd elementor-widget elementor-widget-html\" data-id=\"f49b1cd\" data-element_type=\"widget\" data-e-type=\"widget\" data-widget_type=\"html.default\">\n\t\t\t\t<div class=\"elementor-widget-container\">\n\t\t\t\t\t<iframe src=\"https:\/\/docs.google.com\/spreadsheets\/d\/e\/2PACX-1vQXIXzJa586FI85KJGuYhBHwkzzE2qRtkJ5AQQa6K9bV7yNJvg3SwEu4uqkvpod0r3yBkKWlmWijO4X\/pubhtml\" width=\"100%\" height=\"100%\"><\/iframe>\r\n\t\t\t\t<\/div>\n\t\t\t\t<\/div>\n\t\t\t\t\t<\/div>\n\t\t\t\t<\/div>\n\t\t\t\t<\/div>\n\t\t","protected":false},"excerpt":{"rendered":"<p>Juana Gonz\u00e1lez BIOGRAF\u00cdA OBRAS CONTACTO CV Juana Gonz\u00e1lez (Puertollano, 1972) licenciada en Bellas Artes por la Universidad Complutense de Madrid (2005).Desarrolla su trabajo en el terreno de la pintura y el dibujo. Sus pinturas son puestas en escena de composici\u00f3n barroca, con un lenguaje que camina entre el surrealismo y el expresionismo dentro de la [&hellip;]<\/p>\n","protected":false},"author":4,"featured_media":7710,"parent":0,"menu_order":0,"comment_status":"closed","ping_status":"closed","template":"","meta":{"footnotes":""},"class_list":["post-3721","page","type-page","status-publish","has-post-thumbnail","hentry"],"_links":{"self":[{"href":"https:\/\/www.armagallery.com\/es\/wp-json\/wp\/v2\/pages\/3721","targetHints":{"allow":["GET"]}}],"collection":[{"href":"https:\/\/www.armagallery.com\/es\/wp-json\/wp\/v2\/pages"}],"about":[{"href":"https:\/\/www.armagallery.com\/es\/wp-json\/wp\/v2\/types\/page"}],"author":[{"embeddable":true,"href":"https:\/\/www.armagallery.com\/es\/wp-json\/wp\/v2\/users\/4"}],"replies":[{"embeddable":true,"href":"https:\/\/www.armagallery.com\/es\/wp-json\/wp\/v2\/comments?post=3721"}],"version-history":[{"count":2,"href":"https:\/\/www.armagallery.com\/es\/wp-json\/wp\/v2\/pages\/3721\/revisions"}],"predecessor-version":[{"id":8286,"href":"https:\/\/www.armagallery.com\/es\/wp-json\/wp\/v2\/pages\/3721\/revisions\/8286"}],"wp:featuredmedia":[{"embeddable":true,"href":"https:\/\/www.armagallery.com\/es\/wp-json\/"}],"wp:attachment":[{"href":"https:\/\/www.armagallery.com\/es\/wp-json\/wp\/v2\/media?parent=3721"}],"curies":[{"name":"wp","href":"https:\/\/api.w.org\/{rel}","templated":true}]}}